{"id":353,"date":"2022-10-06T08:14:47","date_gmt":"2022-10-06T08:14:47","guid":{"rendered":"https:\/\/hotelmaritan.it\/homepage\/"},"modified":"2023-10-26T15:42:51","modified_gmt":"2023-10-26T15:42:51","slug":"homepage","status":"publish","type":"page","link":"https:\/\/hotelmaritan.it\/fr\/","title":{"rendered":"Homepage"},"content":{"rendered":"","protected":false},"excerpt":{"rendered":"","protected":false},"author":1,"featured_media":0,"parent":0,"menu_order":0,"comment_status":"closed","ping_status":"closed","template":"","meta":{"_acf_changed":false,"footnotes":""},"class_list":["post-353","page","type-page","status-publish","hentry"],"acf":[],"yoast_head":"<!-- This site is optimized with the Yoast SEO plugin v27.3 - https:\/\/yoast.com\/product\/yoast-seo-wordpress\/ -->\n<title>H\u00f4tel Maritan 3 \u00e9toiles \u00e0 Padoue | H\u00f4tel Padoue | SITE OFFICIEL<\/title>\n<meta name=\"description\" content=\"H\u00f4tel \u00e0 Padoue - L&#039;H\u00f4tel Maritan 3 \u00e9toiles se trouve dans le centre de Padoue, pr\u00e8s de l&#039;h\u00f4pital et de la Foire ; nous offrons un grand parking priv\u00e9.\" \/>\n<meta name=\"robots\" content=\"index, follow, max-snippet:-1, max-image-preview:large, max-video-preview:-1\" \/>\n<link rel=\"canonical\" href=\"https:\/\/hotelmaritan.it\/fr\/\" \/>\n<meta property=\"og:locale\" content=\"fr_FR\" \/>\n<meta property=\"og:type\" content=\"article\" \/>\n<meta property=\"og:title\" content=\"H\u00f4tel Maritan 3 \u00e9toiles \u00e0 Padoue | H\u00f4tel Padoue | SITE OFFICIEL\" \/>\n<meta property=\"og:description\" content=\"H\u00f4tel \u00e0 Padoue - L&#039;H\u00f4tel Maritan 3 \u00e9toiles se trouve dans le centre de Padoue, pr\u00e8s de l&#039;h\u00f4pital et de la Foire ; nous offrons un grand parking priv\u00e9.\" \/>\n<meta property=\"og:url\" content=\"https:\/\/hotelmaritan.it\/fr\/\" \/>\n<meta property=\"og:site_name\" content=\"Hotel Maritan Padova\" \/>\n<meta property=\"article:publisher\" content=\"https:\/\/www.facebook.com\/hotelmaritan\/\" \/>\n<meta property=\"article:modified_time\" content=\"2023-10-26T15:42:51+00:00\" \/>\n<meta name=\"twitter:card\" content=\"summary_large_image\" \/>\n<meta name=\"twitter:site\" content=\"@HotelMaritan\" \/>\n<script type=\"application\/ld+json\" class=\"yoast-schema-graph\">{\"@context\":\"https:\\\/\\\/schema.org\",\"@graph\":[{\"@type\":\"WebPage\",\"@id\":\"https:\\\/\\\/hotelmaritan.it\\\/fr\\\/\",\"url\":\"https:\\\/\\\/hotelmaritan.it\\\/fr\\\/\",\"name\":\"H\u00f4tel Maritan 3 \u00e9toiles \u00e0 Padoue | H\u00f4tel Padoue | SITE OFFICIEL\",\"isPartOf\":{\"@id\":\"https:\\\/\\\/hotelmaritan.it\\\/fr\\\/#website\"},\"datePublished\":\"2022-10-06T08:14:47+00:00\",\"dateModified\":\"2023-10-26T15:42:51+00:00\",\"description\":\"H\u00f4tel \u00e0 Padoue - L'H\u00f4tel Maritan 3 \u00e9toiles se trouve dans le centre de Padoue, pr\u00e8s de l'h\u00f4pital et de la Foire ; nous offrons un grand parking priv\u00e9.\",\"breadcrumb\":{\"@id\":\"https:\\\/\\\/hotelmaritan.it\\\/fr\\\/#breadcrumb\"},\"inLanguage\":\"fr-FR\",\"potentialAction\":[{\"@type\":\"ReadAction\",\"target\":[\"https:\\\/\\\/hotelmaritan.it\\\/fr\\\/\"]}]},{\"@type\":\"BreadcrumbList\",\"@id\":\"https:\\\/\\\/hotelmaritan.it\\\/fr\\\/#breadcrumb\",\"itemListElement\":[{\"@type\":\"ListItem\",\"position\":1,\"name\":\"Home\",\"item\":\"https:\\\/\\\/hotelmaritan.it\\\/fr\\\/\"},{\"@type\":\"ListItem\",\"position\":2,\"name\":\"Homepage\"}]},{\"@type\":\"WebSite\",\"@id\":\"https:\\\/\\\/hotelmaritan.it\\\/fr\\\/#website\",\"url\":\"https:\\\/\\\/hotelmaritan.it\\\/fr\\\/\",\"name\":\"Hotel Maritan Padova\",\"description\":\"A Padova come essere a casa\",\"publisher\":{\"@id\":\"https:\\\/\\\/hotelmaritan.it\\\/fr\\\/#organization\"},\"potentialAction\":[{\"@type\":\"SearchAction\",\"target\":{\"@type\":\"EntryPoint\",\"urlTemplate\":\"https:\\\/\\\/hotelmaritan.it\\\/fr\\\/?s={search_term_string}\"},\"query-input\":{\"@type\":\"PropertyValueSpecification\",\"valueRequired\":true,\"valueName\":\"search_term_string\"}}],\"inLanguage\":\"fr-FR\"},{\"@type\":\"Organization\",\"@id\":\"https:\\\/\\\/hotelmaritan.it\\\/fr\\\/#organization\",\"name\":\"Hotel Maritan Padoue\",\"url\":\"https:\\\/\\\/hotelmaritan.it\\\/fr\\\/\",\"logo\":{\"@type\":\"ImageObject\",\"inLanguage\":\"fr-FR\",\"@id\":\"https:\\\/\\\/hotelmaritan.it\\\/fr\\\/#\\\/schema\\\/logo\\\/image\\\/\",\"url\":\"https:\\\/\\\/hotelmaritan.it\\\/wp-content\\\/uploads\\\/2022\\\/12\\\/logo-maritan.svg\",\"contentUrl\":\"https:\\\/\\\/hotelmaritan.it\\\/wp-content\\\/uploads\\\/2022\\\/12\\\/logo-maritan.svg\",\"width\":112,\"height\":67,\"caption\":\"Hotel Maritan Padoue\"},\"image\":{\"@id\":\"https:\\\/\\\/hotelmaritan.it\\\/fr\\\/#\\\/schema\\\/logo\\\/image\\\/\"},\"sameAs\":[\"https:\\\/\\\/www.facebook.com\\\/hotelmaritan\\\/\",\"https:\\\/\\\/x.com\\\/HotelMaritan\",\"https:\\\/\\\/www.instagram.com\\\/hotelmaritan\\\/?hl=it\",\"https:\\\/\\\/www.linkedin.com\\\/in\\\/hotel-maritan-padova-56ab2a63\\\/\"]}]}<\/script>\n<!-- \/ Yoast SEO plugin. -->","yoast_head_json":{"title":"H\u00f4tel Maritan 3 \u00e9toiles \u00e0 Padoue | H\u00f4tel Padoue | SITE OFFICIEL","description":"H\u00f4tel \u00e0 Padoue - L'H\u00f4tel Maritan 3 \u00e9toiles se trouve dans le centre de Padoue, pr\u00e8s de l'h\u00f4pital et de la Foire ; nous offrons un grand parking priv\u00e9.","robots":{"index":"index","follow":"follow","max-snippet":"max-snippet:-1","max-image-preview":"max-image-preview:large","max-video-preview":"max-video-preview:-1"},"canonical":"https:\/\/hotelmaritan.it\/fr\/","og_locale":"fr_FR","og_type":"article","og_title":"H\u00f4tel Maritan 3 \u00e9toiles \u00e0 Padoue | H\u00f4tel Padoue | SITE OFFICIEL","og_description":"H\u00f4tel \u00e0 Padoue - L'H\u00f4tel Maritan 3 \u00e9toiles se trouve dans le centre de Padoue, pr\u00e8s de l'h\u00f4pital et de la Foire ; nous offrons un grand parking priv\u00e9.","og_url":"https:\/\/hotelmaritan.it\/fr\/","og_site_name":"Hotel Maritan Padova","article_publisher":"https:\/\/www.facebook.com\/hotelmaritan\/","article_modified_time":"2023-10-26T15:42:51+00:00","twitter_card":"summary_large_image","twitter_site":"@HotelMaritan","schema":{"@context":"https:\/\/schema.org","@graph":[{"@type":"WebPage","@id":"https:\/\/hotelmaritan.it\/fr\/","url":"https:\/\/hotelmaritan.it\/fr\/","name":"H\u00f4tel Maritan 3 \u00e9toiles \u00e0 Padoue | H\u00f4tel Padoue | SITE OFFICIEL","isPartOf":{"@id":"https:\/\/hotelmaritan.it\/fr\/#website"},"datePublished":"2022-10-06T08:14:47+00:00","dateModified":"2023-10-26T15:42:51+00:00","description":"H\u00f4tel \u00e0 Padoue - L'H\u00f4tel Maritan 3 \u00e9toiles se trouve dans le centre de Padoue, pr\u00e8s de l'h\u00f4pital et de la Foire ; nous offrons un grand parking priv\u00e9.","breadcrumb":{"@id":"https:\/\/hotelmaritan.it\/fr\/#breadcrumb"},"inLanguage":"fr-FR","potentialAction":[{"@type":"ReadAction","target":["https:\/\/hotelmaritan.it\/fr\/"]}]},{"@type":"BreadcrumbList","@id":"https:\/\/hotelmaritan.it\/fr\/#breadcrumb","itemListElement":[{"@type":"ListItem","position":1,"name":"Home","item":"https:\/\/hotelmaritan.it\/fr\/"},{"@type":"ListItem","position":2,"name":"Homepage"}]},{"@type":"WebSite","@id":"https:\/\/hotelmaritan.it\/fr\/#website","url":"https:\/\/hotelmaritan.it\/fr\/","name":"Hotel Maritan Padova","description":"A Padova come essere a casa","publisher":{"@id":"https:\/\/hotelmaritan.it\/fr\/#organization"},"potentialAction":[{"@type":"SearchAction","target":{"@type":"EntryPoint","urlTemplate":"https:\/\/hotelmaritan.it\/fr\/?s={search_term_string}"},"query-input":{"@type":"PropertyValueSpecification","valueRequired":true,"valueName":"search_term_string"}}],"inLanguage":"fr-FR"},{"@type":"Organization","@id":"https:\/\/hotelmaritan.it\/fr\/#organization","name":"Hotel Maritan Padoue","url":"https:\/\/hotelmaritan.it\/fr\/","logo":{"@type":"ImageObject","inLanguage":"fr-FR","@id":"https:\/\/hotelmaritan.it\/fr\/#\/schema\/logo\/image\/","url":"https:\/\/hotelmaritan.it\/wp-content\/uploads\/2022\/12\/logo-maritan.svg","contentUrl":"https:\/\/hotelmaritan.it\/wp-content\/uploads\/2022\/12\/logo-maritan.svg","width":112,"height":67,"caption":"Hotel Maritan Padoue"},"image":{"@id":"https:\/\/hotelmaritan.it\/fr\/#\/schema\/logo\/image\/"},"sameAs":["https:\/\/www.facebook.com\/hotelmaritan\/","https:\/\/x.com\/HotelMaritan","https:\/\/www.instagram.com\/hotelmaritan\/?hl=it","https:\/\/www.linkedin.com\/in\/hotel-maritan-padova-56ab2a63\/"]}]}},"_links":{"self":[{"href":"https:\/\/hotelmaritan.it\/fr\/wp-json\/wp\/v2\/pages\/353","targetHints":{"allow":["GET"]}}],"collection":[{"href":"https:\/\/hotelmaritan.it\/fr\/wp-json\/wp\/v2\/pages"}],"about":[{"href":"https:\/\/hotelmaritan.it\/fr\/wp-json\/wp\/v2\/types\/page"}],"author":[{"embeddable":true,"href":"https:\/\/hotelmaritan.it\/fr\/wp-json\/wp\/v2\/users\/1"}],"replies":[{"embeddable":true,"href":"https:\/\/hotelmaritan.it\/fr\/wp-json\/wp\/v2\/comments?post=353"}],"version-history":[{"count":41,"href":"https:\/\/hotelmaritan.it\/fr\/wp-json\/wp\/v2\/pages\/353\/revisions"}],"predecessor-version":[{"id":2500,"href":"https:\/\/hotelmaritan.it\/fr\/wp-json\/wp\/v2\/pages\/353\/revisions\/2500"}],"wp:attachment":[{"href":"https:\/\/hotelmaritan.it\/fr\/wp-json\/wp\/v2\/media?parent=353"}],"curies":[{"name":"wp","href":"https:\/\/api.w.org\/{rel}","templated":true}]}}