{"id":2856,"date":"2024-04-19T11:55:50","date_gmt":"2024-04-19T11:55:50","guid":{"rendered":"https:\/\/hotelmaritan.it\/?page_id=2856"},"modified":"2024-04-19T12:26:50","modified_gmt":"2024-04-19T12:26:50","slug":"qui-sommes-nous","status":"publish","type":"page","link":"https:\/\/hotelmaritan.it\/fr\/qui-sommes-nous\/","title":{"rendered":"Qui sommes-nous"},"content":{"rendered":"\n<p><strong>G\u00e9r\u00e9 par une famille passionn\u00e9e depuis 1984.<\/strong><\/p>\n\n\n\n<p>Situ\u00e9 au c\u0153ur de Padoue, l&rsquo;H\u00f4tel Maritan est une structure accueillante g\u00e9r\u00e9e par une famille qui a le plaisir de vous offrir un s\u00e9jour inoubliable depuis 1984. Propri\u00e9t\u00e9 de la famille Mazzucato depuis trois g\u00e9n\u00e9rations, l&rsquo;h\u00f4tel a \u00e9t\u00e9 constamment agrandi et r\u00e9nov\u00e9 au fil des ans pour garantir \u00e0 nos clients un environnement confortable et accueillant.<\/p>\n\n\n\n<p>Nous nous engageons chaque jour \u00e0 offrir un service de haute qualit\u00e9 et \u00e0 r\u00e9pondre aux besoins de chaque client. Notre personnel amical et attentif est toujours pr\u00eat \u00e0 vous assister et \u00e0 rendre votre s\u00e9jour le plus agr\u00e9able possible.<\/p>\n\n\n\n<p>\u00c0 l&rsquo;H\u00f4tel Maritan, vous trouverez des chambres r\u00e9cemment r\u00e9nov\u00e9es dot\u00e9es de tout le confort, une merveilleuse zone de bien-\u00eatre, et plusieurs espaces communs, dont une salle de petit-d\u00e9jeuner accueillante o\u00f9 vous pourrez savourer un d\u00e9licieux petit-d\u00e9jeuner pr\u00e9par\u00e9 avec des ingr\u00e9dients frais et de haute qualit\u00e9.<\/p>\n\n\n\n<p>Nous sommes fiers de notre longue histoire dans le secteur de l&rsquo;h\u00f4tellerie et nous engageons \u00e0 maintenir les standards \u00e9lev\u00e9s qui nous distinguent. Chaque client est important pour nous et nous ferons de notre mieux pour garantir que votre s\u00e9jour soit m\u00e9morable.<\/p>\n\n\n\n<p>Merci pour la confiance et le soutien que vous nous avez accord\u00e9s au fil des ans ; sans vous, nous ne serions pas ce que nous sommes maintenant.<\/p>\n","protected":false},"excerpt":{"rendered":"<p>G\u00e9r\u00e9 par une famille passionn\u00e9e depuis 1984. Situ\u00e9 au c\u0153ur de Padoue, l&rsquo;H\u00f4tel Maritan est une structure accueillante g\u00e9r\u00e9e par une famille qui a le plaisir de vous offrir un s\u00e9jour inoubliable depuis 1984. Propri\u00e9t\u00e9 de la famille Mazzucato depuis trois g\u00e9n\u00e9rations, l&rsquo;h\u00f4tel a \u00e9t\u00e9 constamment agrandi et r\u00e9nov\u00e9 au fil des ans pour garantir [&hellip;]<\/p>\n","protected":false},"author":1,"featured_media":2865,"parent":0,"menu_order":0,"comment_status":"closed","ping_status":"closed","template":"","meta":{"_acf_changed":false,"footnotes":""},"class_list":["post-2856","page","type-page","status-publish","has-post-thumbnail","hentry"],"acf":[],"yoast_head":"<!-- This site is optimized with the Yoast SEO plugin v25.0 - https:\/\/yoast.com\/wordpress\/plugins\/seo\/ -->\n<title>Qui sommes-nous - Hotel Maritan Padova<\/title>\n<meta name=\"description\" content=\"Situ\u00e9 au c\u0153ur de Padoue, l&#039;H\u00f4tel Maritan est une structure accueillante g\u00e9r\u00e9e par une famille qui a le plaisir de vous offrir un s\u00e9jour inoubliable depuis 1984.\" \/>\n<meta name=\"robots\" content=\"index, follow, max-snippet:-1, max-image-preview:large, max-video-preview:-1\" \/>\n<link rel=\"canonical\" href=\"https:\/\/hotelmaritan.it\/fr\/qui-sommes-nous\/\" \/>\n<meta property=\"og:locale\" content=\"fr_FR\" \/>\n<meta property=\"og:type\" content=\"article\" \/>\n<meta property=\"og:title\" content=\"Qui sommes-nous - Hotel Maritan Padova\" \/>\n<meta property=\"og:description\" content=\"Situ\u00e9 au c\u0153ur de Padoue, l&#039;H\u00f4tel Maritan est une structure accueillante g\u00e9r\u00e9e par une famille qui a le plaisir de vous offrir un s\u00e9jour inoubliable depuis 1984.\" \/>\n<meta property=\"og:url\" content=\"https:\/\/hotelmaritan.it\/fr\/qui-sommes-nous\/\" \/>\n<meta property=\"og:site_name\" content=\"Hotel Maritan Padova\" \/>\n<meta property=\"article:publisher\" content=\"https:\/\/www.facebook.com\/hotelmaritan\/\" \/>\n<meta property=\"article:modified_time\" content=\"2024-04-19T12:26:50+00:00\" \/>\n<meta property=\"og:image\" content=\"https:\/\/hotelmaritan.it\/wp-content\/uploads\/2024\/04\/chi-siamo-maritan.webp\" \/>\n\t<meta property=\"og:image:width\" content=\"1920\" \/>\n\t<meta property=\"og:image:height\" content=\"862\" \/>\n\t<meta property=\"og:image:type\" content=\"image\/webp\" \/>\n<meta name=\"twitter:card\" content=\"summary_large_image\" \/>\n<meta name=\"twitter:site\" content=\"@HotelMaritan\" \/>\n<meta name=\"twitter:label1\" content=\"Dur\u00e9e de lecture estim\u00e9e\" \/>\n\t<meta name=\"twitter:data1\" content=\"2 minutes\" \/>\n<script type=\"application\/ld+json\" class=\"yoast-schema-graph\">{\"@context\":\"https:\/\/schema.org\",\"@graph\":[{\"@type\":\"WebPage\",\"@id\":\"https:\/\/hotelmaritan.it\/fr\/qui-sommes-nous\/\",\"url\":\"https:\/\/hotelmaritan.it\/fr\/qui-sommes-nous\/\",\"name\":\"Qui sommes-nous - Hotel Maritan Padova\",\"isPartOf\":{\"@id\":\"https:\/\/hotelmaritan.it\/fr\/#website\"},\"primaryImageOfPage\":{\"@id\":\"https:\/\/hotelmaritan.it\/fr\/qui-sommes-nous\/#primaryimage\"},\"image\":{\"@id\":\"https:\/\/hotelmaritan.it\/fr\/qui-sommes-nous\/#primaryimage\"},\"thumbnailUrl\":\"https:\/\/hotelmaritan.it\/wp-content\/uploads\/2024\/04\/chi-siamo-maritan-e1733582308375.webp\",\"datePublished\":\"2024-04-19T11:55:50+00:00\",\"dateModified\":\"2024-04-19T12:26:50+00:00\",\"description\":\"Situ\u00e9 au c\u0153ur de Padoue, l'H\u00f4tel Maritan est une structure accueillante g\u00e9r\u00e9e par une famille qui a le plaisir de vous offrir un s\u00e9jour inoubliable depuis 1984.\",\"breadcrumb\":{\"@id\":\"https:\/\/hotelmaritan.it\/fr\/qui-sommes-nous\/#breadcrumb\"},\"inLanguage\":\"fr-FR\",\"potentialAction\":[{\"@type\":\"ReadAction\",\"target\":[\"https:\/\/hotelmaritan.it\/fr\/qui-sommes-nous\/\"]}]},{\"@type\":\"ImageObject\",\"inLanguage\":\"fr-FR\",\"@id\":\"https:\/\/hotelmaritan.it\/fr\/qui-sommes-nous\/#primaryimage\",\"url\":\"https:\/\/hotelmaritan.it\/wp-content\/uploads\/2024\/04\/chi-siamo-maritan-e1733582308375.webp\",\"contentUrl\":\"https:\/\/hotelmaritan.it\/wp-content\/uploads\/2024\/04\/chi-siamo-maritan-e1733582308375.webp\",\"width\":1920,\"height\":862},{\"@type\":\"BreadcrumbList\",\"@id\":\"https:\/\/hotelmaritan.it\/fr\/qui-sommes-nous\/#breadcrumb\",\"itemListElement\":[{\"@type\":\"ListItem\",\"position\":1,\"name\":\"Home\",\"item\":\"https:\/\/hotelmaritan.it\/fr\/\"},{\"@type\":\"ListItem\",\"position\":2,\"name\":\"Qui sommes-nous\"}]},{\"@type\":\"WebSite\",\"@id\":\"https:\/\/hotelmaritan.it\/fr\/#website\",\"url\":\"https:\/\/hotelmaritan.it\/fr\/\",\"name\":\"Hotel Maritan Padova\",\"description\":\"A Padova come essere a casa\",\"publisher\":{\"@id\":\"https:\/\/hotelmaritan.it\/fr\/#organization\"},\"potentialAction\":[{\"@type\":\"SearchAction\",\"target\":{\"@type\":\"EntryPoint\",\"urlTemplate\":\"https:\/\/hotelmaritan.it\/fr\/?s={search_term_string}\"},\"query-input\":{\"@type\":\"PropertyValueSpecification\",\"valueRequired\":true,\"valueName\":\"search_term_string\"}}],\"inLanguage\":\"fr-FR\"},{\"@type\":\"Organization\",\"@id\":\"https:\/\/hotelmaritan.it\/fr\/#organization\",\"name\":\"Hotel Maritan Padoue\",\"url\":\"https:\/\/hotelmaritan.it\/fr\/\",\"logo\":{\"@type\":\"ImageObject\",\"inLanguage\":\"fr-FR\",\"@id\":\"https:\/\/hotelmaritan.it\/fr\/#\/schema\/logo\/image\/\",\"url\":\"https:\/\/hotelmaritan.it\/wp-content\/uploads\/2022\/12\/logo-maritan.svg\",\"contentUrl\":\"https:\/\/hotelmaritan.it\/wp-content\/uploads\/2022\/12\/logo-maritan.svg\",\"width\":112,\"height\":67,\"caption\":\"Hotel Maritan Padoue\"},\"image\":{\"@id\":\"https:\/\/hotelmaritan.it\/fr\/#\/schema\/logo\/image\/\"},\"sameAs\":[\"https:\/\/www.facebook.com\/hotelmaritan\/\",\"https:\/\/x.com\/HotelMaritan\",\"https:\/\/www.instagram.com\/hotelmaritan\/?hl=it\",\"https:\/\/www.linkedin.com\/in\/hotel-maritan-padova-56ab2a63\/\"]}]}<\/script>\n<!-- \/ Yoast SEO plugin. -->","yoast_head_json":{"title":"Qui sommes-nous - Hotel Maritan Padova","description":"Situ\u00e9 au c\u0153ur de Padoue, l'H\u00f4tel Maritan est une structure accueillante g\u00e9r\u00e9e par une famille qui a le plaisir de vous offrir un s\u00e9jour inoubliable depuis 1984.","robots":{"index":"index","follow":"follow","max-snippet":"max-snippet:-1","max-image-preview":"max-image-preview:large","max-video-preview":"max-video-preview:-1"},"canonical":"https:\/\/hotelmaritan.it\/fr\/qui-sommes-nous\/","og_locale":"fr_FR","og_type":"article","og_title":"Qui sommes-nous - Hotel Maritan Padova","og_description":"Situ\u00e9 au c\u0153ur de Padoue, l'H\u00f4tel Maritan est une structure accueillante g\u00e9r\u00e9e par une famille qui a le plaisir de vous offrir un s\u00e9jour inoubliable depuis 1984.","og_url":"https:\/\/hotelmaritan.it\/fr\/qui-sommes-nous\/","og_site_name":"Hotel Maritan Padova","article_publisher":"https:\/\/www.facebook.com\/hotelmaritan\/","article_modified_time":"2024-04-19T12:26:50+00:00","og_image":[{"width":1920,"height":862,"url":"https:\/\/hotelmaritan.it\/wp-content\/uploads\/2024\/04\/chi-siamo-maritan.webp","type":"image\/webp"}],"twitter_card":"summary_large_image","twitter_site":"@HotelMaritan","twitter_misc":{"Dur\u00e9e de lecture estim\u00e9e":"2 minutes"},"schema":{"@context":"https:\/\/schema.org","@graph":[{"@type":"WebPage","@id":"https:\/\/hotelmaritan.it\/fr\/qui-sommes-nous\/","url":"https:\/\/hotelmaritan.it\/fr\/qui-sommes-nous\/","name":"Qui sommes-nous - Hotel Maritan Padova","isPartOf":{"@id":"https:\/\/hotelmaritan.it\/fr\/#website"},"primaryImageOfPage":{"@id":"https:\/\/hotelmaritan.it\/fr\/qui-sommes-nous\/#primaryimage"},"image":{"@id":"https:\/\/hotelmaritan.it\/fr\/qui-sommes-nous\/#primaryimage"},"thumbnailUrl":"https:\/\/hotelmaritan.it\/wp-content\/uploads\/2024\/04\/chi-siamo-maritan-e1733582308375.webp","datePublished":"2024-04-19T11:55:50+00:00","dateModified":"2024-04-19T12:26:50+00:00","description":"Situ\u00e9 au c\u0153ur de Padoue, l'H\u00f4tel Maritan est une structure accueillante g\u00e9r\u00e9e par une famille qui a le plaisir de vous offrir un s\u00e9jour inoubliable depuis 1984.","breadcrumb":{"@id":"https:\/\/hotelmaritan.it\/fr\/qui-sommes-nous\/#breadcrumb"},"inLanguage":"fr-FR","potentialAction":[{"@type":"ReadAction","target":["https:\/\/hotelmaritan.it\/fr\/qui-sommes-nous\/"]}]},{"@type":"ImageObject","inLanguage":"fr-FR","@id":"https:\/\/hotelmaritan.it\/fr\/qui-sommes-nous\/#primaryimage","url":"https:\/\/hotelmaritan.it\/wp-content\/uploads\/2024\/04\/chi-siamo-maritan-e1733582308375.webp","contentUrl":"https:\/\/hotelmaritan.it\/wp-content\/uploads\/2024\/04\/chi-siamo-maritan-e1733582308375.webp","width":1920,"height":862},{"@type":"BreadcrumbList","@id":"https:\/\/hotelmaritan.it\/fr\/qui-sommes-nous\/#breadcrumb","itemListElement":[{"@type":"ListItem","position":1,"name":"Home","item":"https:\/\/hotelmaritan.it\/fr\/"},{"@type":"ListItem","position":2,"name":"Qui sommes-nous"}]},{"@type":"WebSite","@id":"https:\/\/hotelmaritan.it\/fr\/#website","url":"https:\/\/hotelmaritan.it\/fr\/","name":"Hotel Maritan Padova","description":"A Padova come essere a casa","publisher":{"@id":"https:\/\/hotelmaritan.it\/fr\/#organization"},"potentialAction":[{"@type":"SearchAction","target":{"@type":"EntryPoint","urlTemplate":"https:\/\/hotelmaritan.it\/fr\/?s={search_term_string}"},"query-input":{"@type":"PropertyValueSpecification","valueRequired":true,"valueName":"search_term_string"}}],"inLanguage":"fr-FR"},{"@type":"Organization","@id":"https:\/\/hotelmaritan.it\/fr\/#organization","name":"Hotel Maritan Padoue","url":"https:\/\/hotelmaritan.it\/fr\/","logo":{"@type":"ImageObject","inLanguage":"fr-FR","@id":"https:\/\/hotelmaritan.it\/fr\/#\/schema\/logo\/image\/","url":"https:\/\/hotelmaritan.it\/wp-content\/uploads\/2022\/12\/logo-maritan.svg","contentUrl":"https:\/\/hotelmaritan.it\/wp-content\/uploads\/2022\/12\/logo-maritan.svg","width":112,"height":67,"caption":"Hotel Maritan Padoue"},"image":{"@id":"https:\/\/hotelmaritan.it\/fr\/#\/schema\/logo\/image\/"},"sameAs":["https:\/\/www.facebook.com\/hotelmaritan\/","https:\/\/x.com\/HotelMaritan","https:\/\/www.instagram.com\/hotelmaritan\/?hl=it","https:\/\/www.linkedin.com\/in\/hotel-maritan-padova-56ab2a63\/"]}]}},"_links":{"self":[{"href":"https:\/\/hotelmaritan.it\/fr\/wp-json\/wp\/v2\/pages\/2856"}],"collection":[{"href":"https:\/\/hotelmaritan.it\/fr\/wp-json\/wp\/v2\/pages"}],"about":[{"href":"https:\/\/hotelmaritan.it\/fr\/wp-json\/wp\/v2\/types\/page"}],"author":[{"embeddable":true,"href":"https:\/\/hotelmaritan.it\/fr\/wp-json\/wp\/v2\/users\/1"}],"replies":[{"embeddable":true,"href":"https:\/\/hotelmaritan.it\/fr\/wp-json\/wp\/v2\/comments?post=2856"}],"version-history":[{"count":1,"href":"https:\/\/hotelmaritan.it\/fr\/wp-json\/wp\/v2\/pages\/2856\/revisions"}],"predecessor-version":[{"id":2857,"href":"https:\/\/hotelmaritan.it\/fr\/wp-json\/wp\/v2\/pages\/2856\/revisions\/2857"}],"wp:featuredmedia":[{"embeddable":true,"href":"https:\/\/hotelmaritan.it\/fr\/wp-json\/wp\/v2\/media\/2865"}],"wp:attachment":[{"href":"https:\/\/hotelmaritan.it\/fr\/wp-json\/wp\/v2\/media?parent=2856"}],"curies":[{"name":"wp","href":"https:\/\/api.w.org\/{rel}","templated":true}]}}