{"id":1843,"date":"2022-10-18T14:30:48","date_gmt":"2022-10-18T14:30:48","guid":{"rendered":"https:\/\/hotelmaritan.it\/privacy-policy-2\/"},"modified":"2023-03-06T10:46:33","modified_gmt":"2023-03-06T10:46:33","slug":"privacy-policy","status":"publish","type":"page","link":"https:\/\/hotelmaritan.it\/fr\/privacy-policy\/","title":{"rendered":"Privacy Policy"},"content":{"rendered":"\n<p><strong>Generalit\u00e0<\/strong><\/p>\n\n\n\n<p>LUCE SRL ha sviluppato questa Policy Privacy Internet al fine di conformare la propria attivit\u00e0 a quella di soggetto fidato che assicura, rispetta e mantiene il diritto alla privacy dei Visitatori nell\u2019ambiente on-line.<\/p>\n\n\n\n<p>LUCE SRL una societ\u00e0 di diritto italiano registrata al numero PD\/449099 e con sede legale in Via Gattamelata 34 35128 Padova \u00e8 il titolare del trattamento dei dati personali eventualmente raccolti attraverso questo sito secondo quanto definito dal Regolamento Europeo GDPR 679\/2016. Il titolare tratter\u00e0 i dati eventualmente raccolti attraverso questo sito web (www.hotelmaritan.it.com) per finalit\u00e0, con modalit\u00e0 e secondo quanto specificamente illustrato nel seguito.<\/p>\n\n\n\n<p><strong>Raccolta dei dati personali e finalit\u00e0 del trattamento<\/strong><\/p>\n\n\n\n<p>LUCE SRL raccoglier\u00e0 e tratter\u00e0 solamente dati personali volontariamente forniti dai Visitatori di questo sito. I Visitatori sono in grado di navigare nel sito anche senza rivelare informazioni e dati personali. Ciascun Visitatore del sito pu\u00f2 scegliere di fornire a LUCE SRL limitati dati personali secondo quanto richiesto al fine di ottenere informazioni sui nostri servizi. Una volta registrati, i dati personali raccolti saranno utilizzati solamente per i servizi indicati nell\u2019informativa disponibile.<\/p>\n\n\n\n<p>I Visitatori del sito possono fornire i loro dati per:<\/p>\n\n\n\n<ul class=\"wp-block-list\">\n<li>iscriversi alla nostra newletter<\/li>\n\n\n\n<li>richiedere informazioni su offerte, disponibilit\u00e0 per soggiorni, eventi<\/li>\n\n\n\n<li>prenotare presso la nostra struttura un soggiorno\/vacanza o acquistare un servizio (per es.&nbsp;Wellness, ecc.)<\/li>\n<\/ul>\n\n\n\n<p><strong>Comunicazione a terzi<\/strong><\/p>\n\n\n\n<p>I dati personali non saranno oggetto di comunicazione alle altre societ\u00e0 senza un Vostro esplicito consenso, ovvero potranno essere inviati agli Enti ed Istituti per l\u2019espletamento degli obblighi di legge.<\/p>\n\n\n\n<p>LUCE SRL non raccoglie deliberatamente, attraverso il sito web, dati personali sensibili o giudiziari.<\/p>\n\n\n\n<p>I Dati sensibili, ai sensi dell\u2019art. 4 del Regolamento Europeo GDPR 679\/2016, includono i dati personali idonei a rivelare l\u2019origine razziale ed etnica, le convinzioni religiose, filosofiche o di altro genere, le opinioni politiche, l\u2019adesione a partiti, sindacati, associazioni od organizzazioni a carattere religioso, filosofico, politico o sindacale, nonch\u00e9 i dati personali idonei a rivelare lo stato di salute e la vita sessuale. I dati giudiziari, sempre ai sensi dell\u2019art. 4 del Regolamento Europeo GDPR 679\/2016, includono i dati personali idonei a rivelare provvedimenti di cui all\u2019articolo 3, comma 1, lettere da a) a o) e da r) a u), del D.P.R. 14 novembre 2002, n. 313, in materia di casellario giudiziale, di anagrafe delle sanzioni amministrative dipendenti da reato e dei relativi carichi pendenti, o la qualit\u00e0 di imputato o di indagato ai sensi degli articoli 60 e 61 del codice di procedura penale. Vi raccomandiamo di non fornire tali informazioni attraverso il nostro sito. Nel caso in cui ci\u00f2 sia necessario (ad esempio per il caso di appartenenza a categorie protette in caso di invio di curriculum vitae a fini di assunzione, in risposta ad un annuncio di lavoro o nel caso di manifestazione di interesse a lavorare da noi) vi invitiamo a trasmetterci a mezzo lettera raccomandata dichiarazione con l\u2019espressione del vostro consenso in forma scritta al trattamento di queste informazioni.<\/p>\n\n\n\n<p><strong>Collegamenti con siti terzi<\/strong><\/p>\n\n\n\n<p>Si prega di notare che&nbsp;<a href=\"https:\/\/www.hotelmaritan.it\/\">www.hotelmaritan.it<\/a>&nbsp;pu\u00f2 contenere collegamenti (links) ad altri siti i quali non sono governati da questa policy privacy.<\/p>\n\n\n\n<p><strong>Conservazione dei dati<\/strong><\/p>\n\n\n\n<p>Le informazioni e i dati personali dei Visitatori raccolti da questo sito, ivi inclusi i dati liberamente forniti al fine di ottenere l\u2019invio di materiale informativo o di altre comunicazioni scrivendo nei form di questo sito, saranno conservati al solo fine di fornire il servizio richiesto e per la durata necessaria al medesimo fine. Una volta completato il servizio, tutti i dati personali saranno distrutti in aderenza alle policy in materia di conservazione dei dati di LUCE SRL , salvo diversa richiesta dell\u2019autorit\u00e0 e salvo esigenze di conservazione stabilite dalla legge, o da quanto indicato nella presente policy \u201cmisure dell\u2019utilizzo del sito per sezioni&nbsp;<a href=\"https:\/\/www.hotelmaritan.it\/\">www.hotelmaritan.it<\/a>&nbsp;particolari del portale, o secondo sue esplicite richieste.<\/p>\n\n\n\n<p><strong>Esercizio dei diritti dell\u2019interessato<\/strong><\/p>\n\n\n\n<p>In qualsiasi momento, ai sensi dell\u2019art. 15 e seguenti del Regolamento Europeo GDPR 679\/2016, sar\u00e0 possibile verificare i propri dati personali raccolti attraverso questo sito ed eventualmente farli correggere, aggiornare o cancellare, o esercitare gli altri diritti riconosciuti per legge, scrivendo o contattando il titolare del trattamento al seguente indirizzo&nbsp;<a href=\"mailto:info@hotelmaritan.it\">info@hotelmaritan.it<\/a><\/p>\n\n\n\n<p><strong>Sicurezza dei dati<\/strong><\/p>\n\n\n\n<p>LUCE SRL protegge i dati personali attraverso l\u2019applicazione di livelli di sicurezza riconosciuti a livello internazionale, nonch\u00e9 attraverso procedure di sicurezza che proteggono I dati personali contro:<\/p>\n\n\n\n<p>o L\u2019accesso non autorizzato<\/p>\n\n\n\n<p>o L\u2019utilizzo improprio o la divulgazione<\/p>\n\n\n\n<p>o La modifica non autorizzata<\/p>\n\n\n\n<p>o La perdita o la distruzione accidentale o causata da atto illecito<\/p>\n\n\n\n<p><strong>Misure dell\u2019utilizzo del sito&nbsp;<\/strong><a href=\"https:\/\/www.hotelmaritan.it\/\">www.hotelmaritan.it<\/a><\/p>\n\n\n\n<p>Nell\u2019ambito del sito&nbsp;<a href=\"https:\/\/www.hotelmaritan.it\/\">www.hotelmaritan.it<\/a>&nbsp;vengono raccolte alcune informazioni personali relative agli accessi web a questo sito tramite l\u2019utilizzo di cookies o tramite la tracciatura di dati relativi al traffico, al tipo di browser e al computer utilizzato in relazione all\u2019indirizzo IP del visitatore. Queste informazioni sono raccolte per indagini statistiche generali e anonime.<\/p>\n\n\n\n<p>Riportiamo di seguito indicazioni specifiche riguardanti il funzionamento di sezioni particolari del presente portale:<\/p>\n\n\n\n<p><strong>Sezione RICHIESTA\/PRENOTAZIONE\/BOOKING ON LINE<\/strong><\/p>\n\n\n\n<p>Le sezioni RICHIESTA\/PRENOTA\/BOOKING ON LINE di questo sito offre la possibilit\u00e0 di richiedere informazioni su offerte, disponibilit\u00e0 per soggiorni\/vacanze o per prenotare o acquistare vacanze\/soggiorni o altri nostril servizi (per es. Wellness, ecc.). Se decidete di inviare i vostri dati personali essi saranno trattati esclusivamente per tali finalit\u00e0 da personale appositamente incaricato e secondo le normali procedure interne.<\/p>\n\n\n\n<p><strong>Sezione \u201cJOBS \u2013 LAVORA CON NOI\u201d<\/strong><\/p>\n\n\n\n<p>La sezione \u201cJOBS \u2013 LAVORA CON NOI\u201d di questo sito offre la possibilit\u00e0 di esprimere l\u2019interesse a lavorare presso la nostra azienda ovvero di rispondere ad un annuncio di lavoro per posizioni vacanti o nuove posizioni. Se decidete di inviare i vostri dati personali essi saranno trattati esclusivamente per tali finalit\u00e0 da personale appositamente incaricato e secondo le normali procedure interne di gestione del personale.<\/p>\n\n\n\n<p><strong>Iscrizione alla Newsletter<\/strong><\/p>\n\n\n\n<p>Qualora l\u2019utente del sito&nbsp;<a href=\"https:\/\/www.hotelmaritan.it\/\">www.hotelmaritan.it<\/a>&nbsp;decida di iscriversi alla nostra newsletter, dovr\u00e0 comunicare i propri dati personali (per es. indirizzo di posta elettronica, ecc.) tramite la compilazione dell\u2019apposito&nbsp;<em>form<\/em>&nbsp;presente nella sezione&nbsp;<em>\u201cnewsletter\u201d<\/em>. I dati cos\u00ec raccolti verranno trattati per l\u2019invio della newsletter e comunque come indicato nell\u2019informativa riportata a piede della pagina di registrazione al servizio.<\/p>\n\n\n\n<p><strong>Minori di anni 16<\/strong><\/p>\n\n\n\n<p>Il sito di&nbsp;www.hotelmaritan.it&nbsp;disciplinato da questa policy privacy non \u00e8 finalizzato all\u2019utilizzo da parte di minori di anni 16. Comprendiamo l\u2019importanza di proteggere le informazioni destinate ai minori, specialmente in un ambiente on-line e pertanto non raccogliamo n\u00e9 manteniamo deliberatamente dati personali riferiti a minori.<\/p>\n","protected":false},"excerpt":{"rendered":"<p>Generalit\u00e0 LUCE SRL ha sviluppato questa Policy Privacy Internet al fine di conformare la propria attivit\u00e0 a quella di soggetto fidato che assicura, rispetta e mantiene il diritto alla privacy dei Visitatori nell\u2019ambiente on-line. LUCE SRL una societ\u00e0 di diritto italiano registrata al numero PD\/449099 e con sede legale in Via Gattamelata 34 35128 Padova [&hellip;]<\/p>\n","protected":false},"author":1,"featured_media":0,"parent":0,"menu_order":0,"comment_status":"closed","ping_status":"closed","template":"","meta":{"_acf_changed":false,"footnotes":""},"class_list":["post-1843","page","type-page","status-publish","hentry"],"acf":[],"yoast_head":"<!-- This site is optimized with the Yoast SEO plugin v27.3 - https:\/\/yoast.com\/product\/yoast-seo-wordpress\/ -->\n<title>Privacy Policy - Hotel Maritan Padova<\/title>\n<meta name=\"robots\" content=\"index, follow, max-snippet:-1, max-image-preview:large, max-video-preview:-1\" \/>\n<link rel=\"canonical\" href=\"https:\/\/hotelmaritan.it\/fr\/privacy-policy\/\" \/>\n<meta property=\"og:locale\" content=\"fr_FR\" \/>\n<meta property=\"og:type\" content=\"article\" \/>\n<meta property=\"og:title\" content=\"Privacy Policy - Hotel Maritan Padova\" \/>\n<meta property=\"og:description\" content=\"Generalit\u00e0 LUCE SRL ha sviluppato questa Policy Privacy Internet al fine di conformare la propria attivit\u00e0 a quella di soggetto fidato che assicura, rispetta e mantiene il diritto alla privacy dei Visitatori nell\u2019ambiente on-line. LUCE SRL una societ\u00e0 di diritto italiano registrata al numero PD\/449099 e con sede legale in Via Gattamelata 34 35128 Padova [&hellip;]\" \/>\n<meta property=\"og:url\" content=\"https:\/\/hotelmaritan.it\/fr\/privacy-policy\/\" \/>\n<meta property=\"og:site_name\" content=\"Hotel Maritan Padova\" \/>\n<meta property=\"article:publisher\" content=\"https:\/\/www.facebook.com\/hotelmaritan\/\" \/>\n<meta property=\"article:modified_time\" content=\"2023-03-06T10:46:33+00:00\" \/>\n<meta name=\"twitter:card\" content=\"summary_large_image\" \/>\n<meta name=\"twitter:site\" content=\"@HotelMaritan\" \/>\n<meta name=\"twitter:label1\" content=\"Dur\u00e9e de lecture estim\u00e9e\" \/>\n\t<meta name=\"twitter:data1\" content=\"6 minutes\" \/>\n<script type=\"application\/ld+json\" class=\"yoast-schema-graph\">{\"@context\":\"https:\\\/\\\/schema.org\",\"@graph\":[{\"@type\":\"WebPage\",\"@id\":\"https:\\\/\\\/hotelmaritan.it\\\/fr\\\/privacy-policy\\\/\",\"url\":\"https:\\\/\\\/hotelmaritan.it\\\/fr\\\/privacy-policy\\\/\",\"name\":\"Privacy Policy - Hotel Maritan Padova\",\"isPartOf\":{\"@id\":\"https:\\\/\\\/hotelmaritan.it\\\/fr\\\/#website\"},\"datePublished\":\"2022-10-18T14:30:48+00:00\",\"dateModified\":\"2023-03-06T10:46:33+00:00\",\"breadcrumb\":{\"@id\":\"https:\\\/\\\/hotelmaritan.it\\\/fr\\\/privacy-policy\\\/#breadcrumb\"},\"inLanguage\":\"fr-FR\",\"potentialAction\":[{\"@type\":\"ReadAction\",\"target\":[\"https:\\\/\\\/hotelmaritan.it\\\/fr\\\/privacy-policy\\\/\"]}]},{\"@type\":\"BreadcrumbList\",\"@id\":\"https:\\\/\\\/hotelmaritan.it\\\/fr\\\/privacy-policy\\\/#breadcrumb\",\"itemListElement\":[{\"@type\":\"ListItem\",\"position\":1,\"name\":\"Home\",\"item\":\"https:\\\/\\\/hotelmaritan.it\\\/fr\\\/\"},{\"@type\":\"ListItem\",\"position\":2,\"name\":\"Privacy Policy\"}]},{\"@type\":\"WebSite\",\"@id\":\"https:\\\/\\\/hotelmaritan.it\\\/fr\\\/#website\",\"url\":\"https:\\\/\\\/hotelmaritan.it\\\/fr\\\/\",\"name\":\"Hotel Maritan Padova\",\"description\":\"A Padova come essere a casa\",\"publisher\":{\"@id\":\"https:\\\/\\\/hotelmaritan.it\\\/fr\\\/#organization\"},\"potentialAction\":[{\"@type\":\"SearchAction\",\"target\":{\"@type\":\"EntryPoint\",\"urlTemplate\":\"https:\\\/\\\/hotelmaritan.it\\\/fr\\\/?s={search_term_string}\"},\"query-input\":{\"@type\":\"PropertyValueSpecification\",\"valueRequired\":true,\"valueName\":\"search_term_string\"}}],\"inLanguage\":\"fr-FR\"},{\"@type\":\"Organization\",\"@id\":\"https:\\\/\\\/hotelmaritan.it\\\/fr\\\/#organization\",\"name\":\"Hotel Maritan Padoue\",\"url\":\"https:\\\/\\\/hotelmaritan.it\\\/fr\\\/\",\"logo\":{\"@type\":\"ImageObject\",\"inLanguage\":\"fr-FR\",\"@id\":\"https:\\\/\\\/hotelmaritan.it\\\/fr\\\/#\\\/schema\\\/logo\\\/image\\\/\",\"url\":\"https:\\\/\\\/hotelmaritan.it\\\/wp-content\\\/uploads\\\/2022\\\/12\\\/logo-maritan.svg\",\"contentUrl\":\"https:\\\/\\\/hotelmaritan.it\\\/wp-content\\\/uploads\\\/2022\\\/12\\\/logo-maritan.svg\",\"width\":112,\"height\":67,\"caption\":\"Hotel Maritan Padoue\"},\"image\":{\"@id\":\"https:\\\/\\\/hotelmaritan.it\\\/fr\\\/#\\\/schema\\\/logo\\\/image\\\/\"},\"sameAs\":[\"https:\\\/\\\/www.facebook.com\\\/hotelmaritan\\\/\",\"https:\\\/\\\/x.com\\\/HotelMaritan\",\"https:\\\/\\\/www.instagram.com\\\/hotelmaritan\\\/?hl=it\",\"https:\\\/\\\/www.linkedin.com\\\/in\\\/hotel-maritan-padova-56ab2a63\\\/\"]}]}<\/script>\n<!-- \/ Yoast SEO plugin. -->","yoast_head_json":{"title":"Privacy Policy - Hotel Maritan Padova","robots":{"index":"index","follow":"follow","max-snippet":"max-snippet:-1","max-image-preview":"max-image-preview:large","max-video-preview":"max-video-preview:-1"},"canonical":"https:\/\/hotelmaritan.it\/fr\/privacy-policy\/","og_locale":"fr_FR","og_type":"article","og_title":"Privacy Policy - Hotel Maritan Padova","og_description":"Generalit\u00e0 LUCE SRL ha sviluppato questa Policy Privacy Internet al fine di conformare la propria attivit\u00e0 a quella di soggetto fidato che assicura, rispetta e mantiene il diritto alla privacy dei Visitatori nell\u2019ambiente on-line. LUCE SRL una societ\u00e0 di diritto italiano registrata al numero PD\/449099 e con sede legale in Via Gattamelata 34 35128 Padova [&hellip;]","og_url":"https:\/\/hotelmaritan.it\/fr\/privacy-policy\/","og_site_name":"Hotel Maritan Padova","article_publisher":"https:\/\/www.facebook.com\/hotelmaritan\/","article_modified_time":"2023-03-06T10:46:33+00:00","twitter_card":"summary_large_image","twitter_site":"@HotelMaritan","twitter_misc":{"Dur\u00e9e de lecture estim\u00e9e":"6 minutes"},"schema":{"@context":"https:\/\/schema.org","@graph":[{"@type":"WebPage","@id":"https:\/\/hotelmaritan.it\/fr\/privacy-policy\/","url":"https:\/\/hotelmaritan.it\/fr\/privacy-policy\/","name":"Privacy Policy - Hotel Maritan Padova","isPartOf":{"@id":"https:\/\/hotelmaritan.it\/fr\/#website"},"datePublished":"2022-10-18T14:30:48+00:00","dateModified":"2023-03-06T10:46:33+00:00","breadcrumb":{"@id":"https:\/\/hotelmaritan.it\/fr\/privacy-policy\/#breadcrumb"},"inLanguage":"fr-FR","potentialAction":[{"@type":"ReadAction","target":["https:\/\/hotelmaritan.it\/fr\/privacy-policy\/"]}]},{"@type":"BreadcrumbList","@id":"https:\/\/hotelmaritan.it\/fr\/privacy-policy\/#breadcrumb","itemListElement":[{"@type":"ListItem","position":1,"name":"Home","item":"https:\/\/hotelmaritan.it\/fr\/"},{"@type":"ListItem","position":2,"name":"Privacy Policy"}]},{"@type":"WebSite","@id":"https:\/\/hotelmaritan.it\/fr\/#website","url":"https:\/\/hotelmaritan.it\/fr\/","name":"Hotel Maritan Padova","description":"A Padova come essere a casa","publisher":{"@id":"https:\/\/hotelmaritan.it\/fr\/#organization"},"potentialAction":[{"@type":"SearchAction","target":{"@type":"EntryPoint","urlTemplate":"https:\/\/hotelmaritan.it\/fr\/?s={search_term_string}"},"query-input":{"@type":"PropertyValueSpecification","valueRequired":true,"valueName":"search_term_string"}}],"inLanguage":"fr-FR"},{"@type":"Organization","@id":"https:\/\/hotelmaritan.it\/fr\/#organization","name":"Hotel Maritan Padoue","url":"https:\/\/hotelmaritan.it\/fr\/","logo":{"@type":"ImageObject","inLanguage":"fr-FR","@id":"https:\/\/hotelmaritan.it\/fr\/#\/schema\/logo\/image\/","url":"https:\/\/hotelmaritan.it\/wp-content\/uploads\/2022\/12\/logo-maritan.svg","contentUrl":"https:\/\/hotelmaritan.it\/wp-content\/uploads\/2022\/12\/logo-maritan.svg","width":112,"height":67,"caption":"Hotel Maritan Padoue"},"image":{"@id":"https:\/\/hotelmaritan.it\/fr\/#\/schema\/logo\/image\/"},"sameAs":["https:\/\/www.facebook.com\/hotelmaritan\/","https:\/\/x.com\/HotelMaritan","https:\/\/www.instagram.com\/hotelmaritan\/?hl=it","https:\/\/www.linkedin.com\/in\/hotel-maritan-padova-56ab2a63\/"]}]}},"_links":{"self":[{"href":"https:\/\/hotelmaritan.it\/fr\/wp-json\/wp\/v2\/pages\/1843","targetHints":{"allow":["GET"]}}],"collection":[{"href":"https:\/\/hotelmaritan.it\/fr\/wp-json\/wp\/v2\/pages"}],"about":[{"href":"https:\/\/hotelmaritan.it\/fr\/wp-json\/wp\/v2\/types\/page"}],"author":[{"embeddable":true,"href":"https:\/\/hotelmaritan.it\/fr\/wp-json\/wp\/v2\/users\/1"}],"replies":[{"embeddable":true,"href":"https:\/\/hotelmaritan.it\/fr\/wp-json\/wp\/v2\/comments?post=1843"}],"version-history":[{"count":1,"href":"https:\/\/hotelmaritan.it\/fr\/wp-json\/wp\/v2\/pages\/1843\/revisions"}],"predecessor-version":[{"id":1846,"href":"https:\/\/hotelmaritan.it\/fr\/wp-json\/wp\/v2\/pages\/1843\/revisions\/1846"}],"wp:attachment":[{"href":"https:\/\/hotelmaritan.it\/fr\/wp-json\/wp\/v2\/media?parent=1843"}],"curies":[{"name":"wp","href":"https:\/\/api.w.org\/{rel}","templated":true}]}}