{"id":1732,"date":"2023-02-09T12:53:41","date_gmt":"2023-02-09T12:53:41","guid":{"rendered":"https:\/\/hotelmaritan.it\/staff\/"},"modified":"2023-03-03T08:28:31","modified_gmt":"2023-03-03T08:28:31","slug":"personnel","status":"publish","type":"page","link":"https:\/\/hotelmaritan.it\/fr\/personnel\/","title":{"rendered":"Personnel"},"content":{"rendered":"\n<p>Notre personnel est compos\u00e9 d&rsquo;un groupe de personnes hautement qualifi\u00e9es et d\u00e9vou\u00e9es qui travaillent ensemble pour faire en sorte que chaque s\u00e9jour dans notre h\u00f4tel soit inoubliable. Nous sommes fiers de disposer d&rsquo;une \u00e9quipe de professionnels qui s&rsquo;engagent \u00e0 offrir un service de haute qualit\u00e9 \u00e0 chaque client.<\/p>\n\n\n\n<p>La r\u00e9ception, par exemple, est toujours pr\u00eate \u00e0 vous accueillir avec un sourire et \u00e0 r\u00e9pondre \u00e0 toutes vos questions ou demandes. Le personnel du service en chambre se pr\u00e9occupe constamment de la propret\u00e9 et du confort de votre chambre.<\/p>\n\n\n\n<p>Notre restaurant et notre bar sont tenus par des chefs et des barmans hautement qualifi\u00e9s qui pr\u00e9parent et servent de d\u00e9licieux plats et boissons. Notre personnel de s\u00e9curit\u00e9 et d&rsquo;entretien veille \u00e0 ce que votre s\u00e9curit\u00e9 et celle de la propri\u00e9t\u00e9 de l&rsquo;h\u00f4tel soient toujours une priorit\u00e9 absolue.<\/p>\n\n\n\n<p>Enfin, notre \u00e9quipe de loisirs organise r\u00e9guli\u00e8rement des \u00e9v\u00e9nements et des activit\u00e9s pour divertir les clients et les mettre \u00e0 l&rsquo;aise pendant leur s\u00e9jour.<\/p>\n\n\n\n<p>En bref, \u00ab\u00a0notre personnel\u00a0\u00bb est un groupe de personnes qui se consacrent \u00e0 rendre votre s\u00e9jour aussi agr\u00e9able et confortable que possible, en offrant un service de haute qualit\u00e9 \u00e0 tout moment.<\/p>\n\n\n\n<figure class=\"wp-block-gallery has-nested-images columns-default is-cropped wp-block-gallery-1 is-layout-flex wp-block-gallery-is-layout-flex\">\n<figure class=\"wp-block-image size-large\"><img loading=\"lazy\" decoding=\"async\" width=\"1024\" height=\"576\" data-id=\"943\" src=\"https:\/\/hotelmaritan.it\/wp-content\/uploads\/2023\/02\/0046_DSC00630-1024x576.jpg\" alt=\"\" class=\"wp-image-943\" srcset=\"https:\/\/hotelmaritan.it\/wp-content\/uploads\/2023\/02\/0046_DSC00630-1024x576.jpg 1024w, https:\/\/hotelmaritan.it\/wp-content\/uploads\/2023\/02\/0046_DSC00630-300x169.jpg 300w, https:\/\/hotelmaritan.it\/wp-content\/uploads\/2023\/02\/0046_DSC00630-768x432.jpg 768w, https:\/\/hotelmaritan.it\/wp-content\/uploads\/2023\/02\/0046_DSC00630-1536x864.jpg 1536w, https:\/\/hotelmaritan.it\/wp-content\/uploads\/2023\/02\/0046_DSC00630-2048x1152.jpg 2048w\" sizes=\"auto, (max-width: 1024px) 100vw, 1024px\" \/><\/figure>\n\n\n\n<figure class=\"wp-block-image size-large\"><img loading=\"lazy\" decoding=\"async\" width=\"682\" height=\"1024\" data-id=\"916\" src=\"https:\/\/hotelmaritan.it\/wp-content\/uploads\/2023\/02\/a_0000_DSC09596-682x1024.jpg\" alt=\"\" class=\"wp-image-916\" srcset=\"https:\/\/hotelmaritan.it\/wp-content\/uploads\/2023\/02\/a_0000_DSC09596-682x1024.jpg 682w, https:\/\/hotelmaritan.it\/wp-content\/uploads\/2023\/02\/a_0000_DSC09596-200x300.jpg 200w, https:\/\/hotelmaritan.it\/wp-content\/uploads\/2023\/02\/a_0000_DSC09596-768x1153.jpg 768w, https:\/\/hotelmaritan.it\/wp-content\/uploads\/2023\/02\/a_0000_DSC09596-1023x1536.jpg 1023w, https:\/\/hotelmaritan.it\/wp-content\/uploads\/2023\/02\/a_0000_DSC09596.jpg 1332w\" sizes=\"auto, (max-width: 682px) 100vw, 682px\" \/><\/figure>\n\n\n\n<figure class=\"wp-block-image size-large\"><img loading=\"lazy\" decoding=\"async\" width=\"682\" height=\"1024\" data-id=\"922\" src=\"https:\/\/hotelmaritan.it\/wp-content\/uploads\/2023\/02\/a_0001_DSC09565-682x1024.jpg\" alt=\"\" class=\"wp-image-922\" srcset=\"https:\/\/hotelmaritan.it\/wp-content\/uploads\/2023\/02\/a_0001_DSC09565-682x1024.jpg 682w, https:\/\/hotelmaritan.it\/wp-content\/uploads\/2023\/02\/a_0001_DSC09565-200x300.jpg 200w, https:\/\/hotelmaritan.it\/wp-content\/uploads\/2023\/02\/a_0001_DSC09565-768x1153.jpg 768w, https:\/\/hotelmaritan.it\/wp-content\/uploads\/2023\/02\/a_0001_DSC09565-1023x1536.jpg 1023w, https:\/\/hotelmaritan.it\/wp-content\/uploads\/2023\/02\/a_0001_DSC09565.jpg 1332w\" sizes=\"auto, (max-width: 682px) 100vw, 682px\" \/><\/figure>\n\n\n\n<figure class=\"wp-block-image size-large\"><img loading=\"lazy\" decoding=\"async\" width=\"682\" height=\"1024\" data-id=\"932\" src=\"https:\/\/hotelmaritan.it\/wp-content\/uploads\/2023\/02\/a_0005_DSC09084-682x1024.jpg\" alt=\"\" class=\"wp-image-932\" srcset=\"https:\/\/hotelmaritan.it\/wp-content\/uploads\/2023\/02\/a_0005_DSC09084-682x1024.jpg 682w, https:\/\/hotelmaritan.it\/wp-content\/uploads\/2023\/02\/a_0005_DSC09084-200x300.jpg 200w, https:\/\/hotelmaritan.it\/wp-content\/uploads\/2023\/02\/a_0005_DSC09084-768x1153.jpg 768w, https:\/\/hotelmaritan.it\/wp-content\/uploads\/2023\/02\/a_0005_DSC09084-1023x1536.jpg 1023w, https:\/\/hotelmaritan.it\/wp-content\/uploads\/2023\/02\/a_0005_DSC09084.jpg 1332w\" sizes=\"auto, (max-width: 682px) 100vw, 682px\" \/><\/figure>\n\n\n\n<figure class=\"wp-block-image size-large\"><img loading=\"lazy\" decoding=\"async\" width=\"682\" height=\"1024\" data-id=\"927\" src=\"https:\/\/hotelmaritan.it\/wp-content\/uploads\/2023\/02\/a_0007_dolci-colazione-682x1024.jpg\" alt=\"\" class=\"wp-image-927\" srcset=\"https:\/\/hotelmaritan.it\/wp-content\/uploads\/2023\/02\/a_0007_dolci-colazione-682x1024.jpg 682w, https:\/\/hotelmaritan.it\/wp-content\/uploads\/2023\/02\/a_0007_dolci-colazione-200x300.jpg 200w, https:\/\/hotelmaritan.it\/wp-content\/uploads\/2023\/02\/a_0007_dolci-colazione-768x1153.jpg 768w, https:\/\/hotelmaritan.it\/wp-content\/uploads\/2023\/02\/a_0007_dolci-colazione-1023x1536.jpg 1023w, https:\/\/hotelmaritan.it\/wp-content\/uploads\/2023\/02\/a_0007_dolci-colazione.jpg 1332w\" sizes=\"auto, (max-width: 682px) 100vw, 682px\" \/><\/figure>\n\n\n\n<figure class=\"wp-block-image size-large\"><img loading=\"lazy\" decoding=\"async\" width=\"682\" height=\"1024\" data-id=\"914\" src=\"https:\/\/hotelmaritan.it\/wp-content\/uploads\/2023\/02\/a_0010_accoglienza-682x1024.jpg\" alt=\"\" class=\"wp-image-914\" srcset=\"https:\/\/hotelmaritan.it\/wp-content\/uploads\/2023\/02\/a_0010_accoglienza-682x1024.jpg 682w, https:\/\/hotelmaritan.it\/wp-content\/uploads\/2023\/02\/a_0010_accoglienza-200x300.jpg 200w, https:\/\/hotelmaritan.it\/wp-content\/uploads\/2023\/02\/a_0010_accoglienza-768x1153.jpg 768w, https:\/\/hotelmaritan.it\/wp-content\/uploads\/2023\/02\/a_0010_accoglienza-1023x1536.jpg 1023w, https:\/\/hotelmaritan.it\/wp-content\/uploads\/2023\/02\/a_0010_accoglienza.jpg 1332w\" sizes=\"auto, (max-width: 682px) 100vw, 682px\" \/><\/figure>\n\n\n\n<figure class=\"wp-block-image size-large\"><img loading=\"lazy\" decoding=\"async\" width=\"682\" height=\"1024\" data-id=\"933\" src=\"https:\/\/hotelmaritan.it\/wp-content\/uploads\/2023\/02\/a_0040_DSC09685-682x1024.jpg\" alt=\"\" class=\"wp-image-933\" srcset=\"https:\/\/hotelmaritan.it\/wp-content\/uploads\/2023\/02\/a_0040_DSC09685-682x1024.jpg 682w, https:\/\/hotelmaritan.it\/wp-content\/uploads\/2023\/02\/a_0040_DSC09685-200x300.jpg 200w, https:\/\/hotelmaritan.it\/wp-content\/uploads\/2023\/02\/a_0040_DSC09685-768x1153.jpg 768w, https:\/\/hotelmaritan.it\/wp-content\/uploads\/2023\/02\/a_0040_DSC09685-1023x1536.jpg 1023w, https:\/\/hotelmaritan.it\/wp-content\/uploads\/2023\/02\/a_0040_DSC09685.jpg 1332w\" sizes=\"auto, (max-width: 682px) 100vw, 682px\" \/><\/figure>\n\n\n\n<figure class=\"wp-block-image size-large\"><img loading=\"lazy\" decoding=\"async\" width=\"1024\" height=\"576\" data-id=\"926\" src=\"https:\/\/hotelmaritan.it\/wp-content\/uploads\/2023\/02\/personale-hotel-1-1024x576.jpg\" alt=\"\" class=\"wp-image-926\" srcset=\"https:\/\/hotelmaritan.it\/wp-content\/uploads\/2023\/02\/personale-hotel-1-1024x576.jpg 1024w, https:\/\/hotelmaritan.it\/wp-content\/uploads\/2023\/02\/personale-hotel-1-300x169.jpg 300w, https:\/\/hotelmaritan.it\/wp-content\/uploads\/2023\/02\/personale-hotel-1-768x432.jpg 768w, https:\/\/hotelmaritan.it\/wp-content\/uploads\/2023\/02\/personale-hotel-1-1536x864.jpg 1536w, https:\/\/hotelmaritan.it\/wp-content\/uploads\/2023\/02\/personale-hotel-1-2048x1152.jpg 2048w\" sizes=\"auto, (max-width: 1024px) 100vw, 1024px\" \/><\/figure>\n\n\n\n<figure class=\"wp-block-image size-large\"><img loading=\"lazy\" decoding=\"async\" width=\"1024\" height=\"576\" data-id=\"930\" src=\"https:\/\/hotelmaritan.it\/wp-content\/uploads\/2023\/02\/personale-1024x576.jpg\" alt=\"\" class=\"wp-image-930\" srcset=\"https:\/\/hotelmaritan.it\/wp-content\/uploads\/2023\/02\/personale-1024x576.jpg 1024w, https:\/\/hotelmaritan.it\/wp-content\/uploads\/2023\/02\/personale-300x169.jpg 300w, https:\/\/hotelmaritan.it\/wp-content\/uploads\/2023\/02\/personale-768x432.jpg 768w, https:\/\/hotelmaritan.it\/wp-content\/uploads\/2023\/02\/personale-1536x864.jpg 1536w, https:\/\/hotelmaritan.it\/wp-content\/uploads\/2023\/02\/personale-2048x1152.jpg 2048w\" sizes=\"auto, (max-width: 1024px) 100vw, 1024px\" \/><\/figure>\n<\/figure>\n","protected":false},"excerpt":{"rendered":"<p>Notre personnel est compos\u00e9 d&rsquo;un groupe de personnes hautement qualifi\u00e9es et d\u00e9vou\u00e9es qui travaillent ensemble pour faire en sorte que chaque s\u00e9jour dans notre h\u00f4tel soit inoubliable. Nous sommes fiers de disposer d&rsquo;une \u00e9quipe de professionnels qui s&rsquo;engagent \u00e0 offrir un service de haute qualit\u00e9 \u00e0 chaque client. La r\u00e9ception, par exemple, est toujours pr\u00eate [&hellip;]<\/p>\n","protected":false},"author":1,"featured_media":0,"parent":0,"menu_order":0,"comment_status":"closed","ping_status":"closed","template":"","meta":{"_acf_changed":false,"footnotes":""},"class_list":["post-1732","page","type-page","status-publish","hentry"],"acf":[],"yoast_head":"<!-- This site is optimized with the Yoast SEO plugin v27.3 - https:\/\/yoast.com\/product\/yoast-seo-wordpress\/ -->\n<title>Personnel - Hotel Maritan Padova<\/title>\n<meta name=\"robots\" content=\"index, follow, max-snippet:-1, max-image-preview:large, max-video-preview:-1\" \/>\n<link rel=\"canonical\" href=\"https:\/\/hotelmaritan.it\/fr\/personnel\/\" \/>\n<meta property=\"og:locale\" content=\"fr_FR\" \/>\n<meta property=\"og:type\" content=\"article\" \/>\n<meta property=\"og:title\" content=\"Personnel - Hotel Maritan Padova\" \/>\n<meta property=\"og:description\" content=\"Notre personnel est compos\u00e9 d&rsquo;un groupe de personnes hautement qualifi\u00e9es et d\u00e9vou\u00e9es qui travaillent ensemble pour faire en sorte que chaque s\u00e9jour dans notre h\u00f4tel soit inoubliable. Nous sommes fiers de disposer d&rsquo;une \u00e9quipe de professionnels qui s&rsquo;engagent \u00e0 offrir un service de haute qualit\u00e9 \u00e0 chaque client. La r\u00e9ception, par exemple, est toujours pr\u00eate [&hellip;]\" \/>\n<meta property=\"og:url\" content=\"https:\/\/hotelmaritan.it\/fr\/personnel\/\" \/>\n<meta property=\"og:site_name\" content=\"Hotel Maritan Padova\" \/>\n<meta property=\"article:publisher\" content=\"https:\/\/www.facebook.com\/hotelmaritan\/\" \/>\n<meta property=\"article:modified_time\" content=\"2023-03-03T08:28:31+00:00\" \/>\n<meta property=\"og:image\" content=\"https:\/\/hotelmaritan.it\/wp-content\/uploads\/2023\/02\/0046_DSC00630-1024x576.jpg\" \/>\n<meta name=\"twitter:card\" content=\"summary_large_image\" \/>\n<meta name=\"twitter:site\" content=\"@HotelMaritan\" \/>\n<meta name=\"twitter:label1\" content=\"Dur\u00e9e de lecture estim\u00e9e\" \/>\n\t<meta name=\"twitter:data1\" content=\"1 minute\" \/>\n<script type=\"application\/ld+json\" class=\"yoast-schema-graph\">{\"@context\":\"https:\\\/\\\/schema.org\",\"@graph\":[{\"@type\":\"WebPage\",\"@id\":\"https:\\\/\\\/hotelmaritan.it\\\/fr\\\/personnel\\\/\",\"url\":\"https:\\\/\\\/hotelmaritan.it\\\/fr\\\/personnel\\\/\",\"name\":\"Personnel - Hotel Maritan Padova\",\"isPartOf\":{\"@id\":\"https:\\\/\\\/hotelmaritan.it\\\/fr\\\/#website\"},\"primaryImageOfPage\":{\"@id\":\"https:\\\/\\\/hotelmaritan.it\\\/fr\\\/personnel\\\/#primaryimage\"},\"image\":{\"@id\":\"https:\\\/\\\/hotelmaritan.it\\\/fr\\\/personnel\\\/#primaryimage\"},\"thumbnailUrl\":\"https:\\\/\\\/hotelmaritan.it\\\/wp-content\\\/uploads\\\/2023\\\/02\\\/0046_DSC00630-1024x576.jpg\",\"datePublished\":\"2023-02-09T12:53:41+00:00\",\"dateModified\":\"2023-03-03T08:28:31+00:00\",\"breadcrumb\":{\"@id\":\"https:\\\/\\\/hotelmaritan.it\\\/fr\\\/personnel\\\/#breadcrumb\"},\"inLanguage\":\"fr-FR\",\"potentialAction\":[{\"@type\":\"ReadAction\",\"target\":[\"https:\\\/\\\/hotelmaritan.it\\\/fr\\\/personnel\\\/\"]}]},{\"@type\":\"ImageObject\",\"inLanguage\":\"fr-FR\",\"@id\":\"https:\\\/\\\/hotelmaritan.it\\\/fr\\\/personnel\\\/#primaryimage\",\"url\":\"https:\\\/\\\/hotelmaritan.it\\\/wp-content\\\/uploads\\\/2023\\\/02\\\/0046_DSC00630-1024x576.jpg\",\"contentUrl\":\"https:\\\/\\\/hotelmaritan.it\\\/wp-content\\\/uploads\\\/2023\\\/02\\\/0046_DSC00630-1024x576.jpg\"},{\"@type\":\"BreadcrumbList\",\"@id\":\"https:\\\/\\\/hotelmaritan.it\\\/fr\\\/personnel\\\/#breadcrumb\",\"itemListElement\":[{\"@type\":\"ListItem\",\"position\":1,\"name\":\"Home\",\"item\":\"https:\\\/\\\/hotelmaritan.it\\\/fr\\\/\"},{\"@type\":\"ListItem\",\"position\":2,\"name\":\"Personnel\"}]},{\"@type\":\"WebSite\",\"@id\":\"https:\\\/\\\/hotelmaritan.it\\\/fr\\\/#website\",\"url\":\"https:\\\/\\\/hotelmaritan.it\\\/fr\\\/\",\"name\":\"Hotel Maritan Padova\",\"description\":\"A Padova come essere a casa\",\"publisher\":{\"@id\":\"https:\\\/\\\/hotelmaritan.it\\\/fr\\\/#organization\"},\"potentialAction\":[{\"@type\":\"SearchAction\",\"target\":{\"@type\":\"EntryPoint\",\"urlTemplate\":\"https:\\\/\\\/hotelmaritan.it\\\/fr\\\/?s={search_term_string}\"},\"query-input\":{\"@type\":\"PropertyValueSpecification\",\"valueRequired\":true,\"valueName\":\"search_term_string\"}}],\"inLanguage\":\"fr-FR\"},{\"@type\":\"Organization\",\"@id\":\"https:\\\/\\\/hotelmaritan.it\\\/fr\\\/#organization\",\"name\":\"Hotel Maritan Padoue\",\"url\":\"https:\\\/\\\/hotelmaritan.it\\\/fr\\\/\",\"logo\":{\"@type\":\"ImageObject\",\"inLanguage\":\"fr-FR\",\"@id\":\"https:\\\/\\\/hotelmaritan.it\\\/fr\\\/#\\\/schema\\\/logo\\\/image\\\/\",\"url\":\"https:\\\/\\\/hotelmaritan.it\\\/wp-content\\\/uploads\\\/2022\\\/12\\\/logo-maritan.svg\",\"contentUrl\":\"https:\\\/\\\/hotelmaritan.it\\\/wp-content\\\/uploads\\\/2022\\\/12\\\/logo-maritan.svg\",\"width\":112,\"height\":67,\"caption\":\"Hotel Maritan Padoue\"},\"image\":{\"@id\":\"https:\\\/\\\/hotelmaritan.it\\\/fr\\\/#\\\/schema\\\/logo\\\/image\\\/\"},\"sameAs\":[\"https:\\\/\\\/www.facebook.com\\\/hotelmaritan\\\/\",\"https:\\\/\\\/x.com\\\/HotelMaritan\",\"https:\\\/\\\/www.instagram.com\\\/hotelmaritan\\\/?hl=it\",\"https:\\\/\\\/www.linkedin.com\\\/in\\\/hotel-maritan-padova-56ab2a63\\\/\"]}]}<\/script>\n<!-- \/ Yoast SEO plugin. -->","yoast_head_json":{"title":"Personnel - Hotel Maritan Padova","robots":{"index":"index","follow":"follow","max-snippet":"max-snippet:-1","max-image-preview":"max-image-preview:large","max-video-preview":"max-video-preview:-1"},"canonical":"https:\/\/hotelmaritan.it\/fr\/personnel\/","og_locale":"fr_FR","og_type":"article","og_title":"Personnel - Hotel Maritan Padova","og_description":"Notre personnel est compos\u00e9 d&rsquo;un groupe de personnes hautement qualifi\u00e9es et d\u00e9vou\u00e9es qui travaillent ensemble pour faire en sorte que chaque s\u00e9jour dans notre h\u00f4tel soit inoubliable. Nous sommes fiers de disposer d&rsquo;une \u00e9quipe de professionnels qui s&rsquo;engagent \u00e0 offrir un service de haute qualit\u00e9 \u00e0 chaque client. La r\u00e9ception, par exemple, est toujours pr\u00eate [&hellip;]","og_url":"https:\/\/hotelmaritan.it\/fr\/personnel\/","og_site_name":"Hotel Maritan Padova","article_publisher":"https:\/\/www.facebook.com\/hotelmaritan\/","article_modified_time":"2023-03-03T08:28:31+00:00","og_image":[{"url":"https:\/\/hotelmaritan.it\/wp-content\/uploads\/2023\/02\/0046_DSC00630-1024x576.jpg","type":"","width":"","height":""}],"twitter_card":"summary_large_image","twitter_site":"@HotelMaritan","twitter_misc":{"Dur\u00e9e de lecture estim\u00e9e":"1 minute"},"schema":{"@context":"https:\/\/schema.org","@graph":[{"@type":"WebPage","@id":"https:\/\/hotelmaritan.it\/fr\/personnel\/","url":"https:\/\/hotelmaritan.it\/fr\/personnel\/","name":"Personnel - Hotel Maritan Padova","isPartOf":{"@id":"https:\/\/hotelmaritan.it\/fr\/#website"},"primaryImageOfPage":{"@id":"https:\/\/hotelmaritan.it\/fr\/personnel\/#primaryimage"},"image":{"@id":"https:\/\/hotelmaritan.it\/fr\/personnel\/#primaryimage"},"thumbnailUrl":"https:\/\/hotelmaritan.it\/wp-content\/uploads\/2023\/02\/0046_DSC00630-1024x576.jpg","datePublished":"2023-02-09T12:53:41+00:00","dateModified":"2023-03-03T08:28:31+00:00","breadcrumb":{"@id":"https:\/\/hotelmaritan.it\/fr\/personnel\/#breadcrumb"},"inLanguage":"fr-FR","potentialAction":[{"@type":"ReadAction","target":["https:\/\/hotelmaritan.it\/fr\/personnel\/"]}]},{"@type":"ImageObject","inLanguage":"fr-FR","@id":"https:\/\/hotelmaritan.it\/fr\/personnel\/#primaryimage","url":"https:\/\/hotelmaritan.it\/wp-content\/uploads\/2023\/02\/0046_DSC00630-1024x576.jpg","contentUrl":"https:\/\/hotelmaritan.it\/wp-content\/uploads\/2023\/02\/0046_DSC00630-1024x576.jpg"},{"@type":"BreadcrumbList","@id":"https:\/\/hotelmaritan.it\/fr\/personnel\/#breadcrumb","itemListElement":[{"@type":"ListItem","position":1,"name":"Home","item":"https:\/\/hotelmaritan.it\/fr\/"},{"@type":"ListItem","position":2,"name":"Personnel"}]},{"@type":"WebSite","@id":"https:\/\/hotelmaritan.it\/fr\/#website","url":"https:\/\/hotelmaritan.it\/fr\/","name":"Hotel Maritan Padova","description":"A Padova come essere a casa","publisher":{"@id":"https:\/\/hotelmaritan.it\/fr\/#organization"},"potentialAction":[{"@type":"SearchAction","target":{"@type":"EntryPoint","urlTemplate":"https:\/\/hotelmaritan.it\/fr\/?s={search_term_string}"},"query-input":{"@type":"PropertyValueSpecification","valueRequired":true,"valueName":"search_term_string"}}],"inLanguage":"fr-FR"},{"@type":"Organization","@id":"https:\/\/hotelmaritan.it\/fr\/#organization","name":"Hotel Maritan Padoue","url":"https:\/\/hotelmaritan.it\/fr\/","logo":{"@type":"ImageObject","inLanguage":"fr-FR","@id":"https:\/\/hotelmaritan.it\/fr\/#\/schema\/logo\/image\/","url":"https:\/\/hotelmaritan.it\/wp-content\/uploads\/2022\/12\/logo-maritan.svg","contentUrl":"https:\/\/hotelmaritan.it\/wp-content\/uploads\/2022\/12\/logo-maritan.svg","width":112,"height":67,"caption":"Hotel Maritan Padoue"},"image":{"@id":"https:\/\/hotelmaritan.it\/fr\/#\/schema\/logo\/image\/"},"sameAs":["https:\/\/www.facebook.com\/hotelmaritan\/","https:\/\/x.com\/HotelMaritan","https:\/\/www.instagram.com\/hotelmaritan\/?hl=it","https:\/\/www.linkedin.com\/in\/hotel-maritan-padova-56ab2a63\/"]}]}},"_links":{"self":[{"href":"https:\/\/hotelmaritan.it\/fr\/wp-json\/wp\/v2\/pages\/1732","targetHints":{"allow":["GET"]}}],"collection":[{"href":"https:\/\/hotelmaritan.it\/fr\/wp-json\/wp\/v2\/pages"}],"about":[{"href":"https:\/\/hotelmaritan.it\/fr\/wp-json\/wp\/v2\/types\/page"}],"author":[{"embeddable":true,"href":"https:\/\/hotelmaritan.it\/fr\/wp-json\/wp\/v2\/users\/1"}],"replies":[{"embeddable":true,"href":"https:\/\/hotelmaritan.it\/fr\/wp-json\/wp\/v2\/comments?post=1732"}],"version-history":[{"count":2,"href":"https:\/\/hotelmaritan.it\/fr\/wp-json\/wp\/v2\/pages\/1732\/revisions"}],"predecessor-version":[{"id":1736,"href":"https:\/\/hotelmaritan.it\/fr\/wp-json\/wp\/v2\/pages\/1732\/revisions\/1736"}],"wp:attachment":[{"href":"https:\/\/hotelmaritan.it\/fr\/wp-json\/wp\/v2\/media?parent=1732"}],"curies":[{"name":"wp","href":"https:\/\/api.w.org\/{rel}","templated":true}]}}