{"id":1726,"date":"2023-01-18T14:51:40","date_gmt":"2023-01-18T14:51:40","guid":{"rendered":"https:\/\/hotelmaritan.it\/sala-meeting\/"},"modified":"2023-03-06T16:18:15","modified_gmt":"2023-03-06T16:18:15","slug":"salle-de-reunion","status":"publish","type":"page","link":"https:\/\/hotelmaritan.it\/fr\/salle-de-reunion\/","title":{"rendered":"Salle de r\u00e9union"},"content":{"rendered":"\n<p>Salle de r\u00e9union pour les r\u00e9unions d&rsquo;affaires, les cours de formation, les conventions ou simplement les d\u00e9jeuners d&rsquo;affaires, structur\u00e9e pour couvrir les besoins maximum et pr\u00eate \u00e0 devenir un centre de r\u00e9union multifonctionnel.<\/p>\n\n\n\n<p>La salle de r\u00e9union, d&rsquo;une capacit\u00e9 maximale de 30 personnes, est accessible depuis les chambres directement par ascenseur, et est \u00e9quip\u00e9e d&rsquo;un maxi \u00e9cran plasma, d&rsquo;un r\u00e9troprojecteur, d&rsquo;un vid\u00e9o projecteur, d&rsquo;un lecteur DVD, d&rsquo;un syst\u00e8me de sonorisation, d&rsquo;un service Internet, de la climatisation et d&rsquo;un service de pause caf\u00e9.<\/p>\n\n\n\n<p>D&rsquo;autres \u00e9quipements peuvent \u00eatre lou\u00e9s sur demande.<\/p>\n\n\n\n<p>Le parking de l&rsquo;h\u00f4tel est payant.<\/p>\n\n\n\n<p>Nous sommes \u00e0 votre disposition pour vous fournir une assistance personnalis\u00e9e et pour v\u00e9rifier avec vous la meilleure fa\u00e7on de r\u00e9pondre \u00e0 vos besoins.<\/p>\n\n\n\n<figure class=\"wp-block-gallery has-nested-images columns-default is-cropped wp-block-gallery-1 is-layout-flex wp-block-gallery-is-layout-flex\">\n<figure class=\"wp-block-image size-large\"><img loading=\"lazy\" decoding=\"async\" width=\"1024\" height=\"576\" data-id=\"1063\" src=\"https:\/\/hotelmaritan.it\/wp-content\/uploads\/2023\/02\/ingresso-sala-meeting-1-1024x576.jpg\" alt=\"\" class=\"wp-image-1063\" srcset=\"https:\/\/hotelmaritan.it\/wp-content\/uploads\/2023\/02\/ingresso-sala-meeting-1-1024x576.jpg 1024w, https:\/\/hotelmaritan.it\/wp-content\/uploads\/2023\/02\/ingresso-sala-meeting-1-300x169.jpg 300w, https:\/\/hotelmaritan.it\/wp-content\/uploads\/2023\/02\/ingresso-sala-meeting-1-768x432.jpg 768w, https:\/\/hotelmaritan.it\/wp-content\/uploads\/2023\/02\/ingresso-sala-meeting-1-1536x864.jpg 1536w, https:\/\/hotelmaritan.it\/wp-content\/uploads\/2023\/02\/ingresso-sala-meeting-1-2048x1152.jpg 2048w\" sizes=\"auto, (max-width: 1024px) 100vw, 1024px\" \/><\/figure>\n\n\n\n<figure class=\"wp-block-image size-large\"><img loading=\"lazy\" decoding=\"async\" width=\"1024\" height=\"576\" data-id=\"1196\" src=\"https:\/\/hotelmaritan.it\/wp-content\/uploads\/2023\/02\/posti-sala-meeting-2-1024x576.jpg\" alt=\"\" class=\"wp-image-1196\" srcset=\"https:\/\/hotelmaritan.it\/wp-content\/uploads\/2023\/02\/posti-sala-meeting-2-1024x576.jpg 1024w, https:\/\/hotelmaritan.it\/wp-content\/uploads\/2023\/02\/posti-sala-meeting-2-300x169.jpg 300w, https:\/\/hotelmaritan.it\/wp-content\/uploads\/2023\/02\/posti-sala-meeting-2-768x432.jpg 768w, https:\/\/hotelmaritan.it\/wp-content\/uploads\/2023\/02\/posti-sala-meeting-2-1536x864.jpg 1536w, https:\/\/hotelmaritan.it\/wp-content\/uploads\/2023\/02\/posti-sala-meeting-2-2048x1152.jpg 2048w\" sizes=\"auto, (max-width: 1024px) 100vw, 1024px\" \/><\/figure>\n\n\n\n<figure class=\"wp-block-image size-large\"><img loading=\"lazy\" decoding=\"async\" width=\"1024\" height=\"576\" data-id=\"1099\" src=\"https:\/\/hotelmaritan.it\/wp-content\/uploads\/2023\/02\/sala-meeting-1-1024x576.jpg\" alt=\"\" class=\"wp-image-1099\" srcset=\"https:\/\/hotelmaritan.it\/wp-content\/uploads\/2023\/02\/sala-meeting-1-1024x576.jpg 1024w, https:\/\/hotelmaritan.it\/wp-content\/uploads\/2023\/02\/sala-meeting-1-300x169.jpg 300w, https:\/\/hotelmaritan.it\/wp-content\/uploads\/2023\/02\/sala-meeting-1-768x432.jpg 768w, https:\/\/hotelmaritan.it\/wp-content\/uploads\/2023\/02\/sala-meeting-1-1536x864.jpg 1536w, https:\/\/hotelmaritan.it\/wp-content\/uploads\/2023\/02\/sala-meeting-1-2048x1152.jpg 2048w\" sizes=\"auto, (max-width: 1024px) 100vw, 1024px\" \/><\/figure>\n<\/figure>\n","protected":false},"excerpt":{"rendered":"<p>Salle de r\u00e9union pour les r\u00e9unions d&rsquo;affaires, les cours de formation, les conventions ou simplement les d\u00e9jeuners d&rsquo;affaires, structur\u00e9e pour couvrir les besoins maximum et pr\u00eate \u00e0 devenir un centre de r\u00e9union multifonctionnel. La salle de r\u00e9union, d&rsquo;une capacit\u00e9 maximale de 30 personnes, est accessible depuis les chambres directement par ascenseur, et est \u00e9quip\u00e9e d&rsquo;un [&hellip;]<\/p>\n","protected":false},"author":1,"featured_media":0,"parent":0,"menu_order":0,"comment_status":"closed","ping_status":"closed","template":"","meta":{"_acf_changed":false,"footnotes":""},"class_list":["post-1726","page","type-page","status-publish","hentry"],"acf":[],"yoast_head":"<!-- This site is optimized with the Yoast SEO plugin v27.3 - https:\/\/yoast.com\/product\/yoast-seo-wordpress\/ -->\n<title>Si vous recherchez une salle de r\u00e9union ou une salle de conf\u00e9rence \u00e0 Padoue, notre h\u00f4tel est fait pour vous.<\/title>\n<meta name=\"description\" content=\"Salle de r\u00e9union pour les r\u00e9unions d&#039;affaires, les cours de formation, les conventions ou simplement les d\u00e9jeuners d&#039;affaires, structur\u00e9e pour couvrir les besoins maximums.\" \/>\n<meta name=\"robots\" content=\"index, follow, max-snippet:-1, max-image-preview:large, max-video-preview:-1\" \/>\n<link rel=\"canonical\" href=\"https:\/\/hotelmaritan.it\/fr\/salle-de-reunion\/\" \/>\n<meta property=\"og:locale\" content=\"fr_FR\" \/>\n<meta property=\"og:type\" content=\"article\" \/>\n<meta property=\"og:title\" content=\"Si vous recherchez une salle de r\u00e9union ou une salle de conf\u00e9rence \u00e0 Padoue, notre h\u00f4tel est fait pour vous.\" \/>\n<meta property=\"og:description\" content=\"Salle de r\u00e9union pour les r\u00e9unions d&#039;affaires, les cours de formation, les conventions ou simplement les d\u00e9jeuners d&#039;affaires, structur\u00e9e pour couvrir les besoins maximums.\" \/>\n<meta property=\"og:url\" content=\"https:\/\/hotelmaritan.it\/fr\/salle-de-reunion\/\" \/>\n<meta property=\"og:site_name\" content=\"Hotel Maritan Padova\" \/>\n<meta property=\"article:publisher\" content=\"https:\/\/www.facebook.com\/hotelmaritan\/\" \/>\n<meta property=\"article:modified_time\" content=\"2023-03-06T16:18:15+00:00\" \/>\n<meta property=\"og:image\" content=\"https:\/\/hotelmaritan.it\/wp-content\/uploads\/2023\/02\/ingresso-sala-meeting-1-1024x576.jpg\" \/>\n<meta name=\"twitter:card\" content=\"summary_large_image\" \/>\n<meta name=\"twitter:site\" content=\"@HotelMaritan\" \/>\n<meta name=\"twitter:label1\" content=\"Dur\u00e9e de lecture estim\u00e9e\" \/>\n\t<meta name=\"twitter:data1\" content=\"2 minutes\" \/>\n<script type=\"application\/ld+json\" class=\"yoast-schema-graph\">{\"@context\":\"https:\\\/\\\/schema.org\",\"@graph\":[{\"@type\":\"WebPage\",\"@id\":\"https:\\\/\\\/hotelmaritan.it\\\/fr\\\/salle-de-reunion\\\/\",\"url\":\"https:\\\/\\\/hotelmaritan.it\\\/fr\\\/salle-de-reunion\\\/\",\"name\":\"Si vous recherchez une salle de r\u00e9union ou une salle de conf\u00e9rence \u00e0 Padoue, notre h\u00f4tel est fait pour vous.\",\"isPartOf\":{\"@id\":\"https:\\\/\\\/hotelmaritan.it\\\/fr\\\/#website\"},\"primaryImageOfPage\":{\"@id\":\"https:\\\/\\\/hotelmaritan.it\\\/fr\\\/salle-de-reunion\\\/#primaryimage\"},\"image\":{\"@id\":\"https:\\\/\\\/hotelmaritan.it\\\/fr\\\/salle-de-reunion\\\/#primaryimage\"},\"thumbnailUrl\":\"https:\\\/\\\/hotelmaritan.it\\\/wp-content\\\/uploads\\\/2023\\\/02\\\/ingresso-sala-meeting-1-1024x576.jpg\",\"datePublished\":\"2023-01-18T14:51:40+00:00\",\"dateModified\":\"2023-03-06T16:18:15+00:00\",\"description\":\"Salle de r\u00e9union pour les r\u00e9unions d'affaires, les cours de formation, les conventions ou simplement les d\u00e9jeuners d'affaires, structur\u00e9e pour couvrir les besoins maximums.\",\"breadcrumb\":{\"@id\":\"https:\\\/\\\/hotelmaritan.it\\\/fr\\\/salle-de-reunion\\\/#breadcrumb\"},\"inLanguage\":\"fr-FR\",\"potentialAction\":[{\"@type\":\"ReadAction\",\"target\":[\"https:\\\/\\\/hotelmaritan.it\\\/fr\\\/salle-de-reunion\\\/\"]}]},{\"@type\":\"ImageObject\",\"inLanguage\":\"fr-FR\",\"@id\":\"https:\\\/\\\/hotelmaritan.it\\\/fr\\\/salle-de-reunion\\\/#primaryimage\",\"url\":\"https:\\\/\\\/hotelmaritan.it\\\/wp-content\\\/uploads\\\/2023\\\/02\\\/ingresso-sala-meeting-1-1024x576.jpg\",\"contentUrl\":\"https:\\\/\\\/hotelmaritan.it\\\/wp-content\\\/uploads\\\/2023\\\/02\\\/ingresso-sala-meeting-1-1024x576.jpg\"},{\"@type\":\"BreadcrumbList\",\"@id\":\"https:\\\/\\\/hotelmaritan.it\\\/fr\\\/salle-de-reunion\\\/#breadcrumb\",\"itemListElement\":[{\"@type\":\"ListItem\",\"position\":1,\"name\":\"Home\",\"item\":\"https:\\\/\\\/hotelmaritan.it\\\/fr\\\/\"},{\"@type\":\"ListItem\",\"position\":2,\"name\":\"Salle de r\u00e9union\"}]},{\"@type\":\"WebSite\",\"@id\":\"https:\\\/\\\/hotelmaritan.it\\\/fr\\\/#website\",\"url\":\"https:\\\/\\\/hotelmaritan.it\\\/fr\\\/\",\"name\":\"Hotel Maritan Padova\",\"description\":\"A Padova come essere a casa\",\"publisher\":{\"@id\":\"https:\\\/\\\/hotelmaritan.it\\\/fr\\\/#organization\"},\"potentialAction\":[{\"@type\":\"SearchAction\",\"target\":{\"@type\":\"EntryPoint\",\"urlTemplate\":\"https:\\\/\\\/hotelmaritan.it\\\/fr\\\/?s={search_term_string}\"},\"query-input\":{\"@type\":\"PropertyValueSpecification\",\"valueRequired\":true,\"valueName\":\"search_term_string\"}}],\"inLanguage\":\"fr-FR\"},{\"@type\":\"Organization\",\"@id\":\"https:\\\/\\\/hotelmaritan.it\\\/fr\\\/#organization\",\"name\":\"Hotel Maritan Padoue\",\"url\":\"https:\\\/\\\/hotelmaritan.it\\\/fr\\\/\",\"logo\":{\"@type\":\"ImageObject\",\"inLanguage\":\"fr-FR\",\"@id\":\"https:\\\/\\\/hotelmaritan.it\\\/fr\\\/#\\\/schema\\\/logo\\\/image\\\/\",\"url\":\"https:\\\/\\\/hotelmaritan.it\\\/wp-content\\\/uploads\\\/2022\\\/12\\\/logo-maritan.svg\",\"contentUrl\":\"https:\\\/\\\/hotelmaritan.it\\\/wp-content\\\/uploads\\\/2022\\\/12\\\/logo-maritan.svg\",\"width\":112,\"height\":67,\"caption\":\"Hotel Maritan Padoue\"},\"image\":{\"@id\":\"https:\\\/\\\/hotelmaritan.it\\\/fr\\\/#\\\/schema\\\/logo\\\/image\\\/\"},\"sameAs\":[\"https:\\\/\\\/www.facebook.com\\\/hotelmaritan\\\/\",\"https:\\\/\\\/x.com\\\/HotelMaritan\",\"https:\\\/\\\/www.instagram.com\\\/hotelmaritan\\\/?hl=it\",\"https:\\\/\\\/www.linkedin.com\\\/in\\\/hotel-maritan-padova-56ab2a63\\\/\"]}]}<\/script>\n<!-- \/ Yoast SEO plugin. -->","yoast_head_json":{"title":"Si vous recherchez une salle de r\u00e9union ou une salle de conf\u00e9rence \u00e0 Padoue, notre h\u00f4tel est fait pour vous.","description":"Salle de r\u00e9union pour les r\u00e9unions d'affaires, les cours de formation, les conventions ou simplement les d\u00e9jeuners d'affaires, structur\u00e9e pour couvrir les besoins maximums.","robots":{"index":"index","follow":"follow","max-snippet":"max-snippet:-1","max-image-preview":"max-image-preview:large","max-video-preview":"max-video-preview:-1"},"canonical":"https:\/\/hotelmaritan.it\/fr\/salle-de-reunion\/","og_locale":"fr_FR","og_type":"article","og_title":"Si vous recherchez une salle de r\u00e9union ou une salle de conf\u00e9rence \u00e0 Padoue, notre h\u00f4tel est fait pour vous.","og_description":"Salle de r\u00e9union pour les r\u00e9unions d'affaires, les cours de formation, les conventions ou simplement les d\u00e9jeuners d'affaires, structur\u00e9e pour couvrir les besoins maximums.","og_url":"https:\/\/hotelmaritan.it\/fr\/salle-de-reunion\/","og_site_name":"Hotel Maritan Padova","article_publisher":"https:\/\/www.facebook.com\/hotelmaritan\/","article_modified_time":"2023-03-06T16:18:15+00:00","og_image":[{"url":"https:\/\/hotelmaritan.it\/wp-content\/uploads\/2023\/02\/ingresso-sala-meeting-1-1024x576.jpg","type":"","width":"","height":""}],"twitter_card":"summary_large_image","twitter_site":"@HotelMaritan","twitter_misc":{"Dur\u00e9e de lecture estim\u00e9e":"2 minutes"},"schema":{"@context":"https:\/\/schema.org","@graph":[{"@type":"WebPage","@id":"https:\/\/hotelmaritan.it\/fr\/salle-de-reunion\/","url":"https:\/\/hotelmaritan.it\/fr\/salle-de-reunion\/","name":"Si vous recherchez une salle de r\u00e9union ou une salle de conf\u00e9rence \u00e0 Padoue, notre h\u00f4tel est fait pour vous.","isPartOf":{"@id":"https:\/\/hotelmaritan.it\/fr\/#website"},"primaryImageOfPage":{"@id":"https:\/\/hotelmaritan.it\/fr\/salle-de-reunion\/#primaryimage"},"image":{"@id":"https:\/\/hotelmaritan.it\/fr\/salle-de-reunion\/#primaryimage"},"thumbnailUrl":"https:\/\/hotelmaritan.it\/wp-content\/uploads\/2023\/02\/ingresso-sala-meeting-1-1024x576.jpg","datePublished":"2023-01-18T14:51:40+00:00","dateModified":"2023-03-06T16:18:15+00:00","description":"Salle de r\u00e9union pour les r\u00e9unions d'affaires, les cours de formation, les conventions ou simplement les d\u00e9jeuners d'affaires, structur\u00e9e pour couvrir les besoins maximums.","breadcrumb":{"@id":"https:\/\/hotelmaritan.it\/fr\/salle-de-reunion\/#breadcrumb"},"inLanguage":"fr-FR","potentialAction":[{"@type":"ReadAction","target":["https:\/\/hotelmaritan.it\/fr\/salle-de-reunion\/"]}]},{"@type":"ImageObject","inLanguage":"fr-FR","@id":"https:\/\/hotelmaritan.it\/fr\/salle-de-reunion\/#primaryimage","url":"https:\/\/hotelmaritan.it\/wp-content\/uploads\/2023\/02\/ingresso-sala-meeting-1-1024x576.jpg","contentUrl":"https:\/\/hotelmaritan.it\/wp-content\/uploads\/2023\/02\/ingresso-sala-meeting-1-1024x576.jpg"},{"@type":"BreadcrumbList","@id":"https:\/\/hotelmaritan.it\/fr\/salle-de-reunion\/#breadcrumb","itemListElement":[{"@type":"ListItem","position":1,"name":"Home","item":"https:\/\/hotelmaritan.it\/fr\/"},{"@type":"ListItem","position":2,"name":"Salle de r\u00e9union"}]},{"@type":"WebSite","@id":"https:\/\/hotelmaritan.it\/fr\/#website","url":"https:\/\/hotelmaritan.it\/fr\/","name":"Hotel Maritan Padova","description":"A Padova come essere a casa","publisher":{"@id":"https:\/\/hotelmaritan.it\/fr\/#organization"},"potentialAction":[{"@type":"SearchAction","target":{"@type":"EntryPoint","urlTemplate":"https:\/\/hotelmaritan.it\/fr\/?s={search_term_string}"},"query-input":{"@type":"PropertyValueSpecification","valueRequired":true,"valueName":"search_term_string"}}],"inLanguage":"fr-FR"},{"@type":"Organization","@id":"https:\/\/hotelmaritan.it\/fr\/#organization","name":"Hotel Maritan Padoue","url":"https:\/\/hotelmaritan.it\/fr\/","logo":{"@type":"ImageObject","inLanguage":"fr-FR","@id":"https:\/\/hotelmaritan.it\/fr\/#\/schema\/logo\/image\/","url":"https:\/\/hotelmaritan.it\/wp-content\/uploads\/2022\/12\/logo-maritan.svg","contentUrl":"https:\/\/hotelmaritan.it\/wp-content\/uploads\/2022\/12\/logo-maritan.svg","width":112,"height":67,"caption":"Hotel Maritan Padoue"},"image":{"@id":"https:\/\/hotelmaritan.it\/fr\/#\/schema\/logo\/image\/"},"sameAs":["https:\/\/www.facebook.com\/hotelmaritan\/","https:\/\/x.com\/HotelMaritan","https:\/\/www.instagram.com\/hotelmaritan\/?hl=it","https:\/\/www.linkedin.com\/in\/hotel-maritan-padova-56ab2a63\/"]}]}},"_links":{"self":[{"href":"https:\/\/hotelmaritan.it\/fr\/wp-json\/wp\/v2\/pages\/1726","targetHints":{"allow":["GET"]}}],"collection":[{"href":"https:\/\/hotelmaritan.it\/fr\/wp-json\/wp\/v2\/pages"}],"about":[{"href":"https:\/\/hotelmaritan.it\/fr\/wp-json\/wp\/v2\/types\/page"}],"author":[{"embeddable":true,"href":"https:\/\/hotelmaritan.it\/fr\/wp-json\/wp\/v2\/users\/1"}],"replies":[{"embeddable":true,"href":"https:\/\/hotelmaritan.it\/fr\/wp-json\/wp\/v2\/comments?post=1726"}],"version-history":[{"count":1,"href":"https:\/\/hotelmaritan.it\/fr\/wp-json\/wp\/v2\/pages\/1726\/revisions"}],"predecessor-version":[{"id":1729,"href":"https:\/\/hotelmaritan.it\/fr\/wp-json\/wp\/v2\/pages\/1726\/revisions\/1729"}],"wp:attachment":[{"href":"https:\/\/hotelmaritan.it\/fr\/wp-json\/wp\/v2\/media?parent=1726"}],"curies":[{"name":"wp","href":"https:\/\/api.w.org\/{rel}","templated":true}]}}