{"id":1719,"date":"2023-02-16T10:07:43","date_gmt":"2023-02-16T10:07:43","guid":{"rendered":"https:\/\/hotelmaritan.it\/la-colazione\/"},"modified":"2023-03-03T08:28:45","modified_gmt":"2023-03-03T08:28:45","slug":"petit-dejeuner","status":"publish","type":"page","link":"https:\/\/hotelmaritan.it\/fr\/petit-dejeuner\/","title":{"rendered":"Petit-d\u00e9jeuner"},"content":{"rendered":"\n<p>Notre petit-d\u00e9jeuner est une v\u00e9ritable exp\u00e9rience culinaire, avec des p\u00e2tisseries faites maison, des fruits frais, des muffins, des cr\u00eapes et une large s\u00e9lection de confitures maison. Tout est pr\u00e9par\u00e9 avec des ingr\u00e9dients de haute qualit\u00e9 et une attention particuli\u00e8re aux d\u00e9tails pour garantir une exp\u00e9rience gustative inoubliable.<\/p>\n\n\n\n<p>De plus, nous sommes heureux de proposer un petit-d\u00e9jeuner d\u00e9di\u00e9 aux personnes souffrant de maladie c\u0153liaque et d&rsquo;intol\u00e9rance, avec une large s\u00e9lection de produits sans gluten et sans lactose, afin de garantir \u00e0 tous nos h\u00f4tes un petit-d\u00e9jeuner sain et adapt\u00e9 \u00e0 leurs besoins alimentaires.<\/p>\n\n\n\n<p>Que vous souhaitiez commencer votre journ\u00e9e avec un caf\u00e9 frais et un croissant, ou un petit-d\u00e9jeuner complet et nutritif, notre petit-d\u00e9jeuner r\u00e9pondra \u00e0 toutes vos envies.<\/p>\n\n\n\n<p>Venez d\u00e9couvrir notre vari\u00e9t\u00e9 d&rsquo;options de petit-d\u00e9jeuner, et laissez-vous s\u00e9duire par notre engagement de qualit\u00e9 et de go\u00fbt pour commencer votre journ\u00e9e de la meilleure fa\u00e7on possible.<\/p>\n\n\n\n<figure class=\"wp-block-gallery has-nested-images columns-default is-cropped wp-block-gallery-1 is-layout-flex wp-block-gallery-is-layout-flex\">\n<figure class=\"wp-block-image size-large\"><img loading=\"lazy\" decoding=\"async\" width=\"1024\" height=\"576\" data-id=\"1111\" src=\"https:\/\/hotelmaritan.it\/wp-content\/uploads\/2023\/02\/servizio-bar-1024x576.jpg\" alt=\"\" class=\"wp-image-1111\" srcset=\"https:\/\/hotelmaritan.it\/wp-content\/uploads\/2023\/02\/servizio-bar-1024x576.jpg 1024w, https:\/\/hotelmaritan.it\/wp-content\/uploads\/2023\/02\/servizio-bar-300x169.jpg 300w, https:\/\/hotelmaritan.it\/wp-content\/uploads\/2023\/02\/servizio-bar-768x432.jpg 768w, https:\/\/hotelmaritan.it\/wp-content\/uploads\/2023\/02\/servizio-bar-1536x864.jpg 1536w, https:\/\/hotelmaritan.it\/wp-content\/uploads\/2023\/02\/servizio-bar-2048x1152.jpg 2048w\" sizes=\"(max-width: 1024px) 100vw, 1024px\" \/><\/figure>\n\n\n\n<figure class=\"wp-block-image size-large\"><img loading=\"lazy\" decoding=\"async\" width=\"1024\" height=\"576\" data-id=\"1047\" src=\"https:\/\/hotelmaritan.it\/wp-content\/uploads\/2023\/02\/frutta-sciroppata-1024x576.jpg\" alt=\"\" class=\"wp-image-1047\" srcset=\"https:\/\/hotelmaritan.it\/wp-content\/uploads\/2023\/02\/frutta-sciroppata-1024x576.jpg 1024w, https:\/\/hotelmaritan.it\/wp-content\/uploads\/2023\/02\/frutta-sciroppata-300x169.jpg 300w, https:\/\/hotelmaritan.it\/wp-content\/uploads\/2023\/02\/frutta-sciroppata-768x432.jpg 768w, https:\/\/hotelmaritan.it\/wp-content\/uploads\/2023\/02\/frutta-sciroppata-1536x864.jpg 1536w, https:\/\/hotelmaritan.it\/wp-content\/uploads\/2023\/02\/frutta-sciroppata-2048x1152.jpg 2048w\" sizes=\"(max-width: 1024px) 100vw, 1024px\" \/><\/figure>\n\n\n\n<figure class=\"wp-block-image size-large\"><img loading=\"lazy\" decoding=\"async\" width=\"1024\" height=\"576\" data-id=\"1043\" src=\"https:\/\/hotelmaritan.it\/wp-content\/uploads\/2023\/02\/frutta-colazione-1024x576.jpg\" alt=\"\" class=\"wp-image-1043\" srcset=\"https:\/\/hotelmaritan.it\/wp-content\/uploads\/2023\/02\/frutta-colazione-1024x576.jpg 1024w, https:\/\/hotelmaritan.it\/wp-content\/uploads\/2023\/02\/frutta-colazione-300x169.jpg 300w, https:\/\/hotelmaritan.it\/wp-content\/uploads\/2023\/02\/frutta-colazione-768x432.jpg 768w, https:\/\/hotelmaritan.it\/wp-content\/uploads\/2023\/02\/frutta-colazione-1536x864.jpg 1536w, https:\/\/hotelmaritan.it\/wp-content\/uploads\/2023\/02\/frutta-colazione-2048x1152.jpg 2048w\" sizes=\"(max-width: 1024px) 100vw, 1024px\" \/><\/figure>\n\n\n\n<figure class=\"wp-block-image size-large\"><img loading=\"lazy\" decoding=\"async\" width=\"1024\" height=\"576\" data-id=\"1019\" src=\"https:\/\/hotelmaritan.it\/wp-content\/uploads\/2023\/02\/brioches-salate-1024x576.jpg\" alt=\"\" class=\"wp-image-1019\" srcset=\"https:\/\/hotelmaritan.it\/wp-content\/uploads\/2023\/02\/brioches-salate-1024x576.jpg 1024w, https:\/\/hotelmaritan.it\/wp-content\/uploads\/2023\/02\/brioches-salate-300x169.jpg 300w, https:\/\/hotelmaritan.it\/wp-content\/uploads\/2023\/02\/brioches-salate-768x432.jpg 768w, https:\/\/hotelmaritan.it\/wp-content\/uploads\/2023\/02\/brioches-salate-1536x864.jpg 1536w, https:\/\/hotelmaritan.it\/wp-content\/uploads\/2023\/02\/brioches-salate-2048x1152.jpg 2048w\" sizes=\"(max-width: 1024px) 100vw, 1024px\" \/><\/figure>\n\n\n\n<figure class=\"wp-block-image size-large\"><img loading=\"lazy\" decoding=\"async\" width=\"1024\" height=\"576\" data-id=\"1103\" src=\"https:\/\/hotelmaritan.it\/wp-content\/uploads\/2023\/02\/senza-glutine-1024x576.jpg\" alt=\"\" class=\"wp-image-1103\" srcset=\"https:\/\/hotelmaritan.it\/wp-content\/uploads\/2023\/02\/senza-glutine-1024x576.jpg 1024w, https:\/\/hotelmaritan.it\/wp-content\/uploads\/2023\/02\/senza-glutine-300x169.jpg 300w, https:\/\/hotelmaritan.it\/wp-content\/uploads\/2023\/02\/senza-glutine-768x432.jpg 768w, https:\/\/hotelmaritan.it\/wp-content\/uploads\/2023\/02\/senza-glutine-1536x864.jpg 1536w, https:\/\/hotelmaritan.it\/wp-content\/uploads\/2023\/02\/senza-glutine-2048x1152.jpg 2048w\" sizes=\"(max-width: 1024px) 100vw, 1024px\" \/><\/figure>\n\n\n\n<figure class=\"wp-block-image size-large\"><img loading=\"lazy\" decoding=\"async\" width=\"1024\" height=\"576\" data-id=\"1107\" src=\"https:\/\/hotelmaritan.it\/wp-content\/uploads\/2023\/02\/senza-lattosio-1024x576.jpg\" alt=\"\" class=\"wp-image-1107\" srcset=\"https:\/\/hotelmaritan.it\/wp-content\/uploads\/2023\/02\/senza-lattosio-1024x576.jpg 1024w, https:\/\/hotelmaritan.it\/wp-content\/uploads\/2023\/02\/senza-lattosio-300x169.jpg 300w, https:\/\/hotelmaritan.it\/wp-content\/uploads\/2023\/02\/senza-lattosio-768x432.jpg 768w, https:\/\/hotelmaritan.it\/wp-content\/uploads\/2023\/02\/senza-lattosio-1536x864.jpg 1536w, https:\/\/hotelmaritan.it\/wp-content\/uploads\/2023\/02\/senza-lattosio-2048x1152.jpg 2048w\" sizes=\"(max-width: 1024px) 100vw, 1024px\" \/><\/figure>\n\n\n\n<figure class=\"wp-block-image size-large\"><img loading=\"lazy\" decoding=\"async\" width=\"1024\" height=\"576\" data-id=\"1023\" src=\"https:\/\/hotelmaritan.it\/wp-content\/uploads\/2023\/02\/colazione-dolce-1024x576.jpg\" alt=\"\" class=\"wp-image-1023\" srcset=\"https:\/\/hotelmaritan.it\/wp-content\/uploads\/2023\/02\/colazione-dolce-1024x576.jpg 1024w, https:\/\/hotelmaritan.it\/wp-content\/uploads\/2023\/02\/colazione-dolce-300x169.jpg 300w, https:\/\/hotelmaritan.it\/wp-content\/uploads\/2023\/02\/colazione-dolce-768x432.jpg 768w, https:\/\/hotelmaritan.it\/wp-content\/uploads\/2023\/02\/colazione-dolce-1536x864.jpg 1536w, https:\/\/hotelmaritan.it\/wp-content\/uploads\/2023\/02\/colazione-dolce-2048x1152.jpg 2048w\" sizes=\"(max-width: 1024px) 100vw, 1024px\" \/><\/figure>\n\n\n\n<figure class=\"wp-block-image size-large\"><img loading=\"lazy\" decoding=\"async\" width=\"1024\" height=\"576\" data-id=\"1027\" src=\"https:\/\/hotelmaritan.it\/wp-content\/uploads\/2023\/02\/colazione-salata-1024x576.jpg\" alt=\"\" class=\"wp-image-1027\" srcset=\"https:\/\/hotelmaritan.it\/wp-content\/uploads\/2023\/02\/colazione-salata-1024x576.jpg 1024w, https:\/\/hotelmaritan.it\/wp-content\/uploads\/2023\/02\/colazione-salata-300x169.jpg 300w, https:\/\/hotelmaritan.it\/wp-content\/uploads\/2023\/02\/colazione-salata-768x432.jpg 768w, https:\/\/hotelmaritan.it\/wp-content\/uploads\/2023\/02\/colazione-salata-1536x864.jpg 1536w, https:\/\/hotelmaritan.it\/wp-content\/uploads\/2023\/02\/colazione-salata-2048x1152.jpg 2048w\" sizes=\"(max-width: 1024px) 100vw, 1024px\" \/><\/figure>\n\n\n\n<figure class=\"wp-block-image size-large\"><img loading=\"lazy\" decoding=\"async\" width=\"1024\" height=\"576\" data-id=\"1035\" src=\"https:\/\/hotelmaritan.it\/wp-content\/uploads\/2023\/02\/croisant-colazione-1024x576.jpg\" alt=\"\" class=\"wp-image-1035\" srcset=\"https:\/\/hotelmaritan.it\/wp-content\/uploads\/2023\/02\/croisant-colazione-1024x576.jpg 1024w, https:\/\/hotelmaritan.it\/wp-content\/uploads\/2023\/02\/croisant-colazione-300x169.jpg 300w, https:\/\/hotelmaritan.it\/wp-content\/uploads\/2023\/02\/croisant-colazione-768x432.jpg 768w, https:\/\/hotelmaritan.it\/wp-content\/uploads\/2023\/02\/croisant-colazione-1536x864.jpg 1536w, https:\/\/hotelmaritan.it\/wp-content\/uploads\/2023\/02\/croisant-colazione-2048x1152.jpg 2048w\" sizes=\"(max-width: 1024px) 100vw, 1024px\" \/><\/figure>\n\n\n\n<figure class=\"wp-block-image size-large\"><img loading=\"lazy\" decoding=\"async\" width=\"1024\" height=\"576\" data-id=\"1039\" src=\"https:\/\/hotelmaritan.it\/wp-content\/uploads\/2023\/02\/croisant-1024x576.jpg\" alt=\"\" class=\"wp-image-1039\" srcset=\"https:\/\/hotelmaritan.it\/wp-content\/uploads\/2023\/02\/croisant-1024x576.jpg 1024w, https:\/\/hotelmaritan.it\/wp-content\/uploads\/2023\/02\/croisant-300x169.jpg 300w, https:\/\/hotelmaritan.it\/wp-content\/uploads\/2023\/02\/croisant-768x432.jpg 768w, https:\/\/hotelmaritan.it\/wp-content\/uploads\/2023\/02\/croisant-1536x864.jpg 1536w, https:\/\/hotelmaritan.it\/wp-content\/uploads\/2023\/02\/croisant-2048x1152.jpg 2048w\" sizes=\"(max-width: 1024px) 100vw, 1024px\" \/><\/figure>\n\n\n\n<figure class=\"wp-block-image size-large\"><img loading=\"lazy\" decoding=\"async\" width=\"1024\" height=\"576\" data-id=\"1015\" src=\"https:\/\/hotelmaritan.it\/wp-content\/uploads\/2023\/02\/bar-1024x576.jpg\" alt=\"\" class=\"wp-image-1015\" srcset=\"https:\/\/hotelmaritan.it\/wp-content\/uploads\/2023\/02\/bar-1024x576.jpg 1024w, https:\/\/hotelmaritan.it\/wp-content\/uploads\/2023\/02\/bar-300x169.jpg 300w, https:\/\/hotelmaritan.it\/wp-content\/uploads\/2023\/02\/bar-768x432.jpg 768w, https:\/\/hotelmaritan.it\/wp-content\/uploads\/2023\/02\/bar-1536x864.jpg 1536w, https:\/\/hotelmaritan.it\/wp-content\/uploads\/2023\/02\/bar-2048x1152.jpg 2048w\" sizes=\"(max-width: 1024px) 100vw, 1024px\" \/><\/figure>\n\n\n\n<figure class=\"wp-block-image size-large\"><img loading=\"lazy\" decoding=\"async\" width=\"1024\" height=\"576\" data-id=\"1011\" src=\"https:\/\/hotelmaritan.it\/wp-content\/uploads\/2023\/02\/bar-colazione-1024x576.jpg\" alt=\"\" class=\"wp-image-1011\" srcset=\"https:\/\/hotelmaritan.it\/wp-content\/uploads\/2023\/02\/bar-colazione-1024x576.jpg 1024w, https:\/\/hotelmaritan.it\/wp-content\/uploads\/2023\/02\/bar-colazione-300x169.jpg 300w, https:\/\/hotelmaritan.it\/wp-content\/uploads\/2023\/02\/bar-colazione-768x432.jpg 768w, https:\/\/hotelmaritan.it\/wp-content\/uploads\/2023\/02\/bar-colazione-1536x864.jpg 1536w, https:\/\/hotelmaritan.it\/wp-content\/uploads\/2023\/02\/bar-colazione-2048x1152.jpg 2048w\" sizes=\"(max-width: 1024px) 100vw, 1024px\" \/><\/figure>\n\n\n\n<figure class=\"wp-block-image size-large\"><img loading=\"lazy\" decoding=\"async\" width=\"1024\" height=\"576\" data-id=\"1007\" src=\"https:\/\/hotelmaritan.it\/wp-content\/uploads\/2023\/02\/bancone-bar-1-1024x576.jpg\" alt=\"\" class=\"wp-image-1007\" srcset=\"https:\/\/hotelmaritan.it\/wp-content\/uploads\/2023\/02\/bancone-bar-1-1024x576.jpg 1024w, https:\/\/hotelmaritan.it\/wp-content\/uploads\/2023\/02\/bancone-bar-1-300x169.jpg 300w, https:\/\/hotelmaritan.it\/wp-content\/uploads\/2023\/02\/bancone-bar-1-768x432.jpg 768w, https:\/\/hotelmaritan.it\/wp-content\/uploads\/2023\/02\/bancone-bar-1-1536x864.jpg 1536w, https:\/\/hotelmaritan.it\/wp-content\/uploads\/2023\/02\/bancone-bar-1-2048x1152.jpg 2048w\" sizes=\"(max-width: 1024px) 100vw, 1024px\" \/><\/figure>\n\n\n\n<figure class=\"wp-block-image size-large\"><img loading=\"lazy\" decoding=\"async\" width=\"1024\" height=\"576\" data-id=\"1003\" src=\"https:\/\/hotelmaritan.it\/wp-content\/uploads\/2023\/02\/bancone-bar-colazione-1024x576.jpg\" alt=\"\" class=\"wp-image-1003\" srcset=\"https:\/\/hotelmaritan.it\/wp-content\/uploads\/2023\/02\/bancone-bar-colazione-1024x576.jpg 1024w, https:\/\/hotelmaritan.it\/wp-content\/uploads\/2023\/02\/bancone-bar-colazione-300x169.jpg 300w, https:\/\/hotelmaritan.it\/wp-content\/uploads\/2023\/02\/bancone-bar-colazione-768x432.jpg 768w, https:\/\/hotelmaritan.it\/wp-content\/uploads\/2023\/02\/bancone-bar-colazione-1536x864.jpg 1536w, https:\/\/hotelmaritan.it\/wp-content\/uploads\/2023\/02\/bancone-bar-colazione-2048x1152.jpg 2048w\" sizes=\"(max-width: 1024px) 100vw, 1024px\" \/><\/figure>\n\n\n\n<figure class=\"wp-block-image size-large\"><img loading=\"lazy\" decoding=\"async\" width=\"1024\" height=\"576\" data-id=\"971\" src=\"https:\/\/hotelmaritan.it\/wp-content\/uploads\/2023\/02\/torta-della-nonna-1024x576.jpg\" alt=\"\" class=\"wp-image-971\" srcset=\"https:\/\/hotelmaritan.it\/wp-content\/uploads\/2023\/02\/torta-della-nonna-1024x576.jpg 1024w, https:\/\/hotelmaritan.it\/wp-content\/uploads\/2023\/02\/torta-della-nonna-300x169.jpg 300w, https:\/\/hotelmaritan.it\/wp-content\/uploads\/2023\/02\/torta-della-nonna-768x432.jpg 768w, https:\/\/hotelmaritan.it\/wp-content\/uploads\/2023\/02\/torta-della-nonna-1536x864.jpg 1536w, https:\/\/hotelmaritan.it\/wp-content\/uploads\/2023\/02\/torta-della-nonna-2048x1152.jpg 2048w\" sizes=\"(max-width: 1024px) 100vw, 1024px\" \/><\/figure>\n\n\n\n<figure class=\"wp-block-image size-large\"><img loading=\"lazy\" decoding=\"async\" width=\"1024\" height=\"576\" data-id=\"963\" src=\"https:\/\/hotelmaritan.it\/wp-content\/uploads\/2023\/02\/tavolo-colazione-1024x576.jpg\" alt=\"\" class=\"wp-image-963\" srcset=\"https:\/\/hotelmaritan.it\/wp-content\/uploads\/2023\/02\/tavolo-colazione-1024x576.jpg 1024w, https:\/\/hotelmaritan.it\/wp-content\/uploads\/2023\/02\/tavolo-colazione-300x169.jpg 300w, https:\/\/hotelmaritan.it\/wp-content\/uploads\/2023\/02\/tavolo-colazione-768x432.jpg 768w, https:\/\/hotelmaritan.it\/wp-content\/uploads\/2023\/02\/tavolo-colazione-1536x864.jpg 1536w, https:\/\/hotelmaritan.it\/wp-content\/uploads\/2023\/02\/tavolo-colazione-2048x1152.jpg 2048w\" sizes=\"(max-width: 1024px) 100vw, 1024px\" \/><\/figure>\n\n\n\n<figure class=\"wp-block-image size-large\"><img loading=\"lazy\" decoding=\"async\" width=\"1024\" height=\"576\" data-id=\"897\" src=\"https:\/\/hotelmaritan.it\/wp-content\/uploads\/2023\/02\/bancone-bar-1024x576.jpg\" alt=\"\" class=\"wp-image-897\" srcset=\"https:\/\/hotelmaritan.it\/wp-content\/uploads\/2023\/02\/bancone-bar-1024x576.jpg 1024w, https:\/\/hotelmaritan.it\/wp-content\/uploads\/2023\/02\/bancone-bar-300x169.jpg 300w, https:\/\/hotelmaritan.it\/wp-content\/uploads\/2023\/02\/bancone-bar-768x432.jpg 768w, https:\/\/hotelmaritan.it\/wp-content\/uploads\/2023\/02\/bancone-bar-1536x864.jpg 1536w, https:\/\/hotelmaritan.it\/wp-content\/uploads\/2023\/02\/bancone-bar-2048x1152.jpg 2048w\" sizes=\"(max-width: 1024px) 100vw, 1024px\" \/><\/figure>\n<\/figure>\n","protected":false},"excerpt":{"rendered":"<p>Notre petit-d\u00e9jeuner est une v\u00e9ritable exp\u00e9rience culinaire, avec des p\u00e2tisseries faites maison, des fruits frais, des muffins, des cr\u00eapes et une large s\u00e9lection de confitures maison. Tout est pr\u00e9par\u00e9 avec des ingr\u00e9dients de haute qualit\u00e9 et une attention particuli\u00e8re aux d\u00e9tails pour garantir une exp\u00e9rience gustative inoubliable. De plus, nous sommes heureux de proposer un [&hellip;]<\/p>\n","protected":false},"author":1,"featured_media":0,"parent":0,"menu_order":0,"comment_status":"closed","ping_status":"closed","template":"","meta":{"_acf_changed":false,"footnotes":""},"class_list":["post-1719","page","type-page","status-publish","hentry"],"acf":[],"yoast_head":"<!-- This site is optimized with the Yoast SEO plugin v25.0 - https:\/\/yoast.com\/wordpress\/plugins\/seo\/ -->\n<title>Petit-d\u00e9jeuner - Hotel Maritan Padova<\/title>\n<meta name=\"robots\" content=\"index, follow, max-snippet:-1, max-image-preview:large, max-video-preview:-1\" \/>\n<link rel=\"canonical\" href=\"https:\/\/hotelmaritan.it\/fr\/petit-dejeuner\/\" \/>\n<meta property=\"og:locale\" content=\"fr_FR\" \/>\n<meta property=\"og:type\" content=\"article\" \/>\n<meta property=\"og:title\" content=\"Petit-d\u00e9jeuner - Hotel Maritan Padova\" \/>\n<meta property=\"og:description\" content=\"Notre petit-d\u00e9jeuner est une v\u00e9ritable exp\u00e9rience culinaire, avec des p\u00e2tisseries faites maison, des fruits frais, des muffins, des cr\u00eapes et une large s\u00e9lection de confitures maison. Tout est pr\u00e9par\u00e9 avec des ingr\u00e9dients de haute qualit\u00e9 et une attention particuli\u00e8re aux d\u00e9tails pour garantir une exp\u00e9rience gustative inoubliable. De plus, nous sommes heureux de proposer un [&hellip;]\" \/>\n<meta property=\"og:url\" content=\"https:\/\/hotelmaritan.it\/fr\/petit-dejeuner\/\" \/>\n<meta property=\"og:site_name\" content=\"Hotel Maritan Padova\" \/>\n<meta property=\"article:publisher\" content=\"https:\/\/www.facebook.com\/hotelmaritan\/\" \/>\n<meta property=\"article:modified_time\" content=\"2023-03-03T08:28:45+00:00\" \/>\n<meta property=\"og:image\" content=\"https:\/\/hotelmaritan.it\/wp-content\/uploads\/2023\/02\/servizio-bar-1024x576.jpg\" \/>\n<meta name=\"twitter:card\" content=\"summary_large_image\" \/>\n<meta name=\"twitter:site\" content=\"@HotelMaritan\" \/>\n<meta name=\"twitter:label1\" content=\"Dur\u00e9e de lecture estim\u00e9e\" \/>\n\t<meta name=\"twitter:data1\" content=\"1 minute\" \/>\n<script type=\"application\/ld+json\" class=\"yoast-schema-graph\">{\"@context\":\"https:\/\/schema.org\",\"@graph\":[{\"@type\":\"WebPage\",\"@id\":\"https:\/\/hotelmaritan.it\/fr\/petit-dejeuner\/\",\"url\":\"https:\/\/hotelmaritan.it\/fr\/petit-dejeuner\/\",\"name\":\"Petit-d\u00e9jeuner - Hotel Maritan Padova\",\"isPartOf\":{\"@id\":\"https:\/\/hotelmaritan.it\/fr\/#website\"},\"primaryImageOfPage\":{\"@id\":\"https:\/\/hotelmaritan.it\/fr\/petit-dejeuner\/#primaryimage\"},\"image\":{\"@id\":\"https:\/\/hotelmaritan.it\/fr\/petit-dejeuner\/#primaryimage\"},\"thumbnailUrl\":\"https:\/\/hotelmaritan.it\/wp-content\/uploads\/2023\/02\/servizio-bar-1024x576.jpg\",\"datePublished\":\"2023-02-16T10:07:43+00:00\",\"dateModified\":\"2023-03-03T08:28:45+00:00\",\"breadcrumb\":{\"@id\":\"https:\/\/hotelmaritan.it\/fr\/petit-dejeuner\/#breadcrumb\"},\"inLanguage\":\"fr-FR\",\"potentialAction\":[{\"@type\":\"ReadAction\",\"target\":[\"https:\/\/hotelmaritan.it\/fr\/petit-dejeuner\/\"]}]},{\"@type\":\"ImageObject\",\"inLanguage\":\"fr-FR\",\"@id\":\"https:\/\/hotelmaritan.it\/fr\/petit-dejeuner\/#primaryimage\",\"url\":\"https:\/\/hotelmaritan.it\/wp-content\/uploads\/2023\/02\/servizio-bar-1024x576.jpg\",\"contentUrl\":\"https:\/\/hotelmaritan.it\/wp-content\/uploads\/2023\/02\/servizio-bar-1024x576.jpg\"},{\"@type\":\"BreadcrumbList\",\"@id\":\"https:\/\/hotelmaritan.it\/fr\/petit-dejeuner\/#breadcrumb\",\"itemListElement\":[{\"@type\":\"ListItem\",\"position\":1,\"name\":\"Home\",\"item\":\"https:\/\/hotelmaritan.it\/fr\/\"},{\"@type\":\"ListItem\",\"position\":2,\"name\":\"Petit-d\u00e9jeuner\"}]},{\"@type\":\"WebSite\",\"@id\":\"https:\/\/hotelmaritan.it\/fr\/#website\",\"url\":\"https:\/\/hotelmaritan.it\/fr\/\",\"name\":\"Hotel Maritan Padova\",\"description\":\"A Padova come essere a casa\",\"publisher\":{\"@id\":\"https:\/\/hotelmaritan.it\/fr\/#organization\"},\"potentialAction\":[{\"@type\":\"SearchAction\",\"target\":{\"@type\":\"EntryPoint\",\"urlTemplate\":\"https:\/\/hotelmaritan.it\/fr\/?s={search_term_string}\"},\"query-input\":{\"@type\":\"PropertyValueSpecification\",\"valueRequired\":true,\"valueName\":\"search_term_string\"}}],\"inLanguage\":\"fr-FR\"},{\"@type\":\"Organization\",\"@id\":\"https:\/\/hotelmaritan.it\/fr\/#organization\",\"name\":\"Hotel Maritan Padoue\",\"url\":\"https:\/\/hotelmaritan.it\/fr\/\",\"logo\":{\"@type\":\"ImageObject\",\"inLanguage\":\"fr-FR\",\"@id\":\"https:\/\/hotelmaritan.it\/fr\/#\/schema\/logo\/image\/\",\"url\":\"https:\/\/hotelmaritan.it\/wp-content\/uploads\/2022\/12\/logo-maritan.svg\",\"contentUrl\":\"https:\/\/hotelmaritan.it\/wp-content\/uploads\/2022\/12\/logo-maritan.svg\",\"width\":112,\"height\":67,\"caption\":\"Hotel Maritan Padoue\"},\"image\":{\"@id\":\"https:\/\/hotelmaritan.it\/fr\/#\/schema\/logo\/image\/\"},\"sameAs\":[\"https:\/\/www.facebook.com\/hotelmaritan\/\",\"https:\/\/x.com\/HotelMaritan\",\"https:\/\/www.instagram.com\/hotelmaritan\/?hl=it\",\"https:\/\/www.linkedin.com\/in\/hotel-maritan-padova-56ab2a63\/\"]}]}<\/script>\n<!-- \/ Yoast SEO plugin. -->","yoast_head_json":{"title":"Petit-d\u00e9jeuner - Hotel Maritan Padova","robots":{"index":"index","follow":"follow","max-snippet":"max-snippet:-1","max-image-preview":"max-image-preview:large","max-video-preview":"max-video-preview:-1"},"canonical":"https:\/\/hotelmaritan.it\/fr\/petit-dejeuner\/","og_locale":"fr_FR","og_type":"article","og_title":"Petit-d\u00e9jeuner - Hotel Maritan Padova","og_description":"Notre petit-d\u00e9jeuner est une v\u00e9ritable exp\u00e9rience culinaire, avec des p\u00e2tisseries faites maison, des fruits frais, des muffins, des cr\u00eapes et une large s\u00e9lection de confitures maison. Tout est pr\u00e9par\u00e9 avec des ingr\u00e9dients de haute qualit\u00e9 et une attention particuli\u00e8re aux d\u00e9tails pour garantir une exp\u00e9rience gustative inoubliable. De plus, nous sommes heureux de proposer un [&hellip;]","og_url":"https:\/\/hotelmaritan.it\/fr\/petit-dejeuner\/","og_site_name":"Hotel Maritan Padova","article_publisher":"https:\/\/www.facebook.com\/hotelmaritan\/","article_modified_time":"2023-03-03T08:28:45+00:00","og_image":[{"url":"https:\/\/hotelmaritan.it\/wp-content\/uploads\/2023\/02\/servizio-bar-1024x576.jpg","type":"","width":"","height":""}],"twitter_card":"summary_large_image","twitter_site":"@HotelMaritan","twitter_misc":{"Dur\u00e9e de lecture estim\u00e9e":"1 minute"},"schema":{"@context":"https:\/\/schema.org","@graph":[{"@type":"WebPage","@id":"https:\/\/hotelmaritan.it\/fr\/petit-dejeuner\/","url":"https:\/\/hotelmaritan.it\/fr\/petit-dejeuner\/","name":"Petit-d\u00e9jeuner - Hotel Maritan Padova","isPartOf":{"@id":"https:\/\/hotelmaritan.it\/fr\/#website"},"primaryImageOfPage":{"@id":"https:\/\/hotelmaritan.it\/fr\/petit-dejeuner\/#primaryimage"},"image":{"@id":"https:\/\/hotelmaritan.it\/fr\/petit-dejeuner\/#primaryimage"},"thumbnailUrl":"https:\/\/hotelmaritan.it\/wp-content\/uploads\/2023\/02\/servizio-bar-1024x576.jpg","datePublished":"2023-02-16T10:07:43+00:00","dateModified":"2023-03-03T08:28:45+00:00","breadcrumb":{"@id":"https:\/\/hotelmaritan.it\/fr\/petit-dejeuner\/#breadcrumb"},"inLanguage":"fr-FR","potentialAction":[{"@type":"ReadAction","target":["https:\/\/hotelmaritan.it\/fr\/petit-dejeuner\/"]}]},{"@type":"ImageObject","inLanguage":"fr-FR","@id":"https:\/\/hotelmaritan.it\/fr\/petit-dejeuner\/#primaryimage","url":"https:\/\/hotelmaritan.it\/wp-content\/uploads\/2023\/02\/servizio-bar-1024x576.jpg","contentUrl":"https:\/\/hotelmaritan.it\/wp-content\/uploads\/2023\/02\/servizio-bar-1024x576.jpg"},{"@type":"BreadcrumbList","@id":"https:\/\/hotelmaritan.it\/fr\/petit-dejeuner\/#breadcrumb","itemListElement":[{"@type":"ListItem","position":1,"name":"Home","item":"https:\/\/hotelmaritan.it\/fr\/"},{"@type":"ListItem","position":2,"name":"Petit-d\u00e9jeuner"}]},{"@type":"WebSite","@id":"https:\/\/hotelmaritan.it\/fr\/#website","url":"https:\/\/hotelmaritan.it\/fr\/","name":"Hotel Maritan Padova","description":"A Padova come essere a casa","publisher":{"@id":"https:\/\/hotelmaritan.it\/fr\/#organization"},"potentialAction":[{"@type":"SearchAction","target":{"@type":"EntryPoint","urlTemplate":"https:\/\/hotelmaritan.it\/fr\/?s={search_term_string}"},"query-input":{"@type":"PropertyValueSpecification","valueRequired":true,"valueName":"search_term_string"}}],"inLanguage":"fr-FR"},{"@type":"Organization","@id":"https:\/\/hotelmaritan.it\/fr\/#organization","name":"Hotel Maritan Padoue","url":"https:\/\/hotelmaritan.it\/fr\/","logo":{"@type":"ImageObject","inLanguage":"fr-FR","@id":"https:\/\/hotelmaritan.it\/fr\/#\/schema\/logo\/image\/","url":"https:\/\/hotelmaritan.it\/wp-content\/uploads\/2022\/12\/logo-maritan.svg","contentUrl":"https:\/\/hotelmaritan.it\/wp-content\/uploads\/2022\/12\/logo-maritan.svg","width":112,"height":67,"caption":"Hotel Maritan Padoue"},"image":{"@id":"https:\/\/hotelmaritan.it\/fr\/#\/schema\/logo\/image\/"},"sameAs":["https:\/\/www.facebook.com\/hotelmaritan\/","https:\/\/x.com\/HotelMaritan","https:\/\/www.instagram.com\/hotelmaritan\/?hl=it","https:\/\/www.linkedin.com\/in\/hotel-maritan-padova-56ab2a63\/"]}]}},"_links":{"self":[{"href":"https:\/\/hotelmaritan.it\/fr\/wp-json\/wp\/v2\/pages\/1719"}],"collection":[{"href":"https:\/\/hotelmaritan.it\/fr\/wp-json\/wp\/v2\/pages"}],"about":[{"href":"https:\/\/hotelmaritan.it\/fr\/wp-json\/wp\/v2\/types\/page"}],"author":[{"embeddable":true,"href":"https:\/\/hotelmaritan.it\/fr\/wp-json\/wp\/v2\/users\/1"}],"replies":[{"embeddable":true,"href":"https:\/\/hotelmaritan.it\/fr\/wp-json\/wp\/v2\/comments?post=1719"}],"version-history":[{"count":1,"href":"https:\/\/hotelmaritan.it\/fr\/wp-json\/wp\/v2\/pages\/1719\/revisions"}],"predecessor-version":[{"id":1723,"href":"https:\/\/hotelmaritan.it\/fr\/wp-json\/wp\/v2\/pages\/1719\/revisions\/1723"}],"wp:attachment":[{"href":"https:\/\/hotelmaritan.it\/fr\/wp-json\/wp\/v2\/media?parent=1719"}],"curies":[{"name":"wp","href":"https:\/\/api.w.org\/{rel}","templated":true}]}}