{"id":1681,"date":"2022-10-18T13:16:45","date_gmt":"2022-10-18T13:16:45","guid":{"rendered":"https:\/\/hotelmaritan.it\/contatti\/"},"modified":"2023-03-03T08:27:33","modified_gmt":"2023-03-03T08:27:33","slug":"contacts","status":"publish","type":"page","link":"https:\/\/hotelmaritan.it\/fr\/contacts\/","title":{"rendered":"Contacts"},"content":{"rendered":"\n<div class=\"wp-block-columns is-layout-flex wp-container-core-columns-is-layout-9d6595d7 wp-block-columns-is-layout-flex\">\n<div class=\"wp-block-column is-layout-flow wp-block-column-is-layout-flow\">\n<p><strong>Hotel Maritan ***<\/strong><\/p>\n\n\n\n<p>Via Gattamelata 34 <br>35128 Padova PD<br>(sur le navigateur n\u00b0 8)<\/p>\n\n\n\n<figure class=\"wp-block-image size-full\"><a href=\"https:\/\/wa.me\/+393348360314\" target=\"_blank\" rel=\"noreferrer noopener\"><img loading=\"lazy\" decoding=\"async\" width=\"40\" height=\"40\" src=\"https:\/\/hotelmaritan.it\/wp-content\/uploads\/2023\/02\/image.png\" alt=\"\" class=\"wp-image-1278\"\/><\/a><\/figure>\n\n\n\n<p>WhatsApp. <a href=\"https:\/\/wa.me\/+393348360314\">+393348360314<\/a><\/p>\n<\/div>\n\n\n\n<div class=\"wp-block-column is-layout-flow wp-block-column-is-layout-flow\">\n<p><strong>Heures de r\u00e9ception<\/strong><\/p>\n\n\n\n<p>du lundi au vendredi<br>du au<\/p>\n\n\n\n<p>Samedi et dimanche<br>du au<\/p>\n\n\n\n<p><strong>Arriv\u00e9e \u00e0 partir<\/strong> de 13:00 &#8211; <strong>D\u00e9part avant<\/strong> 11:00<\/p>\n<\/div>\n<\/div>\n","protected":false},"excerpt":{"rendered":"<p>Hotel Maritan *** Via Gattamelata 34 35128 Padova PD(sur le navigateur n\u00b0 8) WhatsApp. +393348360314 Heures de r\u00e9ception du lundi au vendredidu au Samedi et dimanchedu au Arriv\u00e9e \u00e0 partir de 13:00 &#8211; D\u00e9part avant 11:00<\/p>\n","protected":false},"author":1,"featured_media":499,"parent":0,"menu_order":0,"comment_status":"closed","ping_status":"closed","template":"templates\/contatti.php","meta":{"_acf_changed":false,"footnotes":""},"class_list":["post-1681","page","type-page","status-publish","has-post-thumbnail","hentry"],"acf":[],"yoast_head":"<!-- This site is optimized with the Yoast SEO plugin v27.3 - https:\/\/yoast.com\/product\/yoast-seo-wordpress\/ -->\n<title>Contacts - Hotel Maritan Padova<\/title>\n<meta name=\"robots\" content=\"index, follow, max-snippet:-1, max-image-preview:large, max-video-preview:-1\" \/>\n<link rel=\"canonical\" href=\"https:\/\/hotelmaritan.it\/fr\/contacts\/\" \/>\n<meta property=\"og:locale\" content=\"fr_FR\" \/>\n<meta property=\"og:type\" content=\"article\" \/>\n<meta property=\"og:title\" content=\"Contacts - Hotel Maritan Padova\" \/>\n<meta property=\"og:description\" content=\"Hotel Maritan *** Via Gattamelata 34 35128 Padova PD(sur le navigateur n\u00b0 8) WhatsApp. +393348360314 Heures de r\u00e9ception du lundi au vendredidu au Samedi et dimanchedu au Arriv\u00e9e \u00e0 partir de 13:00 &#8211; D\u00e9part avant 11:00\" \/>\n<meta property=\"og:url\" content=\"https:\/\/hotelmaritan.it\/fr\/contacts\/\" \/>\n<meta property=\"og:site_name\" content=\"Hotel Maritan Padova\" \/>\n<meta property=\"article:publisher\" content=\"https:\/\/www.facebook.com\/hotelmaritan\/\" \/>\n<meta property=\"article:modified_time\" content=\"2023-03-03T08:27:33+00:00\" \/>\n<meta property=\"og:image\" content=\"https:\/\/hotelmaritan.it\/wp-content\/uploads\/2023\/02\/personale-hotel.jpg\" \/>\n\t<meta property=\"og:image:width\" content=\"2560\" \/>\n\t<meta property=\"og:image:height\" content=\"1440\" \/>\n\t<meta property=\"og:image:type\" content=\"image\/jpeg\" \/>\n<meta name=\"twitter:card\" content=\"summary_large_image\" \/>\n<meta name=\"twitter:site\" content=\"@HotelMaritan\" \/>\n<script type=\"application\/ld+json\" class=\"yoast-schema-graph\">{\"@context\":\"https:\\\/\\\/schema.org\",\"@graph\":[{\"@type\":\"WebPage\",\"@id\":\"https:\\\/\\\/hotelmaritan.it\\\/fr\\\/contacts\\\/\",\"url\":\"https:\\\/\\\/hotelmaritan.it\\\/fr\\\/contacts\\\/\",\"name\":\"Contacts - Hotel Maritan Padova\",\"isPartOf\":{\"@id\":\"https:\\\/\\\/hotelmaritan.it\\\/fr\\\/#website\"},\"primaryImageOfPage\":{\"@id\":\"https:\\\/\\\/hotelmaritan.it\\\/fr\\\/contacts\\\/#primaryimage\"},\"image\":{\"@id\":\"https:\\\/\\\/hotelmaritan.it\\\/fr\\\/contacts\\\/#primaryimage\"},\"thumbnailUrl\":\"https:\\\/\\\/hotelmaritan.it\\\/wp-content\\\/uploads\\\/2023\\\/02\\\/personale-hotel.jpg\",\"datePublished\":\"2022-10-18T13:16:45+00:00\",\"dateModified\":\"2023-03-03T08:27:33+00:00\",\"breadcrumb\":{\"@id\":\"https:\\\/\\\/hotelmaritan.it\\\/fr\\\/contacts\\\/#breadcrumb\"},\"inLanguage\":\"fr-FR\",\"potentialAction\":[{\"@type\":\"ReadAction\",\"target\":[\"https:\\\/\\\/hotelmaritan.it\\\/fr\\\/contacts\\\/\"]}]},{\"@type\":\"ImageObject\",\"inLanguage\":\"fr-FR\",\"@id\":\"https:\\\/\\\/hotelmaritan.it\\\/fr\\\/contacts\\\/#primaryimage\",\"url\":\"https:\\\/\\\/hotelmaritan.it\\\/wp-content\\\/uploads\\\/2023\\\/02\\\/personale-hotel.jpg\",\"contentUrl\":\"https:\\\/\\\/hotelmaritan.it\\\/wp-content\\\/uploads\\\/2023\\\/02\\\/personale-hotel.jpg\",\"width\":2560,\"height\":1440},{\"@type\":\"BreadcrumbList\",\"@id\":\"https:\\\/\\\/hotelmaritan.it\\\/fr\\\/contacts\\\/#breadcrumb\",\"itemListElement\":[{\"@type\":\"ListItem\",\"position\":1,\"name\":\"Home\",\"item\":\"https:\\\/\\\/hotelmaritan.it\\\/fr\\\/\"},{\"@type\":\"ListItem\",\"position\":2,\"name\":\"Contacts\"}]},{\"@type\":\"WebSite\",\"@id\":\"https:\\\/\\\/hotelmaritan.it\\\/fr\\\/#website\",\"url\":\"https:\\\/\\\/hotelmaritan.it\\\/fr\\\/\",\"name\":\"Hotel Maritan Padova\",\"description\":\"A Padova come essere a casa\",\"publisher\":{\"@id\":\"https:\\\/\\\/hotelmaritan.it\\\/fr\\\/#organization\"},\"potentialAction\":[{\"@type\":\"SearchAction\",\"target\":{\"@type\":\"EntryPoint\",\"urlTemplate\":\"https:\\\/\\\/hotelmaritan.it\\\/fr\\\/?s={search_term_string}\"},\"query-input\":{\"@type\":\"PropertyValueSpecification\",\"valueRequired\":true,\"valueName\":\"search_term_string\"}}],\"inLanguage\":\"fr-FR\"},{\"@type\":\"Organization\",\"@id\":\"https:\\\/\\\/hotelmaritan.it\\\/fr\\\/#organization\",\"name\":\"Hotel Maritan Padoue\",\"url\":\"https:\\\/\\\/hotelmaritan.it\\\/fr\\\/\",\"logo\":{\"@type\":\"ImageObject\",\"inLanguage\":\"fr-FR\",\"@id\":\"https:\\\/\\\/hotelmaritan.it\\\/fr\\\/#\\\/schema\\\/logo\\\/image\\\/\",\"url\":\"https:\\\/\\\/hotelmaritan.it\\\/wp-content\\\/uploads\\\/2022\\\/12\\\/logo-maritan.svg\",\"contentUrl\":\"https:\\\/\\\/hotelmaritan.it\\\/wp-content\\\/uploads\\\/2022\\\/12\\\/logo-maritan.svg\",\"width\":112,\"height\":67,\"caption\":\"Hotel Maritan Padoue\"},\"image\":{\"@id\":\"https:\\\/\\\/hotelmaritan.it\\\/fr\\\/#\\\/schema\\\/logo\\\/image\\\/\"},\"sameAs\":[\"https:\\\/\\\/www.facebook.com\\\/hotelmaritan\\\/\",\"https:\\\/\\\/x.com\\\/HotelMaritan\",\"https:\\\/\\\/www.instagram.com\\\/hotelmaritan\\\/?hl=it\",\"https:\\\/\\\/www.linkedin.com\\\/in\\\/hotel-maritan-padova-56ab2a63\\\/\"]}]}<\/script>\n<!-- \/ Yoast SEO plugin. -->","yoast_head_json":{"title":"Contacts - Hotel Maritan Padova","robots":{"index":"index","follow":"follow","max-snippet":"max-snippet:-1","max-image-preview":"max-image-preview:large","max-video-preview":"max-video-preview:-1"},"canonical":"https:\/\/hotelmaritan.it\/fr\/contacts\/","og_locale":"fr_FR","og_type":"article","og_title":"Contacts - Hotel Maritan Padova","og_description":"Hotel Maritan *** Via Gattamelata 34 35128 Padova PD(sur le navigateur n\u00b0 8) WhatsApp. +393348360314 Heures de r\u00e9ception du lundi au vendredidu au Samedi et dimanchedu au Arriv\u00e9e \u00e0 partir de 13:00 &#8211; D\u00e9part avant 11:00","og_url":"https:\/\/hotelmaritan.it\/fr\/contacts\/","og_site_name":"Hotel Maritan Padova","article_publisher":"https:\/\/www.facebook.com\/hotelmaritan\/","article_modified_time":"2023-03-03T08:27:33+00:00","og_image":[{"width":2560,"height":1440,"url":"https:\/\/hotelmaritan.it\/wp-content\/uploads\/2023\/02\/personale-hotel.jpg","type":"image\/jpeg"}],"twitter_card":"summary_large_image","twitter_site":"@HotelMaritan","schema":{"@context":"https:\/\/schema.org","@graph":[{"@type":"WebPage","@id":"https:\/\/hotelmaritan.it\/fr\/contacts\/","url":"https:\/\/hotelmaritan.it\/fr\/contacts\/","name":"Contacts - Hotel Maritan Padova","isPartOf":{"@id":"https:\/\/hotelmaritan.it\/fr\/#website"},"primaryImageOfPage":{"@id":"https:\/\/hotelmaritan.it\/fr\/contacts\/#primaryimage"},"image":{"@id":"https:\/\/hotelmaritan.it\/fr\/contacts\/#primaryimage"},"thumbnailUrl":"https:\/\/hotelmaritan.it\/wp-content\/uploads\/2023\/02\/personale-hotel.jpg","datePublished":"2022-10-18T13:16:45+00:00","dateModified":"2023-03-03T08:27:33+00:00","breadcrumb":{"@id":"https:\/\/hotelmaritan.it\/fr\/contacts\/#breadcrumb"},"inLanguage":"fr-FR","potentialAction":[{"@type":"ReadAction","target":["https:\/\/hotelmaritan.it\/fr\/contacts\/"]}]},{"@type":"ImageObject","inLanguage":"fr-FR","@id":"https:\/\/hotelmaritan.it\/fr\/contacts\/#primaryimage","url":"https:\/\/hotelmaritan.it\/wp-content\/uploads\/2023\/02\/personale-hotel.jpg","contentUrl":"https:\/\/hotelmaritan.it\/wp-content\/uploads\/2023\/02\/personale-hotel.jpg","width":2560,"height":1440},{"@type":"BreadcrumbList","@id":"https:\/\/hotelmaritan.it\/fr\/contacts\/#breadcrumb","itemListElement":[{"@type":"ListItem","position":1,"name":"Home","item":"https:\/\/hotelmaritan.it\/fr\/"},{"@type":"ListItem","position":2,"name":"Contacts"}]},{"@type":"WebSite","@id":"https:\/\/hotelmaritan.it\/fr\/#website","url":"https:\/\/hotelmaritan.it\/fr\/","name":"Hotel Maritan Padova","description":"A Padova come essere a casa","publisher":{"@id":"https:\/\/hotelmaritan.it\/fr\/#organization"},"potentialAction":[{"@type":"SearchAction","target":{"@type":"EntryPoint","urlTemplate":"https:\/\/hotelmaritan.it\/fr\/?s={search_term_string}"},"query-input":{"@type":"PropertyValueSpecification","valueRequired":true,"valueName":"search_term_string"}}],"inLanguage":"fr-FR"},{"@type":"Organization","@id":"https:\/\/hotelmaritan.it\/fr\/#organization","name":"Hotel Maritan Padoue","url":"https:\/\/hotelmaritan.it\/fr\/","logo":{"@type":"ImageObject","inLanguage":"fr-FR","@id":"https:\/\/hotelmaritan.it\/fr\/#\/schema\/logo\/image\/","url":"https:\/\/hotelmaritan.it\/wp-content\/uploads\/2022\/12\/logo-maritan.svg","contentUrl":"https:\/\/hotelmaritan.it\/wp-content\/uploads\/2022\/12\/logo-maritan.svg","width":112,"height":67,"caption":"Hotel Maritan Padoue"},"image":{"@id":"https:\/\/hotelmaritan.it\/fr\/#\/schema\/logo\/image\/"},"sameAs":["https:\/\/www.facebook.com\/hotelmaritan\/","https:\/\/x.com\/HotelMaritan","https:\/\/www.instagram.com\/hotelmaritan\/?hl=it","https:\/\/www.linkedin.com\/in\/hotel-maritan-padova-56ab2a63\/"]}]}},"_links":{"self":[{"href":"https:\/\/hotelmaritan.it\/fr\/wp-json\/wp\/v2\/pages\/1681","targetHints":{"allow":["GET"]}}],"collection":[{"href":"https:\/\/hotelmaritan.it\/fr\/wp-json\/wp\/v2\/pages"}],"about":[{"href":"https:\/\/hotelmaritan.it\/fr\/wp-json\/wp\/v2\/types\/page"}],"author":[{"embeddable":true,"href":"https:\/\/hotelmaritan.it\/fr\/wp-json\/wp\/v2\/users\/1"}],"replies":[{"embeddable":true,"href":"https:\/\/hotelmaritan.it\/fr\/wp-json\/wp\/v2\/comments?post=1681"}],"version-history":[{"count":3,"href":"https:\/\/hotelmaritan.it\/fr\/wp-json\/wp\/v2\/pages\/1681\/revisions"}],"predecessor-version":[{"id":1784,"href":"https:\/\/hotelmaritan.it\/fr\/wp-json\/wp\/v2\/pages\/1681\/revisions\/1784"}],"wp:featuredmedia":[{"embeddable":true,"href":"https:\/\/hotelmaritan.it\/fr\/wp-json\/wp\/v2\/media\/499"}],"wp:attachment":[{"href":"https:\/\/hotelmaritan.it\/fr\/wp-json\/wp\/v2\/media?parent=1681"}],"curies":[{"name":"wp","href":"https:\/\/api.w.org\/{rel}","templated":true}]}}