{"id":1670,"date":"2023-01-18T14:48:10","date_gmt":"2023-01-18T14:48:10","guid":{"rendered":"https:\/\/hotelmaritan.it\/area-olistica-e-palestra\/"},"modified":"2023-03-15T11:15:55","modified_gmt":"2023-03-15T11:15:55","slug":"espace-holistique-et-gymnase","status":"publish","type":"page","link":"https:\/\/hotelmaritan.it\/fr\/espace-holistique-et-gymnase\/","title":{"rendered":"Espace holistique et gymnase"},"content":{"rendered":"\n<p>L&rsquo;H\u00f4tel Maritan est d\u00e9sormais un point de rencontre id\u00e9al entre le travail et le bien-\u00eatre, avec l&rsquo;ouverture d&rsquo;un espace holistique moderne et confortable.<br>L&rsquo;espace holistique est ouvert tous les jours de 11h00 \u00e0 22h30, et consiste en un v\u00e9ritable passage \u00e0 travers diff\u00e9rentes pi\u00e8ces o\u00f9 les couleurs, les odeurs et les sons sont sp\u00e9cialement con\u00e7us pour procurer du bien-\u00eatre :<\/p>\n\n\n\n<p><strong>La douche chromoth\u00e9rapie<\/strong><br>Un jet d&rsquo;eau \u00e0 temp\u00e9rature r\u00e9glable fait appel aux cinq sens par le biais de sept couleurs, ar\u00f4mes et sons. La chromoth\u00e9rapie permet de r\u00e9tablir l&rsquo;\u00e9quilibre corps-esprit.<\/p>\n\n\n\n<p><strong>Bain turc<\/strong><br>Un environnement o\u00f9 l&rsquo;humidit\u00e9 relative est tr\u00e8s \u00e9lev\u00e9e avec des temp\u00e9ratures allant de 40 \u00e0 60\u00b0 C et envelopp\u00e9 d&rsquo;un \u00e9clairage qui suit la chromoth\u00e9rapie, offre un bien-\u00eatre psychophysique complet.<\/p>\n\n\n\n<p><strong>Douche \u00e0 vapeur froide<\/strong><br>Une pluie d&rsquo;eau finement atomis\u00e9e, un traitement qui a un effet vivifiant et tonifiant.<\/p>\n\n\n\n<p><strong>Douche en cascade<\/strong><br>Une douche en cascade o\u00f9 l&rsquo;intensit\u00e9 et la chaleur de l&rsquo;eau peuvent \u00eatre r\u00e9gl\u00e9es, ce qui donne lieu \u00e0 un massage bienveillant.<\/p>\n\n\n\n<p><strong>Douche tropicale<\/strong><br>S\u00e9quences altern\u00e9es de jets d&rsquo;eau pour une sensation d&rsquo;\u00eatre dans une for\u00eat tropicale.<\/p>\n\n\n\n<p><strong>Hydromassage<\/strong><br>Une baignoire sp\u00e9ciale qui masse le corps avec des jets d&rsquo;eau pour donner au corps et \u00e0 l&rsquo;esprit une sensation de relaxation compl\u00e8te.<\/p>\n\n\n\n<p><strong>Coin fitness<\/strong><br>Un espace \u00e9quip\u00e9 et d\u00e9di\u00e9 \u00e0 ceux qui veulent rester en forme.<\/p>\n\n\n\n<p>L&rsquo;entr\u00e9e est interdite aux personnes de moins de 16 ans.<\/p>\n\n\n\n<p>Pour entrer dans l&rsquo;espace holistique, l&rsquo;utilisation de chaussons de bain et de bonnet de bain est obligatoire. Pour les clients qui n&rsquo;en ont pas, le kit n\u00e9cessaire peut \u00eatre lou\u00e9 moyennant un co\u00fbt unique de 5,00 euros.<\/p>\n\n\n\n<p>Notre personnel est \u00e0 votre enti\u00e8re disposition.<\/p>\n\n\n\n<figure class=\"wp-block-gallery has-nested-images columns-default is-cropped wp-block-gallery-1 is-layout-flex wp-block-gallery-is-layout-flex\">\n<figure class=\"wp-block-image size-large\"><img loading=\"lazy\" decoding=\"async\" width=\"1024\" height=\"576\" data-id=\"467\" src=\"https:\/\/hotelmaritan.it\/wp-content\/uploads\/2023\/02\/area-relax-2-1024x576.jpg\" alt=\"\" class=\"wp-image-467\" srcset=\"https:\/\/hotelmaritan.it\/wp-content\/uploads\/2023\/02\/area-relax-2-1024x576.jpg 1024w, https:\/\/hotelmaritan.it\/wp-content\/uploads\/2023\/02\/area-relax-2-300x169.jpg 300w, https:\/\/hotelmaritan.it\/wp-content\/uploads\/2023\/02\/area-relax-2-768x432.jpg 768w, https:\/\/hotelmaritan.it\/wp-content\/uploads\/2023\/02\/area-relax-2-1536x864.jpg 1536w, https:\/\/hotelmaritan.it\/wp-content\/uploads\/2023\/02\/area-relax-2-2048x1152.jpg 2048w\" sizes=\"auto, (max-width: 1024px) 100vw, 1024px\" \/><\/figure>\n\n\n\n<figure class=\"wp-block-image size-large\"><img loading=\"lazy\" decoding=\"async\" width=\"1024\" height=\"576\" data-id=\"473\" src=\"https:\/\/hotelmaritan.it\/wp-content\/uploads\/2023\/02\/area-relax-1024x576.jpg\" alt=\"\" class=\"wp-image-473\" srcset=\"https:\/\/hotelmaritan.it\/wp-content\/uploads\/2023\/02\/area-relax-1024x576.jpg 1024w, https:\/\/hotelmaritan.it\/wp-content\/uploads\/2023\/02\/area-relax-300x169.jpg 300w, https:\/\/hotelmaritan.it\/wp-content\/uploads\/2023\/02\/area-relax-768x432.jpg 768w, https:\/\/hotelmaritan.it\/wp-content\/uploads\/2023\/02\/area-relax-1536x864.jpg 1536w, https:\/\/hotelmaritan.it\/wp-content\/uploads\/2023\/02\/area-relax-2048x1152.jpg 2048w\" sizes=\"auto, (max-width: 1024px) 100vw, 1024px\" \/><\/figure>\n\n\n\n<figure class=\"wp-block-image size-large\"><img loading=\"lazy\" decoding=\"async\" width=\"1024\" height=\"576\" data-id=\"471\" src=\"https:\/\/hotelmaritan.it\/wp-content\/uploads\/2023\/02\/ingresso-spa-1024x576.jpg\" alt=\"\" class=\"wp-image-471\" srcset=\"https:\/\/hotelmaritan.it\/wp-content\/uploads\/2023\/02\/ingresso-spa-1024x576.jpg 1024w, https:\/\/hotelmaritan.it\/wp-content\/uploads\/2023\/02\/ingresso-spa-300x169.jpg 300w, https:\/\/hotelmaritan.it\/wp-content\/uploads\/2023\/02\/ingresso-spa-768x432.jpg 768w, https:\/\/hotelmaritan.it\/wp-content\/uploads\/2023\/02\/ingresso-spa-1536x864.jpg 1536w, https:\/\/hotelmaritan.it\/wp-content\/uploads\/2023\/02\/ingresso-spa-2048x1152.jpg 2048w\" sizes=\"auto, (max-width: 1024px) 100vw, 1024px\" \/><\/figure>\n\n\n\n<figure class=\"wp-block-image size-large\"><img loading=\"lazy\" decoding=\"async\" width=\"1024\" height=\"576\" data-id=\"459\" src=\"https:\/\/hotelmaritan.it\/wp-content\/uploads\/2023\/02\/palestra-1024x576.jpg\" alt=\"\" class=\"wp-image-459\" srcset=\"https:\/\/hotelmaritan.it\/wp-content\/uploads\/2023\/02\/palestra-1024x576.jpg 1024w, https:\/\/hotelmaritan.it\/wp-content\/uploads\/2023\/02\/palestra-300x169.jpg 300w, https:\/\/hotelmaritan.it\/wp-content\/uploads\/2023\/02\/palestra-768x432.jpg 768w, https:\/\/hotelmaritan.it\/wp-content\/uploads\/2023\/02\/palestra-1536x864.jpg 1536w, https:\/\/hotelmaritan.it\/wp-content\/uploads\/2023\/02\/palestra-2048x1152.jpg 2048w\" sizes=\"auto, (max-width: 1024px) 100vw, 1024px\" \/><\/figure>\n\n\n\n<figure class=\"wp-block-image size-large\"><img loading=\"lazy\" decoding=\"async\" width=\"1024\" height=\"576\" data-id=\"484\" src=\"https:\/\/hotelmaritan.it\/wp-content\/uploads\/2023\/02\/piscina-spa-1-1024x576.jpg\" alt=\"\" class=\"wp-image-484\" srcset=\"https:\/\/hotelmaritan.it\/wp-content\/uploads\/2023\/02\/piscina-spa-1-1024x576.jpg 1024w, https:\/\/hotelmaritan.it\/wp-content\/uploads\/2023\/02\/piscina-spa-1-300x169.jpg 300w, https:\/\/hotelmaritan.it\/wp-content\/uploads\/2023\/02\/piscina-spa-1-768x432.jpg 768w, https:\/\/hotelmaritan.it\/wp-content\/uploads\/2023\/02\/piscina-spa-1-1536x864.jpg 1536w, https:\/\/hotelmaritan.it\/wp-content\/uploads\/2023\/02\/piscina-spa-1-2048x1152.jpg 2048w\" sizes=\"auto, (max-width: 1024px) 100vw, 1024px\" \/><\/figure>\n\n\n\n<figure class=\"wp-block-image size-large\"><img loading=\"lazy\" decoding=\"async\" width=\"1024\" height=\"576\" data-id=\"483\" src=\"https:\/\/hotelmaritan.it\/wp-content\/uploads\/2023\/02\/piscina-1024x576.jpg\" alt=\"\" class=\"wp-image-483\" srcset=\"https:\/\/hotelmaritan.it\/wp-content\/uploads\/2023\/02\/piscina-1024x576.jpg 1024w, https:\/\/hotelmaritan.it\/wp-content\/uploads\/2023\/02\/piscina-300x169.jpg 300w, https:\/\/hotelmaritan.it\/wp-content\/uploads\/2023\/02\/piscina-768x432.jpg 768w, https:\/\/hotelmaritan.it\/wp-content\/uploads\/2023\/02\/piscina-1536x864.jpg 1536w, https:\/\/hotelmaritan.it\/wp-content\/uploads\/2023\/02\/piscina-2048x1152.jpg 2048w\" sizes=\"auto, (max-width: 1024px) 100vw, 1024px\" \/><\/figure>\n\n\n\n<figure class=\"wp-block-image size-large\"><img loading=\"lazy\" decoding=\"async\" width=\"1024\" height=\"576\" data-id=\"476\" src=\"https:\/\/hotelmaritan.it\/wp-content\/uploads\/2023\/02\/relax-1024x576.jpg\" alt=\"\" class=\"wp-image-476\" srcset=\"https:\/\/hotelmaritan.it\/wp-content\/uploads\/2023\/02\/relax-1024x576.jpg 1024w, https:\/\/hotelmaritan.it\/wp-content\/uploads\/2023\/02\/relax-300x169.jpg 300w, https:\/\/hotelmaritan.it\/wp-content\/uploads\/2023\/02\/relax-768x432.jpg 768w, https:\/\/hotelmaritan.it\/wp-content\/uploads\/2023\/02\/relax-1536x864.jpg 1536w, https:\/\/hotelmaritan.it\/wp-content\/uploads\/2023\/02\/relax-2048x1152.jpg 2048w\" sizes=\"auto, (max-width: 1024px) 100vw, 1024px\" \/><\/figure>\n\n\n\n<figure class=\"wp-block-image size-large\"><img loading=\"lazy\" decoding=\"async\" width=\"1024\" height=\"576\" data-id=\"463\" src=\"https:\/\/hotelmaritan.it\/wp-content\/uploads\/2023\/02\/sauna-1024x576.jpg\" alt=\"\" class=\"wp-image-463\" srcset=\"https:\/\/hotelmaritan.it\/wp-content\/uploads\/2023\/02\/sauna-1024x576.jpg 1024w, https:\/\/hotelmaritan.it\/wp-content\/uploads\/2023\/02\/sauna-300x169.jpg 300w, https:\/\/hotelmaritan.it\/wp-content\/uploads\/2023\/02\/sauna-768x432.jpg 768w, https:\/\/hotelmaritan.it\/wp-content\/uploads\/2023\/02\/sauna-1536x864.jpg 1536w, https:\/\/hotelmaritan.it\/wp-content\/uploads\/2023\/02\/sauna-2048x1152.jpg 2048w\" sizes=\"auto, (max-width: 1024px) 100vw, 1024px\" \/><\/figure>\n\n\n\n<figure class=\"wp-block-image size-large\"><img loading=\"lazy\" decoding=\"async\" width=\"1024\" height=\"576\" data-id=\"491\" src=\"https:\/\/hotelmaritan.it\/wp-content\/uploads\/2023\/02\/spa-1024x576.jpg\" alt=\"\" class=\"wp-image-491\" srcset=\"https:\/\/hotelmaritan.it\/wp-content\/uploads\/2023\/02\/spa-1024x576.jpg 1024w, https:\/\/hotelmaritan.it\/wp-content\/uploads\/2023\/02\/spa-300x169.jpg 300w, https:\/\/hotelmaritan.it\/wp-content\/uploads\/2023\/02\/spa-768x432.jpg 768w, https:\/\/hotelmaritan.it\/wp-content\/uploads\/2023\/02\/spa-1536x864.jpg 1536w, https:\/\/hotelmaritan.it\/wp-content\/uploads\/2023\/02\/spa-2048x1152.jpg 2048w\" sizes=\"auto, (max-width: 1024px) 100vw, 1024px\" \/><\/figure>\n<\/figure>\n","protected":false},"excerpt":{"rendered":"<p>L&rsquo;H\u00f4tel Maritan est d\u00e9sormais un point de rencontre id\u00e9al entre le travail et le bien-\u00eatre, avec l&rsquo;ouverture d&rsquo;un espace holistique moderne et confortable.L&rsquo;espace holistique est ouvert tous les jours de 11h00 \u00e0 22h30, et consiste en un v\u00e9ritable passage \u00e0 travers diff\u00e9rentes pi\u00e8ces o\u00f9 les couleurs, les odeurs et les sons sont sp\u00e9cialement con\u00e7us pour [&hellip;]<\/p>\n","protected":false},"author":1,"featured_media":455,"parent":0,"menu_order":0,"comment_status":"closed","ping_status":"closed","template":"","meta":{"_acf_changed":false,"footnotes":""},"class_list":["post-1670","page","type-page","status-publish","has-post-thumbnail","hentry"],"acf":[],"yoast_head":"<!-- This site is optimized with the Yoast SEO plugin v27.3 - https:\/\/yoast.com\/product\/yoast-seo-wordpress\/ -->\n<title>Oubliez le stress et passez du temps dans notre espace holistique<\/title>\n<meta name=\"description\" content=\"L&#039;H\u00f4tel Maritan est d\u00e9sormais un point de rencontre id\u00e9al pour le travail et le bien-\u00eatre, avec l&#039;ouverture d&#039;un espace holistique moderne et confortable.\" \/>\n<meta name=\"robots\" content=\"index, follow, max-snippet:-1, max-image-preview:large, max-video-preview:-1\" \/>\n<link rel=\"canonical\" href=\"https:\/\/hotelmaritan.it\/fr\/espace-holistique-et-gymnase\/\" \/>\n<meta property=\"og:locale\" content=\"fr_FR\" \/>\n<meta property=\"og:type\" content=\"article\" \/>\n<meta property=\"og:title\" content=\"Oubliez le stress et passez du temps dans notre espace holistique\" \/>\n<meta property=\"og:description\" content=\"L&#039;H\u00f4tel Maritan est d\u00e9sormais un point de rencontre id\u00e9al pour le travail et le bien-\u00eatre, avec l&#039;ouverture d&#039;un espace holistique moderne et confortable.\" \/>\n<meta property=\"og:url\" content=\"https:\/\/hotelmaritan.it\/fr\/espace-holistique-et-gymnase\/\" \/>\n<meta property=\"og:site_name\" content=\"Hotel Maritan Padova\" \/>\n<meta property=\"article:publisher\" content=\"https:\/\/www.facebook.com\/hotelmaritan\/\" \/>\n<meta property=\"article:modified_time\" content=\"2023-03-15T11:15:55+00:00\" \/>\n<meta property=\"og:image\" content=\"https:\/\/hotelmaritan.it\/wp-content\/uploads\/2023\/02\/piscina-spa.jpg\" \/>\n\t<meta property=\"og:image:width\" content=\"2560\" \/>\n\t<meta property=\"og:image:height\" content=\"1440\" \/>\n\t<meta property=\"og:image:type\" content=\"image\/jpeg\" \/>\n<meta name=\"twitter:card\" content=\"summary_large_image\" \/>\n<meta name=\"twitter:site\" content=\"@HotelMaritan\" \/>\n<meta name=\"twitter:label1\" content=\"Dur\u00e9e de lecture estim\u00e9e\" \/>\n\t<meta name=\"twitter:data1\" content=\"4 minutes\" \/>\n<script type=\"application\/ld+json\" class=\"yoast-schema-graph\">{\"@context\":\"https:\\\/\\\/schema.org\",\"@graph\":[{\"@type\":\"WebPage\",\"@id\":\"https:\\\/\\\/hotelmaritan.it\\\/fr\\\/espace-holistique-et-gymnase\\\/\",\"url\":\"https:\\\/\\\/hotelmaritan.it\\\/fr\\\/espace-holistique-et-gymnase\\\/\",\"name\":\"Oubliez le stress et passez du temps dans notre espace holistique\",\"isPartOf\":{\"@id\":\"https:\\\/\\\/hotelmaritan.it\\\/fr\\\/#website\"},\"primaryImageOfPage\":{\"@id\":\"https:\\\/\\\/hotelmaritan.it\\\/fr\\\/espace-holistique-et-gymnase\\\/#primaryimage\"},\"image\":{\"@id\":\"https:\\\/\\\/hotelmaritan.it\\\/fr\\\/espace-holistique-et-gymnase\\\/#primaryimage\"},\"thumbnailUrl\":\"https:\\\/\\\/hotelmaritan.it\\\/wp-content\\\/uploads\\\/2023\\\/02\\\/piscina-spa.jpg\",\"datePublished\":\"2023-01-18T14:48:10+00:00\",\"dateModified\":\"2023-03-15T11:15:55+00:00\",\"description\":\"L'H\u00f4tel Maritan est d\u00e9sormais un point de rencontre id\u00e9al pour le travail et le bien-\u00eatre, avec l'ouverture d'un espace holistique moderne et confortable.\",\"breadcrumb\":{\"@id\":\"https:\\\/\\\/hotelmaritan.it\\\/fr\\\/espace-holistique-et-gymnase\\\/#breadcrumb\"},\"inLanguage\":\"fr-FR\",\"potentialAction\":[{\"@type\":\"ReadAction\",\"target\":[\"https:\\\/\\\/hotelmaritan.it\\\/fr\\\/espace-holistique-et-gymnase\\\/\"]}]},{\"@type\":\"ImageObject\",\"inLanguage\":\"fr-FR\",\"@id\":\"https:\\\/\\\/hotelmaritan.it\\\/fr\\\/espace-holistique-et-gymnase\\\/#primaryimage\",\"url\":\"https:\\\/\\\/hotelmaritan.it\\\/wp-content\\\/uploads\\\/2023\\\/02\\\/piscina-spa.jpg\",\"contentUrl\":\"https:\\\/\\\/hotelmaritan.it\\\/wp-content\\\/uploads\\\/2023\\\/02\\\/piscina-spa.jpg\",\"width\":2560,\"height\":1440},{\"@type\":\"BreadcrumbList\",\"@id\":\"https:\\\/\\\/hotelmaritan.it\\\/fr\\\/espace-holistique-et-gymnase\\\/#breadcrumb\",\"itemListElement\":[{\"@type\":\"ListItem\",\"position\":1,\"name\":\"Home\",\"item\":\"https:\\\/\\\/hotelmaritan.it\\\/fr\\\/\"},{\"@type\":\"ListItem\",\"position\":2,\"name\":\"Espace holistique et gymnase\"}]},{\"@type\":\"WebSite\",\"@id\":\"https:\\\/\\\/hotelmaritan.it\\\/fr\\\/#website\",\"url\":\"https:\\\/\\\/hotelmaritan.it\\\/fr\\\/\",\"name\":\"Hotel Maritan Padova\",\"description\":\"A Padova come essere a casa\",\"publisher\":{\"@id\":\"https:\\\/\\\/hotelmaritan.it\\\/fr\\\/#organization\"},\"potentialAction\":[{\"@type\":\"SearchAction\",\"target\":{\"@type\":\"EntryPoint\",\"urlTemplate\":\"https:\\\/\\\/hotelmaritan.it\\\/fr\\\/?s={search_term_string}\"},\"query-input\":{\"@type\":\"PropertyValueSpecification\",\"valueRequired\":true,\"valueName\":\"search_term_string\"}}],\"inLanguage\":\"fr-FR\"},{\"@type\":\"Organization\",\"@id\":\"https:\\\/\\\/hotelmaritan.it\\\/fr\\\/#organization\",\"name\":\"Hotel Maritan Padoue\",\"url\":\"https:\\\/\\\/hotelmaritan.it\\\/fr\\\/\",\"logo\":{\"@type\":\"ImageObject\",\"inLanguage\":\"fr-FR\",\"@id\":\"https:\\\/\\\/hotelmaritan.it\\\/fr\\\/#\\\/schema\\\/logo\\\/image\\\/\",\"url\":\"https:\\\/\\\/hotelmaritan.it\\\/wp-content\\\/uploads\\\/2022\\\/12\\\/logo-maritan.svg\",\"contentUrl\":\"https:\\\/\\\/hotelmaritan.it\\\/wp-content\\\/uploads\\\/2022\\\/12\\\/logo-maritan.svg\",\"width\":112,\"height\":67,\"caption\":\"Hotel Maritan Padoue\"},\"image\":{\"@id\":\"https:\\\/\\\/hotelmaritan.it\\\/fr\\\/#\\\/schema\\\/logo\\\/image\\\/\"},\"sameAs\":[\"https:\\\/\\\/www.facebook.com\\\/hotelmaritan\\\/\",\"https:\\\/\\\/x.com\\\/HotelMaritan\",\"https:\\\/\\\/www.instagram.com\\\/hotelmaritan\\\/?hl=it\",\"https:\\\/\\\/www.linkedin.com\\\/in\\\/hotel-maritan-padova-56ab2a63\\\/\"]}]}<\/script>\n<!-- \/ Yoast SEO plugin. -->","yoast_head_json":{"title":"Oubliez le stress et passez du temps dans notre espace holistique","description":"L'H\u00f4tel Maritan est d\u00e9sormais un point de rencontre id\u00e9al pour le travail et le bien-\u00eatre, avec l'ouverture d'un espace holistique moderne et confortable.","robots":{"index":"index","follow":"follow","max-snippet":"max-snippet:-1","max-image-preview":"max-image-preview:large","max-video-preview":"max-video-preview:-1"},"canonical":"https:\/\/hotelmaritan.it\/fr\/espace-holistique-et-gymnase\/","og_locale":"fr_FR","og_type":"article","og_title":"Oubliez le stress et passez du temps dans notre espace holistique","og_description":"L'H\u00f4tel Maritan est d\u00e9sormais un point de rencontre id\u00e9al pour le travail et le bien-\u00eatre, avec l'ouverture d'un espace holistique moderne et confortable.","og_url":"https:\/\/hotelmaritan.it\/fr\/espace-holistique-et-gymnase\/","og_site_name":"Hotel Maritan Padova","article_publisher":"https:\/\/www.facebook.com\/hotelmaritan\/","article_modified_time":"2023-03-15T11:15:55+00:00","og_image":[{"width":2560,"height":1440,"url":"https:\/\/hotelmaritan.it\/wp-content\/uploads\/2023\/02\/piscina-spa.jpg","type":"image\/jpeg"}],"twitter_card":"summary_large_image","twitter_site":"@HotelMaritan","twitter_misc":{"Dur\u00e9e de lecture estim\u00e9e":"4 minutes"},"schema":{"@context":"https:\/\/schema.org","@graph":[{"@type":"WebPage","@id":"https:\/\/hotelmaritan.it\/fr\/espace-holistique-et-gymnase\/","url":"https:\/\/hotelmaritan.it\/fr\/espace-holistique-et-gymnase\/","name":"Oubliez le stress et passez du temps dans notre espace holistique","isPartOf":{"@id":"https:\/\/hotelmaritan.it\/fr\/#website"},"primaryImageOfPage":{"@id":"https:\/\/hotelmaritan.it\/fr\/espace-holistique-et-gymnase\/#primaryimage"},"image":{"@id":"https:\/\/hotelmaritan.it\/fr\/espace-holistique-et-gymnase\/#primaryimage"},"thumbnailUrl":"https:\/\/hotelmaritan.it\/wp-content\/uploads\/2023\/02\/piscina-spa.jpg","datePublished":"2023-01-18T14:48:10+00:00","dateModified":"2023-03-15T11:15:55+00:00","description":"L'H\u00f4tel Maritan est d\u00e9sormais un point de rencontre id\u00e9al pour le travail et le bien-\u00eatre, avec l'ouverture d'un espace holistique moderne et confortable.","breadcrumb":{"@id":"https:\/\/hotelmaritan.it\/fr\/espace-holistique-et-gymnase\/#breadcrumb"},"inLanguage":"fr-FR","potentialAction":[{"@type":"ReadAction","target":["https:\/\/hotelmaritan.it\/fr\/espace-holistique-et-gymnase\/"]}]},{"@type":"ImageObject","inLanguage":"fr-FR","@id":"https:\/\/hotelmaritan.it\/fr\/espace-holistique-et-gymnase\/#primaryimage","url":"https:\/\/hotelmaritan.it\/wp-content\/uploads\/2023\/02\/piscina-spa.jpg","contentUrl":"https:\/\/hotelmaritan.it\/wp-content\/uploads\/2023\/02\/piscina-spa.jpg","width":2560,"height":1440},{"@type":"BreadcrumbList","@id":"https:\/\/hotelmaritan.it\/fr\/espace-holistique-et-gymnase\/#breadcrumb","itemListElement":[{"@type":"ListItem","position":1,"name":"Home","item":"https:\/\/hotelmaritan.it\/fr\/"},{"@type":"ListItem","position":2,"name":"Espace holistique et gymnase"}]},{"@type":"WebSite","@id":"https:\/\/hotelmaritan.it\/fr\/#website","url":"https:\/\/hotelmaritan.it\/fr\/","name":"Hotel Maritan Padova","description":"A Padova come essere a casa","publisher":{"@id":"https:\/\/hotelmaritan.it\/fr\/#organization"},"potentialAction":[{"@type":"SearchAction","target":{"@type":"EntryPoint","urlTemplate":"https:\/\/hotelmaritan.it\/fr\/?s={search_term_string}"},"query-input":{"@type":"PropertyValueSpecification","valueRequired":true,"valueName":"search_term_string"}}],"inLanguage":"fr-FR"},{"@type":"Organization","@id":"https:\/\/hotelmaritan.it\/fr\/#organization","name":"Hotel Maritan Padoue","url":"https:\/\/hotelmaritan.it\/fr\/","logo":{"@type":"ImageObject","inLanguage":"fr-FR","@id":"https:\/\/hotelmaritan.it\/fr\/#\/schema\/logo\/image\/","url":"https:\/\/hotelmaritan.it\/wp-content\/uploads\/2022\/12\/logo-maritan.svg","contentUrl":"https:\/\/hotelmaritan.it\/wp-content\/uploads\/2022\/12\/logo-maritan.svg","width":112,"height":67,"caption":"Hotel Maritan Padoue"},"image":{"@id":"https:\/\/hotelmaritan.it\/fr\/#\/schema\/logo\/image\/"},"sameAs":["https:\/\/www.facebook.com\/hotelmaritan\/","https:\/\/x.com\/HotelMaritan","https:\/\/www.instagram.com\/hotelmaritan\/?hl=it","https:\/\/www.linkedin.com\/in\/hotel-maritan-padova-56ab2a63\/"]}]}},"_links":{"self":[{"href":"https:\/\/hotelmaritan.it\/fr\/wp-json\/wp\/v2\/pages\/1670","targetHints":{"allow":["GET"]}}],"collection":[{"href":"https:\/\/hotelmaritan.it\/fr\/wp-json\/wp\/v2\/pages"}],"about":[{"href":"https:\/\/hotelmaritan.it\/fr\/wp-json\/wp\/v2\/types\/page"}],"author":[{"embeddable":true,"href":"https:\/\/hotelmaritan.it\/fr\/wp-json\/wp\/v2\/users\/1"}],"replies":[{"embeddable":true,"href":"https:\/\/hotelmaritan.it\/fr\/wp-json\/wp\/v2\/comments?post=1670"}],"version-history":[{"count":2,"href":"https:\/\/hotelmaritan.it\/fr\/wp-json\/wp\/v2\/pages\/1670\/revisions"}],"predecessor-version":[{"id":2003,"href":"https:\/\/hotelmaritan.it\/fr\/wp-json\/wp\/v2\/pages\/1670\/revisions\/2003"}],"wp:featuredmedia":[{"embeddable":true,"href":"https:\/\/hotelmaritan.it\/fr\/wp-json\/wp\/v2\/media\/455"}],"wp:attachment":[{"href":"https:\/\/hotelmaritan.it\/fr\/wp-json\/wp\/v2\/media?parent=1670"}],"curies":[{"name":"wp","href":"https:\/\/api.w.org\/{rel}","templated":true}]}}