{"id":1664,"date":"2023-02-28T09:37:06","date_gmt":"2023-02-28T09:37:06","guid":{"rendered":"https:\/\/hotelmaritan.it\/bio-hotel\/"},"modified":"2023-03-09T09:33:44","modified_gmt":"2023-03-09T09:33:44","slug":"bio-hotel","status":"publish","type":"page","link":"https:\/\/hotelmaritan.it\/fr\/bio-hotel\/","title":{"rendered":"Green Hotel"},"content":{"rendered":"\n<p>Nous avons adopt\u00e9 des technologies vertes pour r\u00e9duire l&rsquo;impact de l&rsquo;h\u00f4tel sur l&rsquo;environnement et garantir le confort de nos clients.<br>Nous avons install\u00e9 des bornes de recharge \u00e9lectrique dans le parking pour les v\u00e9hicules \u00e9lectriques de nos clients, utilis\u00e9 l&rsquo;\u00e9nergie solaire thermique et des panneaux photovolta\u00efques pour alimenter l&rsquo;h\u00f4tel, introduit des cl\u00e9s de chambre \u00e9lectroniques, install\u00e9 un co-g\u00e9n\u00e9rateur pour g\u00e9n\u00e9rer efficacement de l&rsquo;\u00e9lectricit\u00e9 et du chauffage, et utilis\u00e9 la domotique pour contr\u00f4ler la temp\u00e9rature dans les chambres.<br>Ces technologies permettent de r\u00e9duire la consommation d&rsquo;\u00e9nergie et les \u00e9missions de CO2 de l&rsquo;h\u00f4tel, offrant ainsi \u00e0 nos clients un s\u00e9jour respectueux de l&rsquo;environnement.<\/p>\n\n\n\n<div class=\"wp-block-columns is-layout-flex wp-container-core-columns-is-layout-1 wp-block-columns-is-layout-flex\">\n<div class=\"wp-block-column is-layout-flow wp-block-column-is-layout-flow\">\n<figure class=\"wp-block-image size-large\"><img loading=\"lazy\" decoding=\"async\" width=\"683\" height=\"1024\" src=\"https:\/\/hotelmaritan.it\/wp-content\/uploads\/2023\/02\/galleria_31-683x1024.jpg\" alt=\"\" class=\"wp-image-1438\" srcset=\"https:\/\/hotelmaritan.it\/wp-content\/uploads\/2023\/02\/galleria_31-683x1024.jpg 683w, https:\/\/hotelmaritan.it\/wp-content\/uploads\/2023\/02\/galleria_31-200x300.jpg 200w, https:\/\/hotelmaritan.it\/wp-content\/uploads\/2023\/02\/galleria_31-768x1152.jpg 768w, https:\/\/hotelmaritan.it\/wp-content\/uploads\/2023\/02\/galleria_31-1024x1536.jpg 1024w, https:\/\/hotelmaritan.it\/wp-content\/uploads\/2023\/02\/galleria_31-1365x2048.jpg 1365w, https:\/\/hotelmaritan.it\/wp-content\/uploads\/2023\/02\/galleria_31-scaled.jpg 1707w\" sizes=\"(max-width: 683px) 100vw, 683px\" \/><\/figure>\n<\/div>\n\n\n\n<div class=\"wp-block-column is-layout-flow wp-block-column-is-layout-flow\">\n<figure class=\"wp-block-image size-large\"><img loading=\"lazy\" decoding=\"async\" width=\"683\" height=\"1024\" src=\"https:\/\/hotelmaritan.it\/wp-content\/uploads\/2023\/02\/galleria_2-683x1024.jpg\" alt=\"\" class=\"wp-image-1322\" srcset=\"https:\/\/hotelmaritan.it\/wp-content\/uploads\/2023\/02\/galleria_2-683x1024.jpg 683w, https:\/\/hotelmaritan.it\/wp-content\/uploads\/2023\/02\/galleria_2-200x300.jpg 200w, https:\/\/hotelmaritan.it\/wp-content\/uploads\/2023\/02\/galleria_2-768x1152.jpg 768w, https:\/\/hotelmaritan.it\/wp-content\/uploads\/2023\/02\/galleria_2-1024x1536.jpg 1024w, https:\/\/hotelmaritan.it\/wp-content\/uploads\/2023\/02\/galleria_2-1365x2048.jpg 1365w, https:\/\/hotelmaritan.it\/wp-content\/uploads\/2023\/02\/galleria_2.jpg 1634w\" sizes=\"(max-width: 683px) 100vw, 683px\" \/><\/figure>\n<\/div>\n\n\n\n<div class=\"wp-block-column is-layout-flow wp-block-column-is-layout-flow\">\n<figure class=\"wp-block-image size-large\"><img loading=\"lazy\" decoding=\"async\" width=\"683\" height=\"1024\" src=\"https:\/\/hotelmaritan.it\/wp-content\/uploads\/2023\/03\/DSC09323-683x1024.jpg\" alt=\"\" class=\"wp-image-1660\" srcset=\"https:\/\/hotelmaritan.it\/wp-content\/uploads\/2023\/03\/DSC09323-683x1024.jpg 683w, https:\/\/hotelmaritan.it\/wp-content\/uploads\/2023\/03\/DSC09323-200x300.jpg 200w, https:\/\/hotelmaritan.it\/wp-content\/uploads\/2023\/03\/DSC09323-768x1152.jpg 768w, https:\/\/hotelmaritan.it\/wp-content\/uploads\/2023\/03\/DSC09323-1024x1536.jpg 1024w, https:\/\/hotelmaritan.it\/wp-content\/uploads\/2023\/03\/DSC09323-1365x2048.jpg 1365w, https:\/\/hotelmaritan.it\/wp-content\/uploads\/2023\/03\/DSC09323-scaled.jpg 1707w\" sizes=\"(max-width: 683px) 100vw, 683px\" \/><\/figure>\n<\/div>\n\n\n\n<div class=\"wp-block-column is-layout-flow wp-block-column-is-layout-flow\">\n<figure class=\"wp-block-image size-large\"><img loading=\"lazy\" decoding=\"async\" width=\"683\" height=\"1024\" src=\"https:\/\/hotelmaritan.it\/wp-content\/uploads\/2023\/03\/domotica-ingresso-683x1024.jpg\" alt=\"\" class=\"wp-image-1853\" srcset=\"https:\/\/hotelmaritan.it\/wp-content\/uploads\/2023\/03\/domotica-ingresso-683x1024.jpg 683w, https:\/\/hotelmaritan.it\/wp-content\/uploads\/2023\/03\/domotica-ingresso-200x300.jpg 200w, https:\/\/hotelmaritan.it\/wp-content\/uploads\/2023\/03\/domotica-ingresso-768x1152.jpg 768w, https:\/\/hotelmaritan.it\/wp-content\/uploads\/2023\/03\/domotica-ingresso-1024x1536.jpg 1024w, https:\/\/hotelmaritan.it\/wp-content\/uploads\/2023\/03\/domotica-ingresso-1365x2048.jpg 1365w, https:\/\/hotelmaritan.it\/wp-content\/uploads\/2023\/03\/domotica-ingresso.jpg 1707w\" sizes=\"(max-width: 683px) 100vw, 683px\" \/><\/figure>\n<\/div>\n<\/div>\n\n\n\n<div class=\"wp-block-columns is-layout-flex wp-container-core-columns-is-layout-2 wp-block-columns-is-layout-flex\">\n<div class=\"wp-block-column is-layout-flow wp-block-column-is-layout-flow\">\n<figure class=\"wp-block-image size-large\"><img loading=\"lazy\" decoding=\"async\" width=\"1024\" height=\"908\" src=\"https:\/\/hotelmaritan.it\/wp-content\/uploads\/2023\/03\/hotel-maritna-pannelli-1024x908.jpg\" alt=\"\" class=\"wp-image-1858\" srcset=\"https:\/\/hotelmaritan.it\/wp-content\/uploads\/2023\/03\/hotel-maritna-pannelli-1024x908.jpg 1024w, https:\/\/hotelmaritan.it\/wp-content\/uploads\/2023\/03\/hotel-maritna-pannelli-300x266.jpg 300w, https:\/\/hotelmaritan.it\/wp-content\/uploads\/2023\/03\/hotel-maritna-pannelli-768x681.jpg 768w, https:\/\/hotelmaritan.it\/wp-content\/uploads\/2023\/03\/hotel-maritna-pannelli-1536x1362.jpg 1536w, https:\/\/hotelmaritan.it\/wp-content\/uploads\/2023\/03\/hotel-maritna-pannelli.jpg 1725w\" sizes=\"(max-width: 1024px) 100vw, 1024px\" \/><\/figure>\n<\/div>\n<\/div>\n","protected":false},"excerpt":{"rendered":"<p>Nous avons adopt\u00e9 des technologies vertes pour r\u00e9duire l&rsquo;impact de l&rsquo;h\u00f4tel sur l&rsquo;environnement et garantir le confort de nos clients.Nous avons install\u00e9 des bornes de recharge \u00e9lectrique dans le parking pour les v\u00e9hicules \u00e9lectriques de nos clients, utilis\u00e9 l&rsquo;\u00e9nergie solaire thermique et des panneaux photovolta\u00efques pour alimenter l&rsquo;h\u00f4tel, introduit des cl\u00e9s de chambre \u00e9lectroniques, install\u00e9 [&hellip;]<\/p>\n","protected":false},"author":1,"featured_media":0,"parent":0,"menu_order":0,"comment_status":"closed","ping_status":"closed","template":"","meta":{"_acf_changed":false,"footnotes":""},"class_list":["post-1664","page","type-page","status-publish","hentry"],"acf":[],"yoast_head":"<!-- This site is optimized with the Yoast SEO plugin v25.0 - https:\/\/yoast.com\/wordpress\/plugins\/seo\/ -->\n<title>Green Hotel - Hotel Maritan Padova<\/title>\n<meta name=\"robots\" content=\"index, follow, max-snippet:-1, max-image-preview:large, max-video-preview:-1\" \/>\n<link rel=\"canonical\" href=\"https:\/\/hotelmaritan.it\/fr\/bio-hotel\/\" \/>\n<meta property=\"og:locale\" content=\"fr_FR\" \/>\n<meta property=\"og:type\" content=\"article\" \/>\n<meta property=\"og:title\" content=\"Green Hotel - Hotel Maritan Padova\" \/>\n<meta property=\"og:description\" content=\"Nous avons adopt\u00e9 des technologies vertes pour r\u00e9duire l&rsquo;impact de l&rsquo;h\u00f4tel sur l&rsquo;environnement et garantir le confort de nos clients.Nous avons install\u00e9 des bornes de recharge \u00e9lectrique dans le parking pour les v\u00e9hicules \u00e9lectriques de nos clients, utilis\u00e9 l&rsquo;\u00e9nergie solaire thermique et des panneaux photovolta\u00efques pour alimenter l&rsquo;h\u00f4tel, introduit des cl\u00e9s de chambre \u00e9lectroniques, install\u00e9 [&hellip;]\" \/>\n<meta property=\"og:url\" content=\"https:\/\/hotelmaritan.it\/fr\/bio-hotel\/\" \/>\n<meta property=\"og:site_name\" content=\"Hotel Maritan Padova\" \/>\n<meta property=\"article:publisher\" content=\"https:\/\/www.facebook.com\/hotelmaritan\/\" \/>\n<meta property=\"article:modified_time\" content=\"2023-03-09T09:33:44+00:00\" \/>\n<meta property=\"og:image\" content=\"https:\/\/hotelmaritan.it\/wp-content\/uploads\/2023\/02\/galleria_31-683x1024.jpg\" \/>\n<meta name=\"twitter:card\" content=\"summary_large_image\" \/>\n<meta name=\"twitter:site\" content=\"@HotelMaritan\" \/>\n<meta name=\"twitter:label1\" content=\"Dur\u00e9e de lecture estim\u00e9e\" \/>\n\t<meta name=\"twitter:data1\" content=\"2 minutes\" \/>\n<script type=\"application\/ld+json\" class=\"yoast-schema-graph\">{\"@context\":\"https:\/\/schema.org\",\"@graph\":[{\"@type\":\"WebPage\",\"@id\":\"https:\/\/hotelmaritan.it\/fr\/bio-hotel\/\",\"url\":\"https:\/\/hotelmaritan.it\/fr\/bio-hotel\/\",\"name\":\"Green Hotel - Hotel Maritan Padova\",\"isPartOf\":{\"@id\":\"https:\/\/hotelmaritan.it\/fr\/#website\"},\"primaryImageOfPage\":{\"@id\":\"https:\/\/hotelmaritan.it\/fr\/bio-hotel\/#primaryimage\"},\"image\":{\"@id\":\"https:\/\/hotelmaritan.it\/fr\/bio-hotel\/#primaryimage\"},\"thumbnailUrl\":\"https:\/\/hotelmaritan.it\/wp-content\/uploads\/2023\/02\/galleria_31-683x1024.jpg\",\"datePublished\":\"2023-02-28T09:37:06+00:00\",\"dateModified\":\"2023-03-09T09:33:44+00:00\",\"breadcrumb\":{\"@id\":\"https:\/\/hotelmaritan.it\/fr\/bio-hotel\/#breadcrumb\"},\"inLanguage\":\"fr-FR\",\"potentialAction\":[{\"@type\":\"ReadAction\",\"target\":[\"https:\/\/hotelmaritan.it\/fr\/bio-hotel\/\"]}]},{\"@type\":\"ImageObject\",\"inLanguage\":\"fr-FR\",\"@id\":\"https:\/\/hotelmaritan.it\/fr\/bio-hotel\/#primaryimage\",\"url\":\"https:\/\/hotelmaritan.it\/wp-content\/uploads\/2023\/02\/galleria_31-683x1024.jpg\",\"contentUrl\":\"https:\/\/hotelmaritan.it\/wp-content\/uploads\/2023\/02\/galleria_31-683x1024.jpg\"},{\"@type\":\"BreadcrumbList\",\"@id\":\"https:\/\/hotelmaritan.it\/fr\/bio-hotel\/#breadcrumb\",\"itemListElement\":[{\"@type\":\"ListItem\",\"position\":1,\"name\":\"Home\",\"item\":\"https:\/\/hotelmaritan.it\/fr\/\"},{\"@type\":\"ListItem\",\"position\":2,\"name\":\"Green Hotel\"}]},{\"@type\":\"WebSite\",\"@id\":\"https:\/\/hotelmaritan.it\/fr\/#website\",\"url\":\"https:\/\/hotelmaritan.it\/fr\/\",\"name\":\"Hotel Maritan Padova\",\"description\":\"A Padova come essere a casa\",\"publisher\":{\"@id\":\"https:\/\/hotelmaritan.it\/fr\/#organization\"},\"potentialAction\":[{\"@type\":\"SearchAction\",\"target\":{\"@type\":\"EntryPoint\",\"urlTemplate\":\"https:\/\/hotelmaritan.it\/fr\/?s={search_term_string}\"},\"query-input\":{\"@type\":\"PropertyValueSpecification\",\"valueRequired\":true,\"valueName\":\"search_term_string\"}}],\"inLanguage\":\"fr-FR\"},{\"@type\":\"Organization\",\"@id\":\"https:\/\/hotelmaritan.it\/fr\/#organization\",\"name\":\"Hotel Maritan Padoue\",\"url\":\"https:\/\/hotelmaritan.it\/fr\/\",\"logo\":{\"@type\":\"ImageObject\",\"inLanguage\":\"fr-FR\",\"@id\":\"https:\/\/hotelmaritan.it\/fr\/#\/schema\/logo\/image\/\",\"url\":\"https:\/\/hotelmaritan.it\/wp-content\/uploads\/2022\/12\/logo-maritan.svg\",\"contentUrl\":\"https:\/\/hotelmaritan.it\/wp-content\/uploads\/2022\/12\/logo-maritan.svg\",\"width\":112,\"height\":67,\"caption\":\"Hotel Maritan Padoue\"},\"image\":{\"@id\":\"https:\/\/hotelmaritan.it\/fr\/#\/schema\/logo\/image\/\"},\"sameAs\":[\"https:\/\/www.facebook.com\/hotelmaritan\/\",\"https:\/\/x.com\/HotelMaritan\",\"https:\/\/www.instagram.com\/hotelmaritan\/?hl=it\",\"https:\/\/www.linkedin.com\/in\/hotel-maritan-padova-56ab2a63\/\"]}]}<\/script>\n<!-- \/ Yoast SEO plugin. -->","yoast_head_json":{"title":"Green Hotel - Hotel Maritan Padova","robots":{"index":"index","follow":"follow","max-snippet":"max-snippet:-1","max-image-preview":"max-image-preview:large","max-video-preview":"max-video-preview:-1"},"canonical":"https:\/\/hotelmaritan.it\/fr\/bio-hotel\/","og_locale":"fr_FR","og_type":"article","og_title":"Green Hotel - Hotel Maritan Padova","og_description":"Nous avons adopt\u00e9 des technologies vertes pour r\u00e9duire l&rsquo;impact de l&rsquo;h\u00f4tel sur l&rsquo;environnement et garantir le confort de nos clients.Nous avons install\u00e9 des bornes de recharge \u00e9lectrique dans le parking pour les v\u00e9hicules \u00e9lectriques de nos clients, utilis\u00e9 l&rsquo;\u00e9nergie solaire thermique et des panneaux photovolta\u00efques pour alimenter l&rsquo;h\u00f4tel, introduit des cl\u00e9s de chambre \u00e9lectroniques, install\u00e9 [&hellip;]","og_url":"https:\/\/hotelmaritan.it\/fr\/bio-hotel\/","og_site_name":"Hotel Maritan Padova","article_publisher":"https:\/\/www.facebook.com\/hotelmaritan\/","article_modified_time":"2023-03-09T09:33:44+00:00","og_image":[{"url":"https:\/\/hotelmaritan.it\/wp-content\/uploads\/2023\/02\/galleria_31-683x1024.jpg","type":"","width":"","height":""}],"twitter_card":"summary_large_image","twitter_site":"@HotelMaritan","twitter_misc":{"Dur\u00e9e de lecture estim\u00e9e":"2 minutes"},"schema":{"@context":"https:\/\/schema.org","@graph":[{"@type":"WebPage","@id":"https:\/\/hotelmaritan.it\/fr\/bio-hotel\/","url":"https:\/\/hotelmaritan.it\/fr\/bio-hotel\/","name":"Green Hotel - Hotel Maritan Padova","isPartOf":{"@id":"https:\/\/hotelmaritan.it\/fr\/#website"},"primaryImageOfPage":{"@id":"https:\/\/hotelmaritan.it\/fr\/bio-hotel\/#primaryimage"},"image":{"@id":"https:\/\/hotelmaritan.it\/fr\/bio-hotel\/#primaryimage"},"thumbnailUrl":"https:\/\/hotelmaritan.it\/wp-content\/uploads\/2023\/02\/galleria_31-683x1024.jpg","datePublished":"2023-02-28T09:37:06+00:00","dateModified":"2023-03-09T09:33:44+00:00","breadcrumb":{"@id":"https:\/\/hotelmaritan.it\/fr\/bio-hotel\/#breadcrumb"},"inLanguage":"fr-FR","potentialAction":[{"@type":"ReadAction","target":["https:\/\/hotelmaritan.it\/fr\/bio-hotel\/"]}]},{"@type":"ImageObject","inLanguage":"fr-FR","@id":"https:\/\/hotelmaritan.it\/fr\/bio-hotel\/#primaryimage","url":"https:\/\/hotelmaritan.it\/wp-content\/uploads\/2023\/02\/galleria_31-683x1024.jpg","contentUrl":"https:\/\/hotelmaritan.it\/wp-content\/uploads\/2023\/02\/galleria_31-683x1024.jpg"},{"@type":"BreadcrumbList","@id":"https:\/\/hotelmaritan.it\/fr\/bio-hotel\/#breadcrumb","itemListElement":[{"@type":"ListItem","position":1,"name":"Home","item":"https:\/\/hotelmaritan.it\/fr\/"},{"@type":"ListItem","position":2,"name":"Green Hotel"}]},{"@type":"WebSite","@id":"https:\/\/hotelmaritan.it\/fr\/#website","url":"https:\/\/hotelmaritan.it\/fr\/","name":"Hotel Maritan Padova","description":"A Padova come essere a casa","publisher":{"@id":"https:\/\/hotelmaritan.it\/fr\/#organization"},"potentialAction":[{"@type":"SearchAction","target":{"@type":"EntryPoint","urlTemplate":"https:\/\/hotelmaritan.it\/fr\/?s={search_term_string}"},"query-input":{"@type":"PropertyValueSpecification","valueRequired":true,"valueName":"search_term_string"}}],"inLanguage":"fr-FR"},{"@type":"Organization","@id":"https:\/\/hotelmaritan.it\/fr\/#organization","name":"Hotel Maritan Padoue","url":"https:\/\/hotelmaritan.it\/fr\/","logo":{"@type":"ImageObject","inLanguage":"fr-FR","@id":"https:\/\/hotelmaritan.it\/fr\/#\/schema\/logo\/image\/","url":"https:\/\/hotelmaritan.it\/wp-content\/uploads\/2022\/12\/logo-maritan.svg","contentUrl":"https:\/\/hotelmaritan.it\/wp-content\/uploads\/2022\/12\/logo-maritan.svg","width":112,"height":67,"caption":"Hotel Maritan Padoue"},"image":{"@id":"https:\/\/hotelmaritan.it\/fr\/#\/schema\/logo\/image\/"},"sameAs":["https:\/\/www.facebook.com\/hotelmaritan\/","https:\/\/x.com\/HotelMaritan","https:\/\/www.instagram.com\/hotelmaritan\/?hl=it","https:\/\/www.linkedin.com\/in\/hotel-maritan-padova-56ab2a63\/"]}]}},"_links":{"self":[{"href":"https:\/\/hotelmaritan.it\/fr\/wp-json\/wp\/v2\/pages\/1664"}],"collection":[{"href":"https:\/\/hotelmaritan.it\/fr\/wp-json\/wp\/v2\/pages"}],"about":[{"href":"https:\/\/hotelmaritan.it\/fr\/wp-json\/wp\/v2\/types\/page"}],"author":[{"embeddable":true,"href":"https:\/\/hotelmaritan.it\/fr\/wp-json\/wp\/v2\/users\/1"}],"replies":[{"embeddable":true,"href":"https:\/\/hotelmaritan.it\/fr\/wp-json\/wp\/v2\/comments?post=1664"}],"version-history":[{"count":2,"href":"https:\/\/hotelmaritan.it\/fr\/wp-json\/wp\/v2\/pages\/1664\/revisions"}],"predecessor-version":[{"id":1939,"href":"https:\/\/hotelmaritan.it\/fr\/wp-json\/wp\/v2\/pages\/1664\/revisions\/1939"}],"wp:attachment":[{"href":"https:\/\/hotelmaritan.it\/fr\/wp-json\/wp\/v2\/media?parent=1664"}],"curies":[{"name":"wp","href":"https:\/\/api.w.org\/{rel}","templated":true}]}}