{"id":2858,"date":"2024-04-19T11:55:50","date_gmt":"2024-04-19T11:55:50","guid":{"rendered":"https:\/\/hotelmaritan.it\/?page_id=2858"},"modified":"2024-04-19T12:27:14","modified_gmt":"2024-04-19T12:27:14","slug":"ueber-uns","status":"publish","type":"page","link":"https:\/\/hotelmaritan.it\/de\/ueber-uns\/","title":{"rendered":"\u00dcber uns"},"content":{"rendered":"\n<p><strong>Seit 1984 ein familiengef\u00fchrtes Unternehmen mit Leidenschaft.<\/strong><\/p>\n\n\n\n<p>Das Hotel Maritan liegt im Herzen von Padua und ist ein gem\u00fctliches, familiengef\u00fchrtes Hotel, das Ihnen seit 1984 einen unvergesslichen Aufenthalt bietet. Seit drei Generationen im Besitz der Familie Mazzucato, wurde das Hotel kontinuierlich erweitert und renoviert, um unseren G\u00e4sten eine komfortable und einladende Umgebung zu bieten.<\/p>\n\n\n\n<p>Wir bem\u00fchen uns t\u00e4glich, einen hochwertigen Service zu bieten und die Bed\u00fcrfnisse jedes einzelnen Gastes zu erf\u00fcllen. Unser freundliches und aufmerksames Personal ist immer bereit, Ihnen zu helfen und Ihren Aufenthalt so angenehm wie m\u00f6glich zu gestalten.<\/p>\n\n\n\n<p>Im Hotel Maritan finden Sie neu renovierte Zimmer mit allem Komfort, einen wunderbaren Wellnessbereich und verschiedene Gemeinschaftsbereiche, einschlie\u00dflich eines gem\u00fctlichen Fr\u00fchst\u00fccksraums, in dem Sie ein k\u00f6stliches Fr\u00fchst\u00fcck mit frischen, hochwertigen Zutaten genie\u00dfen k\u00f6nnen.<\/p>\n\n\n\n<p>Wir sind stolz auf unsere lange Geschichte in der Gastfreundschaftsbranche und verpflichten uns, die hohen Standards, die uns auszeichnen, aufrechtzuerhalten. Jeder Gast ist uns wichtig, und wir werden unser Bestes tun, um sicherzustellen, dass Ihr Aufenthalt unvergesslich wird.<\/p>\n\n\n\n<p>Vielen Dank f\u00fcr das Vertrauen und die Unterst\u00fctzung, die Sie uns \u00fcber die Jahre hinweg gegeben haben; ohne Sie w\u00e4ren wir nicht das, was wir jetzt sind.<\/p>\n","protected":false},"excerpt":{"rendered":"<p>Seit 1984 ein familiengef\u00fchrtes Unternehmen mit Leidenschaft. Das Hotel Maritan liegt im Herzen von Padua und ist ein gem\u00fctliches, familiengef\u00fchrtes Hotel, das Ihnen seit 1984 einen unvergesslichen Aufenthalt bietet. Seit drei Generationen im Besitz der Familie Mazzucato, wurde das Hotel kontinuierlich erweitert und renoviert, um unseren G\u00e4sten eine komfortable und einladende Umgebung zu bieten. Wir [&hellip;]<\/p>\n","protected":false},"author":1,"featured_media":2866,"parent":0,"menu_order":0,"comment_status":"closed","ping_status":"closed","template":"","meta":{"_acf_changed":false,"footnotes":""},"class_list":["post-2858","page","type-page","status-publish","has-post-thumbnail","hentry"],"acf":[],"yoast_head":"<!-- This site is optimized with the Yoast SEO plugin v27.3 - https:\/\/yoast.com\/product\/yoast-seo-wordpress\/ -->\n<title>\u00dcber uns - Hotel Maritan Padova<\/title>\n<meta name=\"description\" content=\"Das Hotel Maritan liegt im Herzen von Padua und ist ein gem\u00fctliches, familiengef\u00fchrtes Hotel, das Ihnen seit 1984 einen unvergesslichen Aufenthalt bietet.\" \/>\n<meta name=\"robots\" content=\"index, follow, max-snippet:-1, max-image-preview:large, max-video-preview:-1\" \/>\n<link rel=\"canonical\" href=\"https:\/\/hotelmaritan.it\/de\/ueber-uns\/\" \/>\n<meta property=\"og:locale\" content=\"de_DE\" \/>\n<meta property=\"og:type\" content=\"article\" \/>\n<meta property=\"og:title\" content=\"\u00dcber uns - Hotel Maritan Padova\" \/>\n<meta property=\"og:description\" content=\"Das Hotel Maritan liegt im Herzen von Padua und ist ein gem\u00fctliches, familiengef\u00fchrtes Hotel, das Ihnen seit 1984 einen unvergesslichen Aufenthalt bietet.\" \/>\n<meta property=\"og:url\" content=\"https:\/\/hotelmaritan.it\/de\/ueber-uns\/\" \/>\n<meta property=\"og:site_name\" content=\"Hotel Maritan Padova\" \/>\n<meta property=\"article:publisher\" content=\"https:\/\/www.facebook.com\/hotelmaritan\/\" \/>\n<meta property=\"article:modified_time\" content=\"2024-04-19T12:27:14+00:00\" \/>\n<meta property=\"og:image\" content=\"https:\/\/hotelmaritan.it\/wp-content\/uploads\/2024\/04\/chi-siamo-maritan.webp\" \/>\n\t<meta property=\"og:image:width\" content=\"1920\" \/>\n\t<meta property=\"og:image:height\" content=\"862\" \/>\n\t<meta property=\"og:image:type\" content=\"image\/webp\" \/>\n<meta name=\"twitter:card\" content=\"summary_large_image\" \/>\n<meta name=\"twitter:site\" content=\"@HotelMaritan\" \/>\n<meta name=\"twitter:label1\" content=\"Gesch\u00e4tzte Lesezeit\" \/>\n\t<meta name=\"twitter:data1\" content=\"2\u00a0Minuten\" \/>\n<script type=\"application\/ld+json\" class=\"yoast-schema-graph\">{\"@context\":\"https:\\\/\\\/schema.org\",\"@graph\":[{\"@type\":\"WebPage\",\"@id\":\"https:\\\/\\\/hotelmaritan.it\\\/de\\\/ueber-uns\\\/\",\"url\":\"https:\\\/\\\/hotelmaritan.it\\\/de\\\/ueber-uns\\\/\",\"name\":\"\u00dcber uns - Hotel Maritan Padova\",\"isPartOf\":{\"@id\":\"https:\\\/\\\/hotelmaritan.it\\\/de\\\/#website\"},\"primaryImageOfPage\":{\"@id\":\"https:\\\/\\\/hotelmaritan.it\\\/de\\\/ueber-uns\\\/#primaryimage\"},\"image\":{\"@id\":\"https:\\\/\\\/hotelmaritan.it\\\/de\\\/ueber-uns\\\/#primaryimage\"},\"thumbnailUrl\":\"https:\\\/\\\/hotelmaritan.it\\\/wp-content\\\/uploads\\\/2024\\\/04\\\/chi-siamo-maritan-e1733582308375.webp\",\"datePublished\":\"2024-04-19T11:55:50+00:00\",\"dateModified\":\"2024-04-19T12:27:14+00:00\",\"description\":\"Das Hotel Maritan liegt im Herzen von Padua und ist ein gem\u00fctliches, familiengef\u00fchrtes Hotel, das Ihnen seit 1984 einen unvergesslichen Aufenthalt bietet.\",\"breadcrumb\":{\"@id\":\"https:\\\/\\\/hotelmaritan.it\\\/de\\\/ueber-uns\\\/#breadcrumb\"},\"inLanguage\":\"de\",\"potentialAction\":[{\"@type\":\"ReadAction\",\"target\":[\"https:\\\/\\\/hotelmaritan.it\\\/de\\\/ueber-uns\\\/\"]}]},{\"@type\":\"ImageObject\",\"inLanguage\":\"de\",\"@id\":\"https:\\\/\\\/hotelmaritan.it\\\/de\\\/ueber-uns\\\/#primaryimage\",\"url\":\"https:\\\/\\\/hotelmaritan.it\\\/wp-content\\\/uploads\\\/2024\\\/04\\\/chi-siamo-maritan-e1733582308375.webp\",\"contentUrl\":\"https:\\\/\\\/hotelmaritan.it\\\/wp-content\\\/uploads\\\/2024\\\/04\\\/chi-siamo-maritan-e1733582308375.webp\",\"width\":1920,\"height\":862},{\"@type\":\"BreadcrumbList\",\"@id\":\"https:\\\/\\\/hotelmaritan.it\\\/de\\\/ueber-uns\\\/#breadcrumb\",\"itemListElement\":[{\"@type\":\"ListItem\",\"position\":1,\"name\":\"Home\",\"item\":\"https:\\\/\\\/hotelmaritan.it\\\/de\\\/\"},{\"@type\":\"ListItem\",\"position\":2,\"name\":\"\u00dcber uns\"}]},{\"@type\":\"WebSite\",\"@id\":\"https:\\\/\\\/hotelmaritan.it\\\/de\\\/#website\",\"url\":\"https:\\\/\\\/hotelmaritan.it\\\/de\\\/\",\"name\":\"Hotel Maritan Padova\",\"description\":\"A Padova come essere a casa\",\"publisher\":{\"@id\":\"https:\\\/\\\/hotelmaritan.it\\\/de\\\/#organization\"},\"potentialAction\":[{\"@type\":\"SearchAction\",\"target\":{\"@type\":\"EntryPoint\",\"urlTemplate\":\"https:\\\/\\\/hotelmaritan.it\\\/de\\\/?s={search_term_string}\"},\"query-input\":{\"@type\":\"PropertyValueSpecification\",\"valueRequired\":true,\"valueName\":\"search_term_string\"}}],\"inLanguage\":\"de\"},{\"@type\":\"Organization\",\"@id\":\"https:\\\/\\\/hotelmaritan.it\\\/de\\\/#organization\",\"name\":\"Hotel Maritan Padua\",\"url\":\"https:\\\/\\\/hotelmaritan.it\\\/de\\\/\",\"logo\":{\"@type\":\"ImageObject\",\"inLanguage\":\"de\",\"@id\":\"https:\\\/\\\/hotelmaritan.it\\\/de\\\/#\\\/schema\\\/logo\\\/image\\\/\",\"url\":\"https:\\\/\\\/hotelmaritan.it\\\/wp-content\\\/uploads\\\/2022\\\/12\\\/logo-maritan.svg\",\"contentUrl\":\"https:\\\/\\\/hotelmaritan.it\\\/wp-content\\\/uploads\\\/2022\\\/12\\\/logo-maritan.svg\",\"width\":112,\"height\":67,\"caption\":\"Hotel Maritan Padua\"},\"image\":{\"@id\":\"https:\\\/\\\/hotelmaritan.it\\\/de\\\/#\\\/schema\\\/logo\\\/image\\\/\"},\"sameAs\":[\"https:\\\/\\\/www.facebook.com\\\/hotelmaritan\\\/\",\"https:\\\/\\\/x.com\\\/HotelMaritan\",\"https:\\\/\\\/www.instagram.com\\\/hotelmaritan\\\/?hl=it\",\"https:\\\/\\\/www.linkedin.com\\\/in\\\/hotel-maritan-padova-56ab2a63\\\/\"]}]}<\/script>\n<!-- \/ Yoast SEO plugin. -->","yoast_head_json":{"title":"\u00dcber uns - Hotel Maritan Padova","description":"Das Hotel Maritan liegt im Herzen von Padua und ist ein gem\u00fctliches, familiengef\u00fchrtes Hotel, das Ihnen seit 1984 einen unvergesslichen Aufenthalt bietet.","robots":{"index":"index","follow":"follow","max-snippet":"max-snippet:-1","max-image-preview":"max-image-preview:large","max-video-preview":"max-video-preview:-1"},"canonical":"https:\/\/hotelmaritan.it\/de\/ueber-uns\/","og_locale":"de_DE","og_type":"article","og_title":"\u00dcber uns - Hotel Maritan Padova","og_description":"Das Hotel Maritan liegt im Herzen von Padua und ist ein gem\u00fctliches, familiengef\u00fchrtes Hotel, das Ihnen seit 1984 einen unvergesslichen Aufenthalt bietet.","og_url":"https:\/\/hotelmaritan.it\/de\/ueber-uns\/","og_site_name":"Hotel Maritan Padova","article_publisher":"https:\/\/www.facebook.com\/hotelmaritan\/","article_modified_time":"2024-04-19T12:27:14+00:00","og_image":[{"width":1920,"height":862,"url":"https:\/\/hotelmaritan.it\/wp-content\/uploads\/2024\/04\/chi-siamo-maritan.webp","type":"image\/webp"}],"twitter_card":"summary_large_image","twitter_site":"@HotelMaritan","twitter_misc":{"Gesch\u00e4tzte Lesezeit":"2\u00a0Minuten"},"schema":{"@context":"https:\/\/schema.org","@graph":[{"@type":"WebPage","@id":"https:\/\/hotelmaritan.it\/de\/ueber-uns\/","url":"https:\/\/hotelmaritan.it\/de\/ueber-uns\/","name":"\u00dcber uns - Hotel Maritan Padova","isPartOf":{"@id":"https:\/\/hotelmaritan.it\/de\/#website"},"primaryImageOfPage":{"@id":"https:\/\/hotelmaritan.it\/de\/ueber-uns\/#primaryimage"},"image":{"@id":"https:\/\/hotelmaritan.it\/de\/ueber-uns\/#primaryimage"},"thumbnailUrl":"https:\/\/hotelmaritan.it\/wp-content\/uploads\/2024\/04\/chi-siamo-maritan-e1733582308375.webp","datePublished":"2024-04-19T11:55:50+00:00","dateModified":"2024-04-19T12:27:14+00:00","description":"Das Hotel Maritan liegt im Herzen von Padua und ist ein gem\u00fctliches, familiengef\u00fchrtes Hotel, das Ihnen seit 1984 einen unvergesslichen Aufenthalt bietet.","breadcrumb":{"@id":"https:\/\/hotelmaritan.it\/de\/ueber-uns\/#breadcrumb"},"inLanguage":"de","potentialAction":[{"@type":"ReadAction","target":["https:\/\/hotelmaritan.it\/de\/ueber-uns\/"]}]},{"@type":"ImageObject","inLanguage":"de","@id":"https:\/\/hotelmaritan.it\/de\/ueber-uns\/#primaryimage","url":"https:\/\/hotelmaritan.it\/wp-content\/uploads\/2024\/04\/chi-siamo-maritan-e1733582308375.webp","contentUrl":"https:\/\/hotelmaritan.it\/wp-content\/uploads\/2024\/04\/chi-siamo-maritan-e1733582308375.webp","width":1920,"height":862},{"@type":"BreadcrumbList","@id":"https:\/\/hotelmaritan.it\/de\/ueber-uns\/#breadcrumb","itemListElement":[{"@type":"ListItem","position":1,"name":"Home","item":"https:\/\/hotelmaritan.it\/de\/"},{"@type":"ListItem","position":2,"name":"\u00dcber uns"}]},{"@type":"WebSite","@id":"https:\/\/hotelmaritan.it\/de\/#website","url":"https:\/\/hotelmaritan.it\/de\/","name":"Hotel Maritan Padova","description":"A Padova come essere a casa","publisher":{"@id":"https:\/\/hotelmaritan.it\/de\/#organization"},"potentialAction":[{"@type":"SearchAction","target":{"@type":"EntryPoint","urlTemplate":"https:\/\/hotelmaritan.it\/de\/?s={search_term_string}"},"query-input":{"@type":"PropertyValueSpecification","valueRequired":true,"valueName":"search_term_string"}}],"inLanguage":"de"},{"@type":"Organization","@id":"https:\/\/hotelmaritan.it\/de\/#organization","name":"Hotel Maritan Padua","url":"https:\/\/hotelmaritan.it\/de\/","logo":{"@type":"ImageObject","inLanguage":"de","@id":"https:\/\/hotelmaritan.it\/de\/#\/schema\/logo\/image\/","url":"https:\/\/hotelmaritan.it\/wp-content\/uploads\/2022\/12\/logo-maritan.svg","contentUrl":"https:\/\/hotelmaritan.it\/wp-content\/uploads\/2022\/12\/logo-maritan.svg","width":112,"height":67,"caption":"Hotel Maritan Padua"},"image":{"@id":"https:\/\/hotelmaritan.it\/de\/#\/schema\/logo\/image\/"},"sameAs":["https:\/\/www.facebook.com\/hotelmaritan\/","https:\/\/x.com\/HotelMaritan","https:\/\/www.instagram.com\/hotelmaritan\/?hl=it","https:\/\/www.linkedin.com\/in\/hotel-maritan-padova-56ab2a63\/"]}]}},"_links":{"self":[{"href":"https:\/\/hotelmaritan.it\/de\/wp-json\/wp\/v2\/pages\/2858","targetHints":{"allow":["GET"]}}],"collection":[{"href":"https:\/\/hotelmaritan.it\/de\/wp-json\/wp\/v2\/pages"}],"about":[{"href":"https:\/\/hotelmaritan.it\/de\/wp-json\/wp\/v2\/types\/page"}],"author":[{"embeddable":true,"href":"https:\/\/hotelmaritan.it\/de\/wp-json\/wp\/v2\/users\/1"}],"replies":[{"embeddable":true,"href":"https:\/\/hotelmaritan.it\/de\/wp-json\/wp\/v2\/comments?post=2858"}],"version-history":[{"count":1,"href":"https:\/\/hotelmaritan.it\/de\/wp-json\/wp\/v2\/pages\/2858\/revisions"}],"predecessor-version":[{"id":2859,"href":"https:\/\/hotelmaritan.it\/de\/wp-json\/wp\/v2\/pages\/2858\/revisions\/2859"}],"wp:featuredmedia":[{"embeddable":true,"href":"https:\/\/hotelmaritan.it\/de\/wp-json\/wp\/v2\/media\/2866"}],"wp:attachment":[{"href":"https:\/\/hotelmaritan.it\/de\/wp-json\/wp\/v2\/media?parent=2858"}],"curies":[{"name":"wp","href":"https:\/\/api.w.org\/{rel}","templated":true}]}}