{"id":1733,"date":"2023-02-09T12:53:41","date_gmt":"2023-02-09T12:53:41","guid":{"rendered":"https:\/\/hotelmaritan.it\/staff\/"},"modified":"2023-03-03T08:31:01","modified_gmt":"2023-03-03T08:31:01","slug":"personal","status":"publish","type":"page","link":"https:\/\/hotelmaritan.it\/de\/personal\/","title":{"rendered":"Personal"},"content":{"rendered":"\n<p>Unser Personal besteht aus einer Gruppe hochqualifizierter und engagierter Menschen, die gemeinsam daf\u00fcr sorgen, dass jeder Aufenthalt in unserem Hotel unvergesslich wird. Wir sind stolz darauf, ein Team von Fachleuten zu haben, die sich daf\u00fcr einsetzen, jedem Gast einen hochwertigen Service zu bieten.<\/p>\n\n\n\n<p>Die Rezeption zum Beispiel empf\u00e4ngt Sie immer mit einem L\u00e4cheln und beantwortet alle Ihre Fragen und W\u00fcnsche. Der Zimmerservice ist stets um die Sauberkeit und den Komfort Ihres Zimmers bem\u00fcht.<\/p>\n\n\n\n<p>Unser Restaurant und unsere Bar werden von hochqualifizierten K\u00f6chen und Barkeepern gef\u00fchrt, die k\u00f6stliche Speisen und Getr\u00e4nke zubereiten und servieren. Unser Sicherheits- und Wartungspersonal sorgt daf\u00fcr, dass Ihre Sicherheit und die Sicherheit des Hoteleigentums immer an erster Stelle stehen.<\/p>\n\n\n\n<p>Und schlie\u00dflich organisiert unser Freizeitteam regelm\u00e4\u00dfig Veranstaltungen und Aktivit\u00e4ten, um die G\u00e4ste zu unterhalten und daf\u00fcr zu sorgen, dass sie sich w\u00e4hrend ihres Aufenthalts wohl f\u00fchlen.<\/p>\n\n\n\n<p>Kurz gesagt, unser Personal ist eine Gruppe von Menschen, die sich daf\u00fcr einsetzen, Ihren Aufenthalt so angenehm und komfortabel wie m\u00f6glich zu gestalten und Ihnen jederzeit einen hochwertigen Service zu bieten.<\/p>\n\n\n\n<figure class=\"wp-block-gallery has-nested-images columns-default is-cropped wp-block-gallery-1 is-layout-flex wp-block-gallery-is-layout-flex\">\n<figure class=\"wp-block-image size-large\"><img loading=\"lazy\" decoding=\"async\" width=\"1024\" height=\"576\" data-id=\"943\" src=\"https:\/\/hotelmaritan.it\/wp-content\/uploads\/2023\/02\/0046_DSC00630-1024x576.jpg\" alt=\"\" class=\"wp-image-943\" srcset=\"https:\/\/hotelmaritan.it\/wp-content\/uploads\/2023\/02\/0046_DSC00630-1024x576.jpg 1024w, https:\/\/hotelmaritan.it\/wp-content\/uploads\/2023\/02\/0046_DSC00630-300x169.jpg 300w, https:\/\/hotelmaritan.it\/wp-content\/uploads\/2023\/02\/0046_DSC00630-768x432.jpg 768w, https:\/\/hotelmaritan.it\/wp-content\/uploads\/2023\/02\/0046_DSC00630-1536x864.jpg 1536w, https:\/\/hotelmaritan.it\/wp-content\/uploads\/2023\/02\/0046_DSC00630-2048x1152.jpg 2048w\" sizes=\"auto, (max-width: 1024px) 100vw, 1024px\" \/><\/figure>\n\n\n\n<figure class=\"wp-block-image size-large\"><img loading=\"lazy\" decoding=\"async\" width=\"682\" height=\"1024\" data-id=\"916\" src=\"https:\/\/hotelmaritan.it\/wp-content\/uploads\/2023\/02\/a_0000_DSC09596-682x1024.jpg\" alt=\"\" class=\"wp-image-916\" srcset=\"https:\/\/hotelmaritan.it\/wp-content\/uploads\/2023\/02\/a_0000_DSC09596-682x1024.jpg 682w, https:\/\/hotelmaritan.it\/wp-content\/uploads\/2023\/02\/a_0000_DSC09596-200x300.jpg 200w, https:\/\/hotelmaritan.it\/wp-content\/uploads\/2023\/02\/a_0000_DSC09596-768x1153.jpg 768w, https:\/\/hotelmaritan.it\/wp-content\/uploads\/2023\/02\/a_0000_DSC09596-1023x1536.jpg 1023w, https:\/\/hotelmaritan.it\/wp-content\/uploads\/2023\/02\/a_0000_DSC09596.jpg 1332w\" sizes=\"auto, (max-width: 682px) 100vw, 682px\" \/><\/figure>\n\n\n\n<figure class=\"wp-block-image size-large\"><img loading=\"lazy\" decoding=\"async\" width=\"682\" height=\"1024\" data-id=\"922\" src=\"https:\/\/hotelmaritan.it\/wp-content\/uploads\/2023\/02\/a_0001_DSC09565-682x1024.jpg\" alt=\"\" class=\"wp-image-922\" srcset=\"https:\/\/hotelmaritan.it\/wp-content\/uploads\/2023\/02\/a_0001_DSC09565-682x1024.jpg 682w, https:\/\/hotelmaritan.it\/wp-content\/uploads\/2023\/02\/a_0001_DSC09565-200x300.jpg 200w, https:\/\/hotelmaritan.it\/wp-content\/uploads\/2023\/02\/a_0001_DSC09565-768x1153.jpg 768w, https:\/\/hotelmaritan.it\/wp-content\/uploads\/2023\/02\/a_0001_DSC09565-1023x1536.jpg 1023w, https:\/\/hotelmaritan.it\/wp-content\/uploads\/2023\/02\/a_0001_DSC09565.jpg 1332w\" sizes=\"auto, (max-width: 682px) 100vw, 682px\" \/><\/figure>\n\n\n\n<figure class=\"wp-block-image size-large\"><img loading=\"lazy\" decoding=\"async\" width=\"682\" height=\"1024\" data-id=\"932\" src=\"https:\/\/hotelmaritan.it\/wp-content\/uploads\/2023\/02\/a_0005_DSC09084-682x1024.jpg\" alt=\"\" class=\"wp-image-932\" srcset=\"https:\/\/hotelmaritan.it\/wp-content\/uploads\/2023\/02\/a_0005_DSC09084-682x1024.jpg 682w, https:\/\/hotelmaritan.it\/wp-content\/uploads\/2023\/02\/a_0005_DSC09084-200x300.jpg 200w, https:\/\/hotelmaritan.it\/wp-content\/uploads\/2023\/02\/a_0005_DSC09084-768x1153.jpg 768w, https:\/\/hotelmaritan.it\/wp-content\/uploads\/2023\/02\/a_0005_DSC09084-1023x1536.jpg 1023w, https:\/\/hotelmaritan.it\/wp-content\/uploads\/2023\/02\/a_0005_DSC09084.jpg 1332w\" sizes=\"auto, (max-width: 682px) 100vw, 682px\" \/><\/figure>\n\n\n\n<figure class=\"wp-block-image size-large\"><img loading=\"lazy\" decoding=\"async\" width=\"682\" height=\"1024\" data-id=\"927\" src=\"https:\/\/hotelmaritan.it\/wp-content\/uploads\/2023\/02\/a_0007_dolci-colazione-682x1024.jpg\" alt=\"\" class=\"wp-image-927\" srcset=\"https:\/\/hotelmaritan.it\/wp-content\/uploads\/2023\/02\/a_0007_dolci-colazione-682x1024.jpg 682w, https:\/\/hotelmaritan.it\/wp-content\/uploads\/2023\/02\/a_0007_dolci-colazione-200x300.jpg 200w, https:\/\/hotelmaritan.it\/wp-content\/uploads\/2023\/02\/a_0007_dolci-colazione-768x1153.jpg 768w, https:\/\/hotelmaritan.it\/wp-content\/uploads\/2023\/02\/a_0007_dolci-colazione-1023x1536.jpg 1023w, https:\/\/hotelmaritan.it\/wp-content\/uploads\/2023\/02\/a_0007_dolci-colazione.jpg 1332w\" sizes=\"auto, (max-width: 682px) 100vw, 682px\" \/><\/figure>\n\n\n\n<figure class=\"wp-block-image size-large\"><img loading=\"lazy\" decoding=\"async\" width=\"682\" height=\"1024\" data-id=\"914\" src=\"https:\/\/hotelmaritan.it\/wp-content\/uploads\/2023\/02\/a_0010_accoglienza-682x1024.jpg\" alt=\"\" class=\"wp-image-914\" srcset=\"https:\/\/hotelmaritan.it\/wp-content\/uploads\/2023\/02\/a_0010_accoglienza-682x1024.jpg 682w, https:\/\/hotelmaritan.it\/wp-content\/uploads\/2023\/02\/a_0010_accoglienza-200x300.jpg 200w, https:\/\/hotelmaritan.it\/wp-content\/uploads\/2023\/02\/a_0010_accoglienza-768x1153.jpg 768w, https:\/\/hotelmaritan.it\/wp-content\/uploads\/2023\/02\/a_0010_accoglienza-1023x1536.jpg 1023w, https:\/\/hotelmaritan.it\/wp-content\/uploads\/2023\/02\/a_0010_accoglienza.jpg 1332w\" sizes=\"auto, (max-width: 682px) 100vw, 682px\" \/><\/figure>\n\n\n\n<figure class=\"wp-block-image size-large\"><img loading=\"lazy\" decoding=\"async\" width=\"682\" height=\"1024\" data-id=\"933\" src=\"https:\/\/hotelmaritan.it\/wp-content\/uploads\/2023\/02\/a_0040_DSC09685-682x1024.jpg\" alt=\"\" class=\"wp-image-933\" srcset=\"https:\/\/hotelmaritan.it\/wp-content\/uploads\/2023\/02\/a_0040_DSC09685-682x1024.jpg 682w, https:\/\/hotelmaritan.it\/wp-content\/uploads\/2023\/02\/a_0040_DSC09685-200x300.jpg 200w, https:\/\/hotelmaritan.it\/wp-content\/uploads\/2023\/02\/a_0040_DSC09685-768x1153.jpg 768w, https:\/\/hotelmaritan.it\/wp-content\/uploads\/2023\/02\/a_0040_DSC09685-1023x1536.jpg 1023w, https:\/\/hotelmaritan.it\/wp-content\/uploads\/2023\/02\/a_0040_DSC09685.jpg 1332w\" sizes=\"auto, (max-width: 682px) 100vw, 682px\" \/><\/figure>\n\n\n\n<figure class=\"wp-block-image size-large\"><img loading=\"lazy\" decoding=\"async\" width=\"1024\" height=\"576\" data-id=\"926\" src=\"https:\/\/hotelmaritan.it\/wp-content\/uploads\/2023\/02\/personale-hotel-1-1024x576.jpg\" alt=\"\" class=\"wp-image-926\" srcset=\"https:\/\/hotelmaritan.it\/wp-content\/uploads\/2023\/02\/personale-hotel-1-1024x576.jpg 1024w, https:\/\/hotelmaritan.it\/wp-content\/uploads\/2023\/02\/personale-hotel-1-300x169.jpg 300w, https:\/\/hotelmaritan.it\/wp-content\/uploads\/2023\/02\/personale-hotel-1-768x432.jpg 768w, https:\/\/hotelmaritan.it\/wp-content\/uploads\/2023\/02\/personale-hotel-1-1536x864.jpg 1536w, https:\/\/hotelmaritan.it\/wp-content\/uploads\/2023\/02\/personale-hotel-1-2048x1152.jpg 2048w\" sizes=\"auto, (max-width: 1024px) 100vw, 1024px\" \/><\/figure>\n\n\n\n<figure class=\"wp-block-image size-large\"><img loading=\"lazy\" decoding=\"async\" width=\"1024\" height=\"576\" data-id=\"930\" src=\"https:\/\/hotelmaritan.it\/wp-content\/uploads\/2023\/02\/personale-1024x576.jpg\" alt=\"\" class=\"wp-image-930\" srcset=\"https:\/\/hotelmaritan.it\/wp-content\/uploads\/2023\/02\/personale-1024x576.jpg 1024w, https:\/\/hotelmaritan.it\/wp-content\/uploads\/2023\/02\/personale-300x169.jpg 300w, https:\/\/hotelmaritan.it\/wp-content\/uploads\/2023\/02\/personale-768x432.jpg 768w, https:\/\/hotelmaritan.it\/wp-content\/uploads\/2023\/02\/personale-1536x864.jpg 1536w, https:\/\/hotelmaritan.it\/wp-content\/uploads\/2023\/02\/personale-2048x1152.jpg 2048w\" sizes=\"auto, (max-width: 1024px) 100vw, 1024px\" \/><\/figure>\n<\/figure>\n","protected":false},"excerpt":{"rendered":"<p>Unser Personal besteht aus einer Gruppe hochqualifizierter und engagierter Menschen, die gemeinsam daf\u00fcr sorgen, dass jeder Aufenthalt in unserem Hotel unvergesslich wird. Wir sind stolz darauf, ein Team von Fachleuten zu haben, die sich daf\u00fcr einsetzen, jedem Gast einen hochwertigen Service zu bieten. Die Rezeption zum Beispiel empf\u00e4ngt Sie immer mit einem L\u00e4cheln und beantwortet [&hellip;]<\/p>\n","protected":false},"author":1,"featured_media":0,"parent":0,"menu_order":0,"comment_status":"closed","ping_status":"closed","template":"","meta":{"_acf_changed":false,"footnotes":""},"class_list":["post-1733","page","type-page","status-publish","hentry"],"acf":[],"yoast_head":"<!-- This site is optimized with the Yoast SEO plugin v27.3 - https:\/\/yoast.com\/product\/yoast-seo-wordpress\/ -->\n<title>Personal - Hotel Maritan Padova<\/title>\n<meta name=\"robots\" content=\"index, follow, max-snippet:-1, max-image-preview:large, max-video-preview:-1\" \/>\n<link rel=\"canonical\" href=\"https:\/\/hotelmaritan.it\/de\/personal\/\" \/>\n<meta property=\"og:locale\" content=\"de_DE\" \/>\n<meta property=\"og:type\" content=\"article\" \/>\n<meta property=\"og:title\" content=\"Personal - Hotel Maritan Padova\" \/>\n<meta property=\"og:description\" content=\"Unser Personal besteht aus einer Gruppe hochqualifizierter und engagierter Menschen, die gemeinsam daf\u00fcr sorgen, dass jeder Aufenthalt in unserem Hotel unvergesslich wird. Wir sind stolz darauf, ein Team von Fachleuten zu haben, die sich daf\u00fcr einsetzen, jedem Gast einen hochwertigen Service zu bieten. Die Rezeption zum Beispiel empf\u00e4ngt Sie immer mit einem L\u00e4cheln und beantwortet [&hellip;]\" \/>\n<meta property=\"og:url\" content=\"https:\/\/hotelmaritan.it\/de\/personal\/\" \/>\n<meta property=\"og:site_name\" content=\"Hotel Maritan Padova\" \/>\n<meta property=\"article:publisher\" content=\"https:\/\/www.facebook.com\/hotelmaritan\/\" \/>\n<meta property=\"article:modified_time\" content=\"2023-03-03T08:31:01+00:00\" \/>\n<meta property=\"og:image\" content=\"https:\/\/hotelmaritan.it\/wp-content\/uploads\/2023\/02\/0046_DSC00630-1024x576.jpg\" \/>\n<meta name=\"twitter:card\" content=\"summary_large_image\" \/>\n<meta name=\"twitter:site\" content=\"@HotelMaritan\" \/>\n<meta name=\"twitter:label1\" content=\"Gesch\u00e4tzte Lesezeit\" \/>\n\t<meta name=\"twitter:data1\" content=\"1\u00a0Minute\" \/>\n<script type=\"application\/ld+json\" class=\"yoast-schema-graph\">{\"@context\":\"https:\\\/\\\/schema.org\",\"@graph\":[{\"@type\":\"WebPage\",\"@id\":\"https:\\\/\\\/hotelmaritan.it\\\/de\\\/personal\\\/\",\"url\":\"https:\\\/\\\/hotelmaritan.it\\\/de\\\/personal\\\/\",\"name\":\"Personal - Hotel Maritan Padova\",\"isPartOf\":{\"@id\":\"https:\\\/\\\/hotelmaritan.it\\\/de\\\/#website\"},\"primaryImageOfPage\":{\"@id\":\"https:\\\/\\\/hotelmaritan.it\\\/de\\\/personal\\\/#primaryimage\"},\"image\":{\"@id\":\"https:\\\/\\\/hotelmaritan.it\\\/de\\\/personal\\\/#primaryimage\"},\"thumbnailUrl\":\"https:\\\/\\\/hotelmaritan.it\\\/wp-content\\\/uploads\\\/2023\\\/02\\\/0046_DSC00630-1024x576.jpg\",\"datePublished\":\"2023-02-09T12:53:41+00:00\",\"dateModified\":\"2023-03-03T08:31:01+00:00\",\"breadcrumb\":{\"@id\":\"https:\\\/\\\/hotelmaritan.it\\\/de\\\/personal\\\/#breadcrumb\"},\"inLanguage\":\"de\",\"potentialAction\":[{\"@type\":\"ReadAction\",\"target\":[\"https:\\\/\\\/hotelmaritan.it\\\/de\\\/personal\\\/\"]}]},{\"@type\":\"ImageObject\",\"inLanguage\":\"de\",\"@id\":\"https:\\\/\\\/hotelmaritan.it\\\/de\\\/personal\\\/#primaryimage\",\"url\":\"https:\\\/\\\/hotelmaritan.it\\\/wp-content\\\/uploads\\\/2023\\\/02\\\/0046_DSC00630-1024x576.jpg\",\"contentUrl\":\"https:\\\/\\\/hotelmaritan.it\\\/wp-content\\\/uploads\\\/2023\\\/02\\\/0046_DSC00630-1024x576.jpg\"},{\"@type\":\"BreadcrumbList\",\"@id\":\"https:\\\/\\\/hotelmaritan.it\\\/de\\\/personal\\\/#breadcrumb\",\"itemListElement\":[{\"@type\":\"ListItem\",\"position\":1,\"name\":\"Home\",\"item\":\"https:\\\/\\\/hotelmaritan.it\\\/de\\\/\"},{\"@type\":\"ListItem\",\"position\":2,\"name\":\"Personal\"}]},{\"@type\":\"WebSite\",\"@id\":\"https:\\\/\\\/hotelmaritan.it\\\/de\\\/#website\",\"url\":\"https:\\\/\\\/hotelmaritan.it\\\/de\\\/\",\"name\":\"Hotel Maritan Padova\",\"description\":\"A Padova come essere a casa\",\"publisher\":{\"@id\":\"https:\\\/\\\/hotelmaritan.it\\\/de\\\/#organization\"},\"potentialAction\":[{\"@type\":\"SearchAction\",\"target\":{\"@type\":\"EntryPoint\",\"urlTemplate\":\"https:\\\/\\\/hotelmaritan.it\\\/de\\\/?s={search_term_string}\"},\"query-input\":{\"@type\":\"PropertyValueSpecification\",\"valueRequired\":true,\"valueName\":\"search_term_string\"}}],\"inLanguage\":\"de\"},{\"@type\":\"Organization\",\"@id\":\"https:\\\/\\\/hotelmaritan.it\\\/de\\\/#organization\",\"name\":\"Hotel Maritan Padua\",\"url\":\"https:\\\/\\\/hotelmaritan.it\\\/de\\\/\",\"logo\":{\"@type\":\"ImageObject\",\"inLanguage\":\"de\",\"@id\":\"https:\\\/\\\/hotelmaritan.it\\\/de\\\/#\\\/schema\\\/logo\\\/image\\\/\",\"url\":\"https:\\\/\\\/hotelmaritan.it\\\/wp-content\\\/uploads\\\/2022\\\/12\\\/logo-maritan.svg\",\"contentUrl\":\"https:\\\/\\\/hotelmaritan.it\\\/wp-content\\\/uploads\\\/2022\\\/12\\\/logo-maritan.svg\",\"width\":112,\"height\":67,\"caption\":\"Hotel Maritan Padua\"},\"image\":{\"@id\":\"https:\\\/\\\/hotelmaritan.it\\\/de\\\/#\\\/schema\\\/logo\\\/image\\\/\"},\"sameAs\":[\"https:\\\/\\\/www.facebook.com\\\/hotelmaritan\\\/\",\"https:\\\/\\\/x.com\\\/HotelMaritan\",\"https:\\\/\\\/www.instagram.com\\\/hotelmaritan\\\/?hl=it\",\"https:\\\/\\\/www.linkedin.com\\\/in\\\/hotel-maritan-padova-56ab2a63\\\/\"]}]}<\/script>\n<!-- \/ Yoast SEO plugin. -->","yoast_head_json":{"title":"Personal - Hotel Maritan Padova","robots":{"index":"index","follow":"follow","max-snippet":"max-snippet:-1","max-image-preview":"max-image-preview:large","max-video-preview":"max-video-preview:-1"},"canonical":"https:\/\/hotelmaritan.it\/de\/personal\/","og_locale":"de_DE","og_type":"article","og_title":"Personal - Hotel Maritan Padova","og_description":"Unser Personal besteht aus einer Gruppe hochqualifizierter und engagierter Menschen, die gemeinsam daf\u00fcr sorgen, dass jeder Aufenthalt in unserem Hotel unvergesslich wird. Wir sind stolz darauf, ein Team von Fachleuten zu haben, die sich daf\u00fcr einsetzen, jedem Gast einen hochwertigen Service zu bieten. Die Rezeption zum Beispiel empf\u00e4ngt Sie immer mit einem L\u00e4cheln und beantwortet [&hellip;]","og_url":"https:\/\/hotelmaritan.it\/de\/personal\/","og_site_name":"Hotel Maritan Padova","article_publisher":"https:\/\/www.facebook.com\/hotelmaritan\/","article_modified_time":"2023-03-03T08:31:01+00:00","og_image":[{"url":"https:\/\/hotelmaritan.it\/wp-content\/uploads\/2023\/02\/0046_DSC00630-1024x576.jpg","type":"","width":"","height":""}],"twitter_card":"summary_large_image","twitter_site":"@HotelMaritan","twitter_misc":{"Gesch\u00e4tzte Lesezeit":"1\u00a0Minute"},"schema":{"@context":"https:\/\/schema.org","@graph":[{"@type":"WebPage","@id":"https:\/\/hotelmaritan.it\/de\/personal\/","url":"https:\/\/hotelmaritan.it\/de\/personal\/","name":"Personal - Hotel Maritan Padova","isPartOf":{"@id":"https:\/\/hotelmaritan.it\/de\/#website"},"primaryImageOfPage":{"@id":"https:\/\/hotelmaritan.it\/de\/personal\/#primaryimage"},"image":{"@id":"https:\/\/hotelmaritan.it\/de\/personal\/#primaryimage"},"thumbnailUrl":"https:\/\/hotelmaritan.it\/wp-content\/uploads\/2023\/02\/0046_DSC00630-1024x576.jpg","datePublished":"2023-02-09T12:53:41+00:00","dateModified":"2023-03-03T08:31:01+00:00","breadcrumb":{"@id":"https:\/\/hotelmaritan.it\/de\/personal\/#breadcrumb"},"inLanguage":"de","potentialAction":[{"@type":"ReadAction","target":["https:\/\/hotelmaritan.it\/de\/personal\/"]}]},{"@type":"ImageObject","inLanguage":"de","@id":"https:\/\/hotelmaritan.it\/de\/personal\/#primaryimage","url":"https:\/\/hotelmaritan.it\/wp-content\/uploads\/2023\/02\/0046_DSC00630-1024x576.jpg","contentUrl":"https:\/\/hotelmaritan.it\/wp-content\/uploads\/2023\/02\/0046_DSC00630-1024x576.jpg"},{"@type":"BreadcrumbList","@id":"https:\/\/hotelmaritan.it\/de\/personal\/#breadcrumb","itemListElement":[{"@type":"ListItem","position":1,"name":"Home","item":"https:\/\/hotelmaritan.it\/de\/"},{"@type":"ListItem","position":2,"name":"Personal"}]},{"@type":"WebSite","@id":"https:\/\/hotelmaritan.it\/de\/#website","url":"https:\/\/hotelmaritan.it\/de\/","name":"Hotel Maritan Padova","description":"A Padova come essere a casa","publisher":{"@id":"https:\/\/hotelmaritan.it\/de\/#organization"},"potentialAction":[{"@type":"SearchAction","target":{"@type":"EntryPoint","urlTemplate":"https:\/\/hotelmaritan.it\/de\/?s={search_term_string}"},"query-input":{"@type":"PropertyValueSpecification","valueRequired":true,"valueName":"search_term_string"}}],"inLanguage":"de"},{"@type":"Organization","@id":"https:\/\/hotelmaritan.it\/de\/#organization","name":"Hotel Maritan Padua","url":"https:\/\/hotelmaritan.it\/de\/","logo":{"@type":"ImageObject","inLanguage":"de","@id":"https:\/\/hotelmaritan.it\/de\/#\/schema\/logo\/image\/","url":"https:\/\/hotelmaritan.it\/wp-content\/uploads\/2022\/12\/logo-maritan.svg","contentUrl":"https:\/\/hotelmaritan.it\/wp-content\/uploads\/2022\/12\/logo-maritan.svg","width":112,"height":67,"caption":"Hotel Maritan Padua"},"image":{"@id":"https:\/\/hotelmaritan.it\/de\/#\/schema\/logo\/image\/"},"sameAs":["https:\/\/www.facebook.com\/hotelmaritan\/","https:\/\/x.com\/HotelMaritan","https:\/\/www.instagram.com\/hotelmaritan\/?hl=it","https:\/\/www.linkedin.com\/in\/hotel-maritan-padova-56ab2a63\/"]}]}},"_links":{"self":[{"href":"https:\/\/hotelmaritan.it\/de\/wp-json\/wp\/v2\/pages\/1733","targetHints":{"allow":["GET"]}}],"collection":[{"href":"https:\/\/hotelmaritan.it\/de\/wp-json\/wp\/v2\/pages"}],"about":[{"href":"https:\/\/hotelmaritan.it\/de\/wp-json\/wp\/v2\/types\/page"}],"author":[{"embeddable":true,"href":"https:\/\/hotelmaritan.it\/de\/wp-json\/wp\/v2\/users\/1"}],"replies":[{"embeddable":true,"href":"https:\/\/hotelmaritan.it\/de\/wp-json\/wp\/v2\/comments?post=1733"}],"version-history":[{"count":1,"href":"https:\/\/hotelmaritan.it\/de\/wp-json\/wp\/v2\/pages\/1733\/revisions"}],"predecessor-version":[{"id":1737,"href":"https:\/\/hotelmaritan.it\/de\/wp-json\/wp\/v2\/pages\/1733\/revisions\/1737"}],"wp:attachment":[{"href":"https:\/\/hotelmaritan.it\/de\/wp-json\/wp\/v2\/media?parent=1733"}],"curies":[{"name":"wp","href":"https:\/\/api.w.org\/{rel}","templated":true}]}}