{"id":1727,"date":"2023-01-18T14:51:40","date_gmt":"2023-01-18T14:51:40","guid":{"rendered":"https:\/\/hotelmaritan.it\/sala-meeting\/"},"modified":"2023-03-06T16:18:58","modified_gmt":"2023-03-06T16:18:58","slug":"tagungsraum","status":"publish","type":"page","link":"https:\/\/hotelmaritan.it\/de\/tagungsraum\/","title":{"rendered":"Tagungsraum"},"content":{"rendered":"\n<p>Tagungsraum f\u00fcr Gesch\u00e4ftstreffen, Schulungen, Kongresse oder einfach nur Gesch\u00e4ftsessen, der so strukturiert ist, dass er den maximalen Bedarf abdeckt und sich in ein multifunktionales Tagungszentrum verwandeln l\u00e4sst.<\/p>\n\n\n\n<p>Der Tagungsraum mit einer maximalen Kapazit\u00e4t von 30 Personen ist von den Zimmern aus direkt mit dem Aufzug zu erreichen und ist mit einem Maxi-Plasma-Bildschirm, Overhead-Projektor, Videoprojektor, DVD-Player, Tonanlage, Internet-Service, Klimaanlage und Kaffeepausen-Service ausgestattet.<\/p>\n\n\n\n<p>Andere Ger\u00e4te k\u00f6nnen auf Anfrage gemietet werden.<\/p>\n\n\n\n<p>Hotelparkpl\u00e4tze sind gegen eine Geb\u00fchr verf\u00fcgbar.<\/p>\n\n\n\n<p>Wir stehen Ihnen gerne zur Verf\u00fcgung, um Sie pers\u00f6nlich zu beraten und gemeinsam mit Ihnen zu pr\u00fcfen, wie Sie Ihren Bed\u00fcrfnissen am besten gerecht werden k\u00f6nnen.<\/p>\n\n\n\n<figure class=\"wp-block-gallery has-nested-images columns-default is-cropped wp-block-gallery-1 is-layout-flex wp-block-gallery-is-layout-flex\">\n<figure class=\"wp-block-image size-large\"><img loading=\"lazy\" decoding=\"async\" width=\"1024\" height=\"576\" data-id=\"1063\" src=\"https:\/\/hotelmaritan.it\/wp-content\/uploads\/2023\/02\/ingresso-sala-meeting-1-1024x576.jpg\" alt=\"\" class=\"wp-image-1063\" srcset=\"https:\/\/hotelmaritan.it\/wp-content\/uploads\/2023\/02\/ingresso-sala-meeting-1-1024x576.jpg 1024w, https:\/\/hotelmaritan.it\/wp-content\/uploads\/2023\/02\/ingresso-sala-meeting-1-300x169.jpg 300w, https:\/\/hotelmaritan.it\/wp-content\/uploads\/2023\/02\/ingresso-sala-meeting-1-768x432.jpg 768w, https:\/\/hotelmaritan.it\/wp-content\/uploads\/2023\/02\/ingresso-sala-meeting-1-1536x864.jpg 1536w, https:\/\/hotelmaritan.it\/wp-content\/uploads\/2023\/02\/ingresso-sala-meeting-1-2048x1152.jpg 2048w\" sizes=\"auto, (max-width: 1024px) 100vw, 1024px\" \/><\/figure>\n\n\n\n<figure class=\"wp-block-image size-large\"><img loading=\"lazy\" decoding=\"async\" width=\"1024\" height=\"576\" data-id=\"1196\" src=\"https:\/\/hotelmaritan.it\/wp-content\/uploads\/2023\/02\/posti-sala-meeting-2-1024x576.jpg\" alt=\"\" class=\"wp-image-1196\" srcset=\"https:\/\/hotelmaritan.it\/wp-content\/uploads\/2023\/02\/posti-sala-meeting-2-1024x576.jpg 1024w, https:\/\/hotelmaritan.it\/wp-content\/uploads\/2023\/02\/posti-sala-meeting-2-300x169.jpg 300w, https:\/\/hotelmaritan.it\/wp-content\/uploads\/2023\/02\/posti-sala-meeting-2-768x432.jpg 768w, https:\/\/hotelmaritan.it\/wp-content\/uploads\/2023\/02\/posti-sala-meeting-2-1536x864.jpg 1536w, https:\/\/hotelmaritan.it\/wp-content\/uploads\/2023\/02\/posti-sala-meeting-2-2048x1152.jpg 2048w\" sizes=\"auto, (max-width: 1024px) 100vw, 1024px\" \/><\/figure>\n\n\n\n<figure class=\"wp-block-image size-large\"><img loading=\"lazy\" decoding=\"async\" width=\"1024\" height=\"576\" data-id=\"1099\" src=\"https:\/\/hotelmaritan.it\/wp-content\/uploads\/2023\/02\/sala-meeting-1-1024x576.jpg\" alt=\"\" class=\"wp-image-1099\" srcset=\"https:\/\/hotelmaritan.it\/wp-content\/uploads\/2023\/02\/sala-meeting-1-1024x576.jpg 1024w, https:\/\/hotelmaritan.it\/wp-content\/uploads\/2023\/02\/sala-meeting-1-300x169.jpg 300w, https:\/\/hotelmaritan.it\/wp-content\/uploads\/2023\/02\/sala-meeting-1-768x432.jpg 768w, https:\/\/hotelmaritan.it\/wp-content\/uploads\/2023\/02\/sala-meeting-1-1536x864.jpg 1536w, https:\/\/hotelmaritan.it\/wp-content\/uploads\/2023\/02\/sala-meeting-1-2048x1152.jpg 2048w\" sizes=\"auto, (max-width: 1024px) 100vw, 1024px\" \/><\/figure>\n<\/figure>\n","protected":false},"excerpt":{"rendered":"<p>Tagungsraum f\u00fcr Gesch\u00e4ftstreffen, Schulungen, Kongresse oder einfach nur Gesch\u00e4ftsessen, der so strukturiert ist, dass er den maximalen Bedarf abdeckt und sich in ein multifunktionales Tagungszentrum verwandeln l\u00e4sst. Der Tagungsraum mit einer maximalen Kapazit\u00e4t von 30 Personen ist von den Zimmern aus direkt mit dem Aufzug zu erreichen und ist mit einem Maxi-Plasma-Bildschirm, Overhead-Projektor, Videoprojektor, DVD-Player, [&hellip;]<\/p>\n","protected":false},"author":1,"featured_media":0,"parent":0,"menu_order":0,"comment_status":"closed","ping_status":"closed","template":"","meta":{"_acf_changed":false,"footnotes":""},"class_list":["post-1727","page","type-page","status-publish","hentry"],"acf":[],"yoast_head":"<!-- This site is optimized with the Yoast SEO plugin v27.3 - https:\/\/yoast.com\/product\/yoast-seo-wordpress\/ -->\n<title>Wenn Sie einen Tagungsraum oder einen Sitzungssaal in Padua suchen, ist unser Hotel der richtige Ort f\u00fcr Sie<\/title>\n<meta name=\"description\" content=\"Tagungsraum f\u00fcr Gesch\u00e4ftstreffen, Schulungen, Kongresse oder einfach nur Gesch\u00e4ftsessen, strukturiert, um den maximalen Bedarf zu decken\" \/>\n<meta name=\"robots\" content=\"index, follow, max-snippet:-1, max-image-preview:large, max-video-preview:-1\" \/>\n<link rel=\"canonical\" href=\"https:\/\/hotelmaritan.it\/de\/tagungsraum\/\" \/>\n<meta property=\"og:locale\" content=\"de_DE\" \/>\n<meta property=\"og:type\" content=\"article\" \/>\n<meta property=\"og:title\" content=\"Wenn Sie einen Tagungsraum oder einen Sitzungssaal in Padua suchen, ist unser Hotel der richtige Ort f\u00fcr Sie\" \/>\n<meta property=\"og:description\" content=\"Tagungsraum f\u00fcr Gesch\u00e4ftstreffen, Schulungen, Kongresse oder einfach nur Gesch\u00e4ftsessen, strukturiert, um den maximalen Bedarf zu decken\" \/>\n<meta property=\"og:url\" content=\"https:\/\/hotelmaritan.it\/de\/tagungsraum\/\" \/>\n<meta property=\"og:site_name\" content=\"Hotel Maritan Padova\" \/>\n<meta property=\"article:publisher\" content=\"https:\/\/www.facebook.com\/hotelmaritan\/\" \/>\n<meta property=\"article:modified_time\" content=\"2023-03-06T16:18:58+00:00\" \/>\n<meta property=\"og:image\" content=\"https:\/\/hotelmaritan.it\/wp-content\/uploads\/2023\/02\/ingresso-sala-meeting-1-1024x576.jpg\" \/>\n<meta name=\"twitter:card\" content=\"summary_large_image\" \/>\n<meta name=\"twitter:site\" content=\"@HotelMaritan\" \/>\n<meta name=\"twitter:label1\" content=\"Gesch\u00e4tzte Lesezeit\" \/>\n\t<meta name=\"twitter:data1\" content=\"2\u00a0Minuten\" \/>\n<script type=\"application\/ld+json\" class=\"yoast-schema-graph\">{\"@context\":\"https:\\\/\\\/schema.org\",\"@graph\":[{\"@type\":\"WebPage\",\"@id\":\"https:\\\/\\\/hotelmaritan.it\\\/de\\\/tagungsraum\\\/\",\"url\":\"https:\\\/\\\/hotelmaritan.it\\\/de\\\/tagungsraum\\\/\",\"name\":\"Wenn Sie einen Tagungsraum oder einen Sitzungssaal in Padua suchen, ist unser Hotel der richtige Ort f\u00fcr Sie\",\"isPartOf\":{\"@id\":\"https:\\\/\\\/hotelmaritan.it\\\/de\\\/#website\"},\"primaryImageOfPage\":{\"@id\":\"https:\\\/\\\/hotelmaritan.it\\\/de\\\/tagungsraum\\\/#primaryimage\"},\"image\":{\"@id\":\"https:\\\/\\\/hotelmaritan.it\\\/de\\\/tagungsraum\\\/#primaryimage\"},\"thumbnailUrl\":\"https:\\\/\\\/hotelmaritan.it\\\/wp-content\\\/uploads\\\/2023\\\/02\\\/ingresso-sala-meeting-1-1024x576.jpg\",\"datePublished\":\"2023-01-18T14:51:40+00:00\",\"dateModified\":\"2023-03-06T16:18:58+00:00\",\"description\":\"Tagungsraum f\u00fcr Gesch\u00e4ftstreffen, Schulungen, Kongresse oder einfach nur Gesch\u00e4ftsessen, strukturiert, um den maximalen Bedarf zu decken\",\"breadcrumb\":{\"@id\":\"https:\\\/\\\/hotelmaritan.it\\\/de\\\/tagungsraum\\\/#breadcrumb\"},\"inLanguage\":\"de\",\"potentialAction\":[{\"@type\":\"ReadAction\",\"target\":[\"https:\\\/\\\/hotelmaritan.it\\\/de\\\/tagungsraum\\\/\"]}]},{\"@type\":\"ImageObject\",\"inLanguage\":\"de\",\"@id\":\"https:\\\/\\\/hotelmaritan.it\\\/de\\\/tagungsraum\\\/#primaryimage\",\"url\":\"https:\\\/\\\/hotelmaritan.it\\\/wp-content\\\/uploads\\\/2023\\\/02\\\/ingresso-sala-meeting-1-1024x576.jpg\",\"contentUrl\":\"https:\\\/\\\/hotelmaritan.it\\\/wp-content\\\/uploads\\\/2023\\\/02\\\/ingresso-sala-meeting-1-1024x576.jpg\"},{\"@type\":\"BreadcrumbList\",\"@id\":\"https:\\\/\\\/hotelmaritan.it\\\/de\\\/tagungsraum\\\/#breadcrumb\",\"itemListElement\":[{\"@type\":\"ListItem\",\"position\":1,\"name\":\"Home\",\"item\":\"https:\\\/\\\/hotelmaritan.it\\\/de\\\/\"},{\"@type\":\"ListItem\",\"position\":2,\"name\":\"Tagungsraum\"}]},{\"@type\":\"WebSite\",\"@id\":\"https:\\\/\\\/hotelmaritan.it\\\/de\\\/#website\",\"url\":\"https:\\\/\\\/hotelmaritan.it\\\/de\\\/\",\"name\":\"Hotel Maritan Padova\",\"description\":\"A Padova come essere a casa\",\"publisher\":{\"@id\":\"https:\\\/\\\/hotelmaritan.it\\\/de\\\/#organization\"},\"potentialAction\":[{\"@type\":\"SearchAction\",\"target\":{\"@type\":\"EntryPoint\",\"urlTemplate\":\"https:\\\/\\\/hotelmaritan.it\\\/de\\\/?s={search_term_string}\"},\"query-input\":{\"@type\":\"PropertyValueSpecification\",\"valueRequired\":true,\"valueName\":\"search_term_string\"}}],\"inLanguage\":\"de\"},{\"@type\":\"Organization\",\"@id\":\"https:\\\/\\\/hotelmaritan.it\\\/de\\\/#organization\",\"name\":\"Hotel Maritan Padua\",\"url\":\"https:\\\/\\\/hotelmaritan.it\\\/de\\\/\",\"logo\":{\"@type\":\"ImageObject\",\"inLanguage\":\"de\",\"@id\":\"https:\\\/\\\/hotelmaritan.it\\\/de\\\/#\\\/schema\\\/logo\\\/image\\\/\",\"url\":\"https:\\\/\\\/hotelmaritan.it\\\/wp-content\\\/uploads\\\/2022\\\/12\\\/logo-maritan.svg\",\"contentUrl\":\"https:\\\/\\\/hotelmaritan.it\\\/wp-content\\\/uploads\\\/2022\\\/12\\\/logo-maritan.svg\",\"width\":112,\"height\":67,\"caption\":\"Hotel Maritan Padua\"},\"image\":{\"@id\":\"https:\\\/\\\/hotelmaritan.it\\\/de\\\/#\\\/schema\\\/logo\\\/image\\\/\"},\"sameAs\":[\"https:\\\/\\\/www.facebook.com\\\/hotelmaritan\\\/\",\"https:\\\/\\\/x.com\\\/HotelMaritan\",\"https:\\\/\\\/www.instagram.com\\\/hotelmaritan\\\/?hl=it\",\"https:\\\/\\\/www.linkedin.com\\\/in\\\/hotel-maritan-padova-56ab2a63\\\/\"]}]}<\/script>\n<!-- \/ Yoast SEO plugin. -->","yoast_head_json":{"title":"Wenn Sie einen Tagungsraum oder einen Sitzungssaal in Padua suchen, ist unser Hotel der richtige Ort f\u00fcr Sie","description":"Tagungsraum f\u00fcr Gesch\u00e4ftstreffen, Schulungen, Kongresse oder einfach nur Gesch\u00e4ftsessen, strukturiert, um den maximalen Bedarf zu decken","robots":{"index":"index","follow":"follow","max-snippet":"max-snippet:-1","max-image-preview":"max-image-preview:large","max-video-preview":"max-video-preview:-1"},"canonical":"https:\/\/hotelmaritan.it\/de\/tagungsraum\/","og_locale":"de_DE","og_type":"article","og_title":"Wenn Sie einen Tagungsraum oder einen Sitzungssaal in Padua suchen, ist unser Hotel der richtige Ort f\u00fcr Sie","og_description":"Tagungsraum f\u00fcr Gesch\u00e4ftstreffen, Schulungen, Kongresse oder einfach nur Gesch\u00e4ftsessen, strukturiert, um den maximalen Bedarf zu decken","og_url":"https:\/\/hotelmaritan.it\/de\/tagungsraum\/","og_site_name":"Hotel Maritan Padova","article_publisher":"https:\/\/www.facebook.com\/hotelmaritan\/","article_modified_time":"2023-03-06T16:18:58+00:00","og_image":[{"url":"https:\/\/hotelmaritan.it\/wp-content\/uploads\/2023\/02\/ingresso-sala-meeting-1-1024x576.jpg","type":"","width":"","height":""}],"twitter_card":"summary_large_image","twitter_site":"@HotelMaritan","twitter_misc":{"Gesch\u00e4tzte Lesezeit":"2\u00a0Minuten"},"schema":{"@context":"https:\/\/schema.org","@graph":[{"@type":"WebPage","@id":"https:\/\/hotelmaritan.it\/de\/tagungsraum\/","url":"https:\/\/hotelmaritan.it\/de\/tagungsraum\/","name":"Wenn Sie einen Tagungsraum oder einen Sitzungssaal in Padua suchen, ist unser Hotel der richtige Ort f\u00fcr Sie","isPartOf":{"@id":"https:\/\/hotelmaritan.it\/de\/#website"},"primaryImageOfPage":{"@id":"https:\/\/hotelmaritan.it\/de\/tagungsraum\/#primaryimage"},"image":{"@id":"https:\/\/hotelmaritan.it\/de\/tagungsraum\/#primaryimage"},"thumbnailUrl":"https:\/\/hotelmaritan.it\/wp-content\/uploads\/2023\/02\/ingresso-sala-meeting-1-1024x576.jpg","datePublished":"2023-01-18T14:51:40+00:00","dateModified":"2023-03-06T16:18:58+00:00","description":"Tagungsraum f\u00fcr Gesch\u00e4ftstreffen, Schulungen, Kongresse oder einfach nur Gesch\u00e4ftsessen, strukturiert, um den maximalen Bedarf zu decken","breadcrumb":{"@id":"https:\/\/hotelmaritan.it\/de\/tagungsraum\/#breadcrumb"},"inLanguage":"de","potentialAction":[{"@type":"ReadAction","target":["https:\/\/hotelmaritan.it\/de\/tagungsraum\/"]}]},{"@type":"ImageObject","inLanguage":"de","@id":"https:\/\/hotelmaritan.it\/de\/tagungsraum\/#primaryimage","url":"https:\/\/hotelmaritan.it\/wp-content\/uploads\/2023\/02\/ingresso-sala-meeting-1-1024x576.jpg","contentUrl":"https:\/\/hotelmaritan.it\/wp-content\/uploads\/2023\/02\/ingresso-sala-meeting-1-1024x576.jpg"},{"@type":"BreadcrumbList","@id":"https:\/\/hotelmaritan.it\/de\/tagungsraum\/#breadcrumb","itemListElement":[{"@type":"ListItem","position":1,"name":"Home","item":"https:\/\/hotelmaritan.it\/de\/"},{"@type":"ListItem","position":2,"name":"Tagungsraum"}]},{"@type":"WebSite","@id":"https:\/\/hotelmaritan.it\/de\/#website","url":"https:\/\/hotelmaritan.it\/de\/","name":"Hotel Maritan Padova","description":"A Padova come essere a casa","publisher":{"@id":"https:\/\/hotelmaritan.it\/de\/#organization"},"potentialAction":[{"@type":"SearchAction","target":{"@type":"EntryPoint","urlTemplate":"https:\/\/hotelmaritan.it\/de\/?s={search_term_string}"},"query-input":{"@type":"PropertyValueSpecification","valueRequired":true,"valueName":"search_term_string"}}],"inLanguage":"de"},{"@type":"Organization","@id":"https:\/\/hotelmaritan.it\/de\/#organization","name":"Hotel Maritan Padua","url":"https:\/\/hotelmaritan.it\/de\/","logo":{"@type":"ImageObject","inLanguage":"de","@id":"https:\/\/hotelmaritan.it\/de\/#\/schema\/logo\/image\/","url":"https:\/\/hotelmaritan.it\/wp-content\/uploads\/2022\/12\/logo-maritan.svg","contentUrl":"https:\/\/hotelmaritan.it\/wp-content\/uploads\/2022\/12\/logo-maritan.svg","width":112,"height":67,"caption":"Hotel Maritan Padua"},"image":{"@id":"https:\/\/hotelmaritan.it\/de\/#\/schema\/logo\/image\/"},"sameAs":["https:\/\/www.facebook.com\/hotelmaritan\/","https:\/\/x.com\/HotelMaritan","https:\/\/www.instagram.com\/hotelmaritan\/?hl=it","https:\/\/www.linkedin.com\/in\/hotel-maritan-padova-56ab2a63\/"]}]}},"_links":{"self":[{"href":"https:\/\/hotelmaritan.it\/de\/wp-json\/wp\/v2\/pages\/1727","targetHints":{"allow":["GET"]}}],"collection":[{"href":"https:\/\/hotelmaritan.it\/de\/wp-json\/wp\/v2\/pages"}],"about":[{"href":"https:\/\/hotelmaritan.it\/de\/wp-json\/wp\/v2\/types\/page"}],"author":[{"embeddable":true,"href":"https:\/\/hotelmaritan.it\/de\/wp-json\/wp\/v2\/users\/1"}],"replies":[{"embeddable":true,"href":"https:\/\/hotelmaritan.it\/de\/wp-json\/wp\/v2\/comments?post=1727"}],"version-history":[{"count":1,"href":"https:\/\/hotelmaritan.it\/de\/wp-json\/wp\/v2\/pages\/1727\/revisions"}],"predecessor-version":[{"id":1730,"href":"https:\/\/hotelmaritan.it\/de\/wp-json\/wp\/v2\/pages\/1727\/revisions\/1730"}],"wp:attachment":[{"href":"https:\/\/hotelmaritan.it\/de\/wp-json\/wp\/v2\/media?parent=1727"}],"curies":[{"name":"wp","href":"https:\/\/api.w.org\/{rel}","templated":true}]}}