{"id":1720,"date":"2023-02-16T10:07:43","date_gmt":"2023-02-16T10:07:43","guid":{"rendered":"https:\/\/hotelmaritan.it\/la-colazione\/"},"modified":"2023-03-03T08:30:19","modified_gmt":"2023-03-03T08:30:19","slug":"fruhstuck","status":"publish","type":"page","link":"https:\/\/hotelmaritan.it\/de\/fruhstuck\/","title":{"rendered":"Fr\u00fchst\u00fcck"},"content":{"rendered":"\n<p>Unser Fr\u00fchst\u00fcck ist ein wahres kulinarisches Erlebnis, mit hausgemachtem Geb\u00e4ck, frischem Obst, Muffins, Pfannkuchen und einer gro\u00dfen Auswahl an hausgemachten Marmeladen. Alles wird mit hochwertigen Zutaten und viel Liebe zum Detail zubereitet, um ein unvergessliches Geschmackserlebnis zu garantieren.<\/p>\n\n\n\n<p>Au\u00dferdem bieten wir ein Fr\u00fchst\u00fcck f\u00fcr Menschen mit Z\u00f6liakie und Unvertr\u00e4glichkeiten an, mit einer gro\u00dfen Auswahl an gluten- und laktosefreien Produkten, um allen unseren G\u00e4sten ein gesundes Fr\u00fchst\u00fcck zu garantieren, das ihren Ern\u00e4hrungsbed\u00fcrfnissen entspricht.<\/p>\n\n\n\n<p>Ganz gleich, ob Sie Ihren Tag mit einem frischen Kaffee und einem Croissant beginnen oder ein komplettes, nahrhaftes Fr\u00fchst\u00fcck zu sich nehmen m\u00f6chten, unser Fr\u00fchst\u00fcck wird Ihnen jeden Wunsch erf\u00fcllen.<\/p>\n\n\n\n<p>Entdecken Sie unser vielf\u00e4ltiges Fr\u00fchst\u00fccksangebot und lassen Sie sich von unserem Engagement f\u00fcr Qualit\u00e4t und Geschmack \u00fcberzeugen, um Ihren Tag auf die bestm\u00f6gliche Weise zu beginnen.<\/p>\n\n\n\n<figure class=\"wp-block-gallery has-nested-images columns-default is-cropped wp-block-gallery-1 is-layout-flex wp-block-gallery-is-layout-flex\">\n<figure class=\"wp-block-image size-large\"><img loading=\"lazy\" decoding=\"async\" width=\"1024\" height=\"576\" data-id=\"1111\" src=\"https:\/\/hotelmaritan.it\/wp-content\/uploads\/2023\/02\/servizio-bar-1024x576.jpg\" alt=\"\" class=\"wp-image-1111\" srcset=\"https:\/\/hotelmaritan.it\/wp-content\/uploads\/2023\/02\/servizio-bar-1024x576.jpg 1024w, https:\/\/hotelmaritan.it\/wp-content\/uploads\/2023\/02\/servizio-bar-300x169.jpg 300w, https:\/\/hotelmaritan.it\/wp-content\/uploads\/2023\/02\/servizio-bar-768x432.jpg 768w, https:\/\/hotelmaritan.it\/wp-content\/uploads\/2023\/02\/servizio-bar-1536x864.jpg 1536w, https:\/\/hotelmaritan.it\/wp-content\/uploads\/2023\/02\/servizio-bar-2048x1152.jpg 2048w\" sizes=\"(max-width: 1024px) 100vw, 1024px\" \/><\/figure>\n\n\n\n<figure class=\"wp-block-image size-large\"><img loading=\"lazy\" decoding=\"async\" width=\"1024\" height=\"576\" data-id=\"1047\" src=\"https:\/\/hotelmaritan.it\/wp-content\/uploads\/2023\/02\/frutta-sciroppata-1024x576.jpg\" alt=\"\" class=\"wp-image-1047\" srcset=\"https:\/\/hotelmaritan.it\/wp-content\/uploads\/2023\/02\/frutta-sciroppata-1024x576.jpg 1024w, https:\/\/hotelmaritan.it\/wp-content\/uploads\/2023\/02\/frutta-sciroppata-300x169.jpg 300w, https:\/\/hotelmaritan.it\/wp-content\/uploads\/2023\/02\/frutta-sciroppata-768x432.jpg 768w, https:\/\/hotelmaritan.it\/wp-content\/uploads\/2023\/02\/frutta-sciroppata-1536x864.jpg 1536w, https:\/\/hotelmaritan.it\/wp-content\/uploads\/2023\/02\/frutta-sciroppata-2048x1152.jpg 2048w\" sizes=\"(max-width: 1024px) 100vw, 1024px\" \/><\/figure>\n\n\n\n<figure class=\"wp-block-image size-large\"><img loading=\"lazy\" decoding=\"async\" width=\"1024\" height=\"576\" data-id=\"1043\" src=\"https:\/\/hotelmaritan.it\/wp-content\/uploads\/2023\/02\/frutta-colazione-1024x576.jpg\" alt=\"\" class=\"wp-image-1043\" srcset=\"https:\/\/hotelmaritan.it\/wp-content\/uploads\/2023\/02\/frutta-colazione-1024x576.jpg 1024w, https:\/\/hotelmaritan.it\/wp-content\/uploads\/2023\/02\/frutta-colazione-300x169.jpg 300w, https:\/\/hotelmaritan.it\/wp-content\/uploads\/2023\/02\/frutta-colazione-768x432.jpg 768w, https:\/\/hotelmaritan.it\/wp-content\/uploads\/2023\/02\/frutta-colazione-1536x864.jpg 1536w, https:\/\/hotelmaritan.it\/wp-content\/uploads\/2023\/02\/frutta-colazione-2048x1152.jpg 2048w\" sizes=\"(max-width: 1024px) 100vw, 1024px\" \/><\/figure>\n\n\n\n<figure class=\"wp-block-image size-large\"><img loading=\"lazy\" decoding=\"async\" width=\"1024\" height=\"576\" data-id=\"1019\" src=\"https:\/\/hotelmaritan.it\/wp-content\/uploads\/2023\/02\/brioches-salate-1024x576.jpg\" alt=\"\" class=\"wp-image-1019\" srcset=\"https:\/\/hotelmaritan.it\/wp-content\/uploads\/2023\/02\/brioches-salate-1024x576.jpg 1024w, https:\/\/hotelmaritan.it\/wp-content\/uploads\/2023\/02\/brioches-salate-300x169.jpg 300w, https:\/\/hotelmaritan.it\/wp-content\/uploads\/2023\/02\/brioches-salate-768x432.jpg 768w, https:\/\/hotelmaritan.it\/wp-content\/uploads\/2023\/02\/brioches-salate-1536x864.jpg 1536w, https:\/\/hotelmaritan.it\/wp-content\/uploads\/2023\/02\/brioches-salate-2048x1152.jpg 2048w\" sizes=\"(max-width: 1024px) 100vw, 1024px\" \/><\/figure>\n\n\n\n<figure class=\"wp-block-image size-large\"><img loading=\"lazy\" decoding=\"async\" width=\"1024\" height=\"576\" data-id=\"1103\" src=\"https:\/\/hotelmaritan.it\/wp-content\/uploads\/2023\/02\/senza-glutine-1024x576.jpg\" alt=\"\" class=\"wp-image-1103\" srcset=\"https:\/\/hotelmaritan.it\/wp-content\/uploads\/2023\/02\/senza-glutine-1024x576.jpg 1024w, https:\/\/hotelmaritan.it\/wp-content\/uploads\/2023\/02\/senza-glutine-300x169.jpg 300w, https:\/\/hotelmaritan.it\/wp-content\/uploads\/2023\/02\/senza-glutine-768x432.jpg 768w, https:\/\/hotelmaritan.it\/wp-content\/uploads\/2023\/02\/senza-glutine-1536x864.jpg 1536w, https:\/\/hotelmaritan.it\/wp-content\/uploads\/2023\/02\/senza-glutine-2048x1152.jpg 2048w\" sizes=\"(max-width: 1024px) 100vw, 1024px\" \/><\/figure>\n\n\n\n<figure class=\"wp-block-image size-large\"><img loading=\"lazy\" decoding=\"async\" width=\"1024\" height=\"576\" data-id=\"1107\" src=\"https:\/\/hotelmaritan.it\/wp-content\/uploads\/2023\/02\/senza-lattosio-1024x576.jpg\" alt=\"\" class=\"wp-image-1107\" srcset=\"https:\/\/hotelmaritan.it\/wp-content\/uploads\/2023\/02\/senza-lattosio-1024x576.jpg 1024w, https:\/\/hotelmaritan.it\/wp-content\/uploads\/2023\/02\/senza-lattosio-300x169.jpg 300w, https:\/\/hotelmaritan.it\/wp-content\/uploads\/2023\/02\/senza-lattosio-768x432.jpg 768w, https:\/\/hotelmaritan.it\/wp-content\/uploads\/2023\/02\/senza-lattosio-1536x864.jpg 1536w, https:\/\/hotelmaritan.it\/wp-content\/uploads\/2023\/02\/senza-lattosio-2048x1152.jpg 2048w\" sizes=\"(max-width: 1024px) 100vw, 1024px\" \/><\/figure>\n\n\n\n<figure class=\"wp-block-image size-large\"><img loading=\"lazy\" decoding=\"async\" width=\"1024\" height=\"576\" data-id=\"1023\" src=\"https:\/\/hotelmaritan.it\/wp-content\/uploads\/2023\/02\/colazione-dolce-1024x576.jpg\" alt=\"\" class=\"wp-image-1023\" srcset=\"https:\/\/hotelmaritan.it\/wp-content\/uploads\/2023\/02\/colazione-dolce-1024x576.jpg 1024w, https:\/\/hotelmaritan.it\/wp-content\/uploads\/2023\/02\/colazione-dolce-300x169.jpg 300w, https:\/\/hotelmaritan.it\/wp-content\/uploads\/2023\/02\/colazione-dolce-768x432.jpg 768w, https:\/\/hotelmaritan.it\/wp-content\/uploads\/2023\/02\/colazione-dolce-1536x864.jpg 1536w, https:\/\/hotelmaritan.it\/wp-content\/uploads\/2023\/02\/colazione-dolce-2048x1152.jpg 2048w\" sizes=\"(max-width: 1024px) 100vw, 1024px\" \/><\/figure>\n\n\n\n<figure class=\"wp-block-image size-large\"><img loading=\"lazy\" decoding=\"async\" width=\"1024\" height=\"576\" data-id=\"1027\" src=\"https:\/\/hotelmaritan.it\/wp-content\/uploads\/2023\/02\/colazione-salata-1024x576.jpg\" alt=\"\" class=\"wp-image-1027\" srcset=\"https:\/\/hotelmaritan.it\/wp-content\/uploads\/2023\/02\/colazione-salata-1024x576.jpg 1024w, https:\/\/hotelmaritan.it\/wp-content\/uploads\/2023\/02\/colazione-salata-300x169.jpg 300w, https:\/\/hotelmaritan.it\/wp-content\/uploads\/2023\/02\/colazione-salata-768x432.jpg 768w, https:\/\/hotelmaritan.it\/wp-content\/uploads\/2023\/02\/colazione-salata-1536x864.jpg 1536w, https:\/\/hotelmaritan.it\/wp-content\/uploads\/2023\/02\/colazione-salata-2048x1152.jpg 2048w\" sizes=\"(max-width: 1024px) 100vw, 1024px\" \/><\/figure>\n\n\n\n<figure class=\"wp-block-image size-large\"><img loading=\"lazy\" decoding=\"async\" width=\"1024\" height=\"576\" data-id=\"1035\" src=\"https:\/\/hotelmaritan.it\/wp-content\/uploads\/2023\/02\/croisant-colazione-1024x576.jpg\" alt=\"\" class=\"wp-image-1035\" srcset=\"https:\/\/hotelmaritan.it\/wp-content\/uploads\/2023\/02\/croisant-colazione-1024x576.jpg 1024w, https:\/\/hotelmaritan.it\/wp-content\/uploads\/2023\/02\/croisant-colazione-300x169.jpg 300w, https:\/\/hotelmaritan.it\/wp-content\/uploads\/2023\/02\/croisant-colazione-768x432.jpg 768w, https:\/\/hotelmaritan.it\/wp-content\/uploads\/2023\/02\/croisant-colazione-1536x864.jpg 1536w, https:\/\/hotelmaritan.it\/wp-content\/uploads\/2023\/02\/croisant-colazione-2048x1152.jpg 2048w\" sizes=\"(max-width: 1024px) 100vw, 1024px\" \/><\/figure>\n\n\n\n<figure class=\"wp-block-image size-large\"><img loading=\"lazy\" decoding=\"async\" width=\"1024\" height=\"576\" data-id=\"1039\" src=\"https:\/\/hotelmaritan.it\/wp-content\/uploads\/2023\/02\/croisant-1024x576.jpg\" alt=\"\" class=\"wp-image-1039\" srcset=\"https:\/\/hotelmaritan.it\/wp-content\/uploads\/2023\/02\/croisant-1024x576.jpg 1024w, https:\/\/hotelmaritan.it\/wp-content\/uploads\/2023\/02\/croisant-300x169.jpg 300w, https:\/\/hotelmaritan.it\/wp-content\/uploads\/2023\/02\/croisant-768x432.jpg 768w, https:\/\/hotelmaritan.it\/wp-content\/uploads\/2023\/02\/croisant-1536x864.jpg 1536w, https:\/\/hotelmaritan.it\/wp-content\/uploads\/2023\/02\/croisant-2048x1152.jpg 2048w\" sizes=\"(max-width: 1024px) 100vw, 1024px\" \/><\/figure>\n\n\n\n<figure class=\"wp-block-image size-large\"><img loading=\"lazy\" decoding=\"async\" width=\"1024\" height=\"576\" data-id=\"1015\" src=\"https:\/\/hotelmaritan.it\/wp-content\/uploads\/2023\/02\/bar-1024x576.jpg\" alt=\"\" class=\"wp-image-1015\" srcset=\"https:\/\/hotelmaritan.it\/wp-content\/uploads\/2023\/02\/bar-1024x576.jpg 1024w, https:\/\/hotelmaritan.it\/wp-content\/uploads\/2023\/02\/bar-300x169.jpg 300w, https:\/\/hotelmaritan.it\/wp-content\/uploads\/2023\/02\/bar-768x432.jpg 768w, https:\/\/hotelmaritan.it\/wp-content\/uploads\/2023\/02\/bar-1536x864.jpg 1536w, https:\/\/hotelmaritan.it\/wp-content\/uploads\/2023\/02\/bar-2048x1152.jpg 2048w\" sizes=\"(max-width: 1024px) 100vw, 1024px\" \/><\/figure>\n\n\n\n<figure class=\"wp-block-image size-large\"><img loading=\"lazy\" decoding=\"async\" width=\"1024\" height=\"576\" data-id=\"1011\" src=\"https:\/\/hotelmaritan.it\/wp-content\/uploads\/2023\/02\/bar-colazione-1024x576.jpg\" alt=\"\" class=\"wp-image-1011\" srcset=\"https:\/\/hotelmaritan.it\/wp-content\/uploads\/2023\/02\/bar-colazione-1024x576.jpg 1024w, https:\/\/hotelmaritan.it\/wp-content\/uploads\/2023\/02\/bar-colazione-300x169.jpg 300w, https:\/\/hotelmaritan.it\/wp-content\/uploads\/2023\/02\/bar-colazione-768x432.jpg 768w, https:\/\/hotelmaritan.it\/wp-content\/uploads\/2023\/02\/bar-colazione-1536x864.jpg 1536w, https:\/\/hotelmaritan.it\/wp-content\/uploads\/2023\/02\/bar-colazione-2048x1152.jpg 2048w\" sizes=\"(max-width: 1024px) 100vw, 1024px\" \/><\/figure>\n\n\n\n<figure class=\"wp-block-image size-large\"><img loading=\"lazy\" decoding=\"async\" width=\"1024\" height=\"576\" data-id=\"1007\" src=\"https:\/\/hotelmaritan.it\/wp-content\/uploads\/2023\/02\/bancone-bar-1-1024x576.jpg\" alt=\"\" class=\"wp-image-1007\" srcset=\"https:\/\/hotelmaritan.it\/wp-content\/uploads\/2023\/02\/bancone-bar-1-1024x576.jpg 1024w, https:\/\/hotelmaritan.it\/wp-content\/uploads\/2023\/02\/bancone-bar-1-300x169.jpg 300w, https:\/\/hotelmaritan.it\/wp-content\/uploads\/2023\/02\/bancone-bar-1-768x432.jpg 768w, https:\/\/hotelmaritan.it\/wp-content\/uploads\/2023\/02\/bancone-bar-1-1536x864.jpg 1536w, https:\/\/hotelmaritan.it\/wp-content\/uploads\/2023\/02\/bancone-bar-1-2048x1152.jpg 2048w\" sizes=\"(max-width: 1024px) 100vw, 1024px\" \/><\/figure>\n\n\n\n<figure class=\"wp-block-image size-large\"><img loading=\"lazy\" decoding=\"async\" width=\"1024\" height=\"576\" data-id=\"1003\" src=\"https:\/\/hotelmaritan.it\/wp-content\/uploads\/2023\/02\/bancone-bar-colazione-1024x576.jpg\" alt=\"\" class=\"wp-image-1003\" srcset=\"https:\/\/hotelmaritan.it\/wp-content\/uploads\/2023\/02\/bancone-bar-colazione-1024x576.jpg 1024w, https:\/\/hotelmaritan.it\/wp-content\/uploads\/2023\/02\/bancone-bar-colazione-300x169.jpg 300w, https:\/\/hotelmaritan.it\/wp-content\/uploads\/2023\/02\/bancone-bar-colazione-768x432.jpg 768w, https:\/\/hotelmaritan.it\/wp-content\/uploads\/2023\/02\/bancone-bar-colazione-1536x864.jpg 1536w, https:\/\/hotelmaritan.it\/wp-content\/uploads\/2023\/02\/bancone-bar-colazione-2048x1152.jpg 2048w\" sizes=\"(max-width: 1024px) 100vw, 1024px\" \/><\/figure>\n\n\n\n<figure class=\"wp-block-image size-large\"><img loading=\"lazy\" decoding=\"async\" width=\"1024\" height=\"576\" data-id=\"971\" src=\"https:\/\/hotelmaritan.it\/wp-content\/uploads\/2023\/02\/torta-della-nonna-1024x576.jpg\" alt=\"\" class=\"wp-image-971\" srcset=\"https:\/\/hotelmaritan.it\/wp-content\/uploads\/2023\/02\/torta-della-nonna-1024x576.jpg 1024w, https:\/\/hotelmaritan.it\/wp-content\/uploads\/2023\/02\/torta-della-nonna-300x169.jpg 300w, https:\/\/hotelmaritan.it\/wp-content\/uploads\/2023\/02\/torta-della-nonna-768x432.jpg 768w, https:\/\/hotelmaritan.it\/wp-content\/uploads\/2023\/02\/torta-della-nonna-1536x864.jpg 1536w, https:\/\/hotelmaritan.it\/wp-content\/uploads\/2023\/02\/torta-della-nonna-2048x1152.jpg 2048w\" sizes=\"(max-width: 1024px) 100vw, 1024px\" \/><\/figure>\n\n\n\n<figure class=\"wp-block-image size-large\"><img loading=\"lazy\" decoding=\"async\" width=\"1024\" height=\"576\" data-id=\"963\" src=\"https:\/\/hotelmaritan.it\/wp-content\/uploads\/2023\/02\/tavolo-colazione-1024x576.jpg\" alt=\"\" class=\"wp-image-963\" srcset=\"https:\/\/hotelmaritan.it\/wp-content\/uploads\/2023\/02\/tavolo-colazione-1024x576.jpg 1024w, https:\/\/hotelmaritan.it\/wp-content\/uploads\/2023\/02\/tavolo-colazione-300x169.jpg 300w, https:\/\/hotelmaritan.it\/wp-content\/uploads\/2023\/02\/tavolo-colazione-768x432.jpg 768w, https:\/\/hotelmaritan.it\/wp-content\/uploads\/2023\/02\/tavolo-colazione-1536x864.jpg 1536w, https:\/\/hotelmaritan.it\/wp-content\/uploads\/2023\/02\/tavolo-colazione-2048x1152.jpg 2048w\" sizes=\"(max-width: 1024px) 100vw, 1024px\" \/><\/figure>\n\n\n\n<figure class=\"wp-block-image size-large\"><img loading=\"lazy\" decoding=\"async\" width=\"1024\" height=\"576\" data-id=\"897\" src=\"https:\/\/hotelmaritan.it\/wp-content\/uploads\/2023\/02\/bancone-bar-1024x576.jpg\" alt=\"\" class=\"wp-image-897\" srcset=\"https:\/\/hotelmaritan.it\/wp-content\/uploads\/2023\/02\/bancone-bar-1024x576.jpg 1024w, https:\/\/hotelmaritan.it\/wp-content\/uploads\/2023\/02\/bancone-bar-300x169.jpg 300w, https:\/\/hotelmaritan.it\/wp-content\/uploads\/2023\/02\/bancone-bar-768x432.jpg 768w, https:\/\/hotelmaritan.it\/wp-content\/uploads\/2023\/02\/bancone-bar-1536x864.jpg 1536w, https:\/\/hotelmaritan.it\/wp-content\/uploads\/2023\/02\/bancone-bar-2048x1152.jpg 2048w\" sizes=\"(max-width: 1024px) 100vw, 1024px\" \/><\/figure>\n<\/figure>\n","protected":false},"excerpt":{"rendered":"<p>Unser Fr\u00fchst\u00fcck ist ein wahres kulinarisches Erlebnis, mit hausgemachtem Geb\u00e4ck, frischem Obst, Muffins, Pfannkuchen und einer gro\u00dfen Auswahl an hausgemachten Marmeladen. Alles wird mit hochwertigen Zutaten und viel Liebe zum Detail zubereitet, um ein unvergessliches Geschmackserlebnis zu garantieren. Au\u00dferdem bieten wir ein Fr\u00fchst\u00fcck f\u00fcr Menschen mit Z\u00f6liakie und Unvertr\u00e4glichkeiten an, mit einer gro\u00dfen Auswahl an [&hellip;]<\/p>\n","protected":false},"author":1,"featured_media":0,"parent":0,"menu_order":0,"comment_status":"closed","ping_status":"closed","template":"","meta":{"_acf_changed":false,"footnotes":""},"class_list":["post-1720","page","type-page","status-publish","hentry"],"acf":[],"yoast_head":"<!-- This site is optimized with the Yoast SEO plugin v25.0 - https:\/\/yoast.com\/wordpress\/plugins\/seo\/ -->\n<title>Fr\u00fchst\u00fcck - Hotel Maritan Padova<\/title>\n<meta name=\"robots\" content=\"index, follow, max-snippet:-1, max-image-preview:large, max-video-preview:-1\" \/>\n<link rel=\"canonical\" href=\"https:\/\/hotelmaritan.it\/de\/fruhstuck\/\" \/>\n<meta property=\"og:locale\" content=\"de_DE\" \/>\n<meta property=\"og:type\" content=\"article\" \/>\n<meta property=\"og:title\" content=\"Fr\u00fchst\u00fcck - Hotel Maritan Padova\" \/>\n<meta property=\"og:description\" content=\"Unser Fr\u00fchst\u00fcck ist ein wahres kulinarisches Erlebnis, mit hausgemachtem Geb\u00e4ck, frischem Obst, Muffins, Pfannkuchen und einer gro\u00dfen Auswahl an hausgemachten Marmeladen. Alles wird mit hochwertigen Zutaten und viel Liebe zum Detail zubereitet, um ein unvergessliches Geschmackserlebnis zu garantieren. Au\u00dferdem bieten wir ein Fr\u00fchst\u00fcck f\u00fcr Menschen mit Z\u00f6liakie und Unvertr\u00e4glichkeiten an, mit einer gro\u00dfen Auswahl an [&hellip;]\" \/>\n<meta property=\"og:url\" content=\"https:\/\/hotelmaritan.it\/de\/fruhstuck\/\" \/>\n<meta property=\"og:site_name\" content=\"Hotel Maritan Padova\" \/>\n<meta property=\"article:publisher\" content=\"https:\/\/www.facebook.com\/hotelmaritan\/\" \/>\n<meta property=\"article:modified_time\" content=\"2023-03-03T08:30:19+00:00\" \/>\n<meta property=\"og:image\" content=\"https:\/\/hotelmaritan.it\/wp-content\/uploads\/2023\/02\/servizio-bar-1024x576.jpg\" \/>\n<meta name=\"twitter:card\" content=\"summary_large_image\" \/>\n<meta name=\"twitter:site\" content=\"@HotelMaritan\" \/>\n<meta name=\"twitter:label1\" content=\"Gesch\u00e4tzte Lesezeit\" \/>\n\t<meta name=\"twitter:data1\" content=\"1\u00a0Minute\" \/>\n<script type=\"application\/ld+json\" class=\"yoast-schema-graph\">{\"@context\":\"https:\/\/schema.org\",\"@graph\":[{\"@type\":\"WebPage\",\"@id\":\"https:\/\/hotelmaritan.it\/de\/fruhstuck\/\",\"url\":\"https:\/\/hotelmaritan.it\/de\/fruhstuck\/\",\"name\":\"Fr\u00fchst\u00fcck - Hotel Maritan Padova\",\"isPartOf\":{\"@id\":\"https:\/\/hotelmaritan.it\/de\/#website\"},\"primaryImageOfPage\":{\"@id\":\"https:\/\/hotelmaritan.it\/de\/fruhstuck\/#primaryimage\"},\"image\":{\"@id\":\"https:\/\/hotelmaritan.it\/de\/fruhstuck\/#primaryimage\"},\"thumbnailUrl\":\"https:\/\/hotelmaritan.it\/wp-content\/uploads\/2023\/02\/servizio-bar-1024x576.jpg\",\"datePublished\":\"2023-02-16T10:07:43+00:00\",\"dateModified\":\"2023-03-03T08:30:19+00:00\",\"breadcrumb\":{\"@id\":\"https:\/\/hotelmaritan.it\/de\/fruhstuck\/#breadcrumb\"},\"inLanguage\":\"de\",\"potentialAction\":[{\"@type\":\"ReadAction\",\"target\":[\"https:\/\/hotelmaritan.it\/de\/fruhstuck\/\"]}]},{\"@type\":\"ImageObject\",\"inLanguage\":\"de\",\"@id\":\"https:\/\/hotelmaritan.it\/de\/fruhstuck\/#primaryimage\",\"url\":\"https:\/\/hotelmaritan.it\/wp-content\/uploads\/2023\/02\/servizio-bar-1024x576.jpg\",\"contentUrl\":\"https:\/\/hotelmaritan.it\/wp-content\/uploads\/2023\/02\/servizio-bar-1024x576.jpg\"},{\"@type\":\"BreadcrumbList\",\"@id\":\"https:\/\/hotelmaritan.it\/de\/fruhstuck\/#breadcrumb\",\"itemListElement\":[{\"@type\":\"ListItem\",\"position\":1,\"name\":\"Home\",\"item\":\"https:\/\/hotelmaritan.it\/de\/\"},{\"@type\":\"ListItem\",\"position\":2,\"name\":\"Fr\u00fchst\u00fcck\"}]},{\"@type\":\"WebSite\",\"@id\":\"https:\/\/hotelmaritan.it\/de\/#website\",\"url\":\"https:\/\/hotelmaritan.it\/de\/\",\"name\":\"Hotel Maritan Padova\",\"description\":\"A Padova come essere a casa\",\"publisher\":{\"@id\":\"https:\/\/hotelmaritan.it\/de\/#organization\"},\"potentialAction\":[{\"@type\":\"SearchAction\",\"target\":{\"@type\":\"EntryPoint\",\"urlTemplate\":\"https:\/\/hotelmaritan.it\/de\/?s={search_term_string}\"},\"query-input\":{\"@type\":\"PropertyValueSpecification\",\"valueRequired\":true,\"valueName\":\"search_term_string\"}}],\"inLanguage\":\"de\"},{\"@type\":\"Organization\",\"@id\":\"https:\/\/hotelmaritan.it\/de\/#organization\",\"name\":\"Hotel Maritan Padua\",\"url\":\"https:\/\/hotelmaritan.it\/de\/\",\"logo\":{\"@type\":\"ImageObject\",\"inLanguage\":\"de\",\"@id\":\"https:\/\/hotelmaritan.it\/de\/#\/schema\/logo\/image\/\",\"url\":\"https:\/\/hotelmaritan.it\/wp-content\/uploads\/2022\/12\/logo-maritan.svg\",\"contentUrl\":\"https:\/\/hotelmaritan.it\/wp-content\/uploads\/2022\/12\/logo-maritan.svg\",\"width\":112,\"height\":67,\"caption\":\"Hotel Maritan Padua\"},\"image\":{\"@id\":\"https:\/\/hotelmaritan.it\/de\/#\/schema\/logo\/image\/\"},\"sameAs\":[\"https:\/\/www.facebook.com\/hotelmaritan\/\",\"https:\/\/x.com\/HotelMaritan\",\"https:\/\/www.instagram.com\/hotelmaritan\/?hl=it\",\"https:\/\/www.linkedin.com\/in\/hotel-maritan-padova-56ab2a63\/\"]}]}<\/script>\n<!-- \/ Yoast SEO plugin. -->","yoast_head_json":{"title":"Fr\u00fchst\u00fcck - Hotel Maritan Padova","robots":{"index":"index","follow":"follow","max-snippet":"max-snippet:-1","max-image-preview":"max-image-preview:large","max-video-preview":"max-video-preview:-1"},"canonical":"https:\/\/hotelmaritan.it\/de\/fruhstuck\/","og_locale":"de_DE","og_type":"article","og_title":"Fr\u00fchst\u00fcck - Hotel Maritan Padova","og_description":"Unser Fr\u00fchst\u00fcck ist ein wahres kulinarisches Erlebnis, mit hausgemachtem Geb\u00e4ck, frischem Obst, Muffins, Pfannkuchen und einer gro\u00dfen Auswahl an hausgemachten Marmeladen. Alles wird mit hochwertigen Zutaten und viel Liebe zum Detail zubereitet, um ein unvergessliches Geschmackserlebnis zu garantieren. Au\u00dferdem bieten wir ein Fr\u00fchst\u00fcck f\u00fcr Menschen mit Z\u00f6liakie und Unvertr\u00e4glichkeiten an, mit einer gro\u00dfen Auswahl an [&hellip;]","og_url":"https:\/\/hotelmaritan.it\/de\/fruhstuck\/","og_site_name":"Hotel Maritan Padova","article_publisher":"https:\/\/www.facebook.com\/hotelmaritan\/","article_modified_time":"2023-03-03T08:30:19+00:00","og_image":[{"url":"https:\/\/hotelmaritan.it\/wp-content\/uploads\/2023\/02\/servizio-bar-1024x576.jpg","type":"","width":"","height":""}],"twitter_card":"summary_large_image","twitter_site":"@HotelMaritan","twitter_misc":{"Gesch\u00e4tzte Lesezeit":"1\u00a0Minute"},"schema":{"@context":"https:\/\/schema.org","@graph":[{"@type":"WebPage","@id":"https:\/\/hotelmaritan.it\/de\/fruhstuck\/","url":"https:\/\/hotelmaritan.it\/de\/fruhstuck\/","name":"Fr\u00fchst\u00fcck - Hotel Maritan Padova","isPartOf":{"@id":"https:\/\/hotelmaritan.it\/de\/#website"},"primaryImageOfPage":{"@id":"https:\/\/hotelmaritan.it\/de\/fruhstuck\/#primaryimage"},"image":{"@id":"https:\/\/hotelmaritan.it\/de\/fruhstuck\/#primaryimage"},"thumbnailUrl":"https:\/\/hotelmaritan.it\/wp-content\/uploads\/2023\/02\/servizio-bar-1024x576.jpg","datePublished":"2023-02-16T10:07:43+00:00","dateModified":"2023-03-03T08:30:19+00:00","breadcrumb":{"@id":"https:\/\/hotelmaritan.it\/de\/fruhstuck\/#breadcrumb"},"inLanguage":"de","potentialAction":[{"@type":"ReadAction","target":["https:\/\/hotelmaritan.it\/de\/fruhstuck\/"]}]},{"@type":"ImageObject","inLanguage":"de","@id":"https:\/\/hotelmaritan.it\/de\/fruhstuck\/#primaryimage","url":"https:\/\/hotelmaritan.it\/wp-content\/uploads\/2023\/02\/servizio-bar-1024x576.jpg","contentUrl":"https:\/\/hotelmaritan.it\/wp-content\/uploads\/2023\/02\/servizio-bar-1024x576.jpg"},{"@type":"BreadcrumbList","@id":"https:\/\/hotelmaritan.it\/de\/fruhstuck\/#breadcrumb","itemListElement":[{"@type":"ListItem","position":1,"name":"Home","item":"https:\/\/hotelmaritan.it\/de\/"},{"@type":"ListItem","position":2,"name":"Fr\u00fchst\u00fcck"}]},{"@type":"WebSite","@id":"https:\/\/hotelmaritan.it\/de\/#website","url":"https:\/\/hotelmaritan.it\/de\/","name":"Hotel Maritan Padova","description":"A Padova come essere a casa","publisher":{"@id":"https:\/\/hotelmaritan.it\/de\/#organization"},"potentialAction":[{"@type":"SearchAction","target":{"@type":"EntryPoint","urlTemplate":"https:\/\/hotelmaritan.it\/de\/?s={search_term_string}"},"query-input":{"@type":"PropertyValueSpecification","valueRequired":true,"valueName":"search_term_string"}}],"inLanguage":"de"},{"@type":"Organization","@id":"https:\/\/hotelmaritan.it\/de\/#organization","name":"Hotel Maritan Padua","url":"https:\/\/hotelmaritan.it\/de\/","logo":{"@type":"ImageObject","inLanguage":"de","@id":"https:\/\/hotelmaritan.it\/de\/#\/schema\/logo\/image\/","url":"https:\/\/hotelmaritan.it\/wp-content\/uploads\/2022\/12\/logo-maritan.svg","contentUrl":"https:\/\/hotelmaritan.it\/wp-content\/uploads\/2022\/12\/logo-maritan.svg","width":112,"height":67,"caption":"Hotel Maritan Padua"},"image":{"@id":"https:\/\/hotelmaritan.it\/de\/#\/schema\/logo\/image\/"},"sameAs":["https:\/\/www.facebook.com\/hotelmaritan\/","https:\/\/x.com\/HotelMaritan","https:\/\/www.instagram.com\/hotelmaritan\/?hl=it","https:\/\/www.linkedin.com\/in\/hotel-maritan-padova-56ab2a63\/"]}]}},"_links":{"self":[{"href":"https:\/\/hotelmaritan.it\/de\/wp-json\/wp\/v2\/pages\/1720"}],"collection":[{"href":"https:\/\/hotelmaritan.it\/de\/wp-json\/wp\/v2\/pages"}],"about":[{"href":"https:\/\/hotelmaritan.it\/de\/wp-json\/wp\/v2\/types\/page"}],"author":[{"embeddable":true,"href":"https:\/\/hotelmaritan.it\/de\/wp-json\/wp\/v2\/users\/1"}],"replies":[{"embeddable":true,"href":"https:\/\/hotelmaritan.it\/de\/wp-json\/wp\/v2\/comments?post=1720"}],"version-history":[{"count":1,"href":"https:\/\/hotelmaritan.it\/de\/wp-json\/wp\/v2\/pages\/1720\/revisions"}],"predecessor-version":[{"id":1724,"href":"https:\/\/hotelmaritan.it\/de\/wp-json\/wp\/v2\/pages\/1720\/revisions\/1724"}],"wp:attachment":[{"href":"https:\/\/hotelmaritan.it\/de\/wp-json\/wp\/v2\/media?parent=1720"}],"curies":[{"name":"wp","href":"https:\/\/api.w.org\/{rel}","templated":true}]}}