{"id":1694,"date":"2022-10-18T13:06:59","date_gmt":"2022-10-18T13:06:59","guid":{"rendered":"https:\/\/hotelmaritan.it\/come-raggiungerci\/"},"modified":"2025-08-06T11:08:02","modified_gmt":"2025-08-06T11:08:02","slug":"wo-wir-sind","status":"publish","type":"page","link":"https:\/\/hotelmaritan.it\/de\/wo-wir-sind\/","title":{"rendered":"Wo wir sind"},"content":{"rendered":"\n<p>a<\/p>\n","protected":false},"excerpt":{"rendered":"<p>a<\/p>\n","protected":false},"author":1,"featured_media":1082,"parent":0,"menu_order":0,"comment_status":"closed","ping_status":"closed","template":"templates\/dove-siamo.php","meta":{"_acf_changed":false,"footnotes":""},"class_list":["post-1694","page","type-page","status-publish","has-post-thumbnail","hentry"],"acf":[],"yoast_head":"<!-- This site is optimized with the Yoast SEO plugin v27.3 - https:\/\/yoast.com\/product\/yoast-seo-wordpress\/ -->\n<title>Lage - Hotel Maritan im Zentrum in der N\u00e4he des Krankenhauses<\/title>\n<meta name=\"description\" content=\"Das Hotel Maritan Padova genie\u00dft eine beneidenswerte Lage in der N\u00e4he des historischen Zentrums von Padua und in Gehweite des Krankenhauses.\" \/>\n<meta name=\"robots\" content=\"index, follow, max-snippet:-1, max-image-preview:large, max-video-preview:-1\" \/>\n<link rel=\"canonical\" href=\"https:\/\/hotelmaritan.it\/de\/wo-wir-sind\/\" \/>\n<meta property=\"og:locale\" content=\"de_DE\" \/>\n<meta property=\"og:type\" content=\"article\" \/>\n<meta property=\"og:title\" content=\"Lage - Hotel Maritan im Zentrum in der N\u00e4he des Krankenhauses\" \/>\n<meta property=\"og:description\" content=\"Das Hotel Maritan Padova genie\u00dft eine beneidenswerte Lage in der N\u00e4he des historischen Zentrums von Padua und in Gehweite des Krankenhauses.\" \/>\n<meta property=\"og:url\" content=\"https:\/\/hotelmaritan.it\/de\/wo-wir-sind\/\" \/>\n<meta property=\"og:site_name\" content=\"Hotel Maritan Padova\" \/>\n<meta property=\"article:publisher\" content=\"https:\/\/www.facebook.com\/hotelmaritan\/\" \/>\n<meta property=\"article:modified_time\" content=\"2025-08-06T11:08:02+00:00\" \/>\n<meta property=\"og:image\" content=\"https:\/\/hotelmaritan.it\/wp-content\/uploads\/2023\/02\/personale-hotel-2.jpg\" \/>\n\t<meta property=\"og:image:width\" content=\"2560\" \/>\n\t<meta property=\"og:image:height\" content=\"1440\" \/>\n\t<meta property=\"og:image:type\" content=\"image\/jpeg\" \/>\n<meta name=\"twitter:card\" content=\"summary_large_image\" \/>\n<meta name=\"twitter:site\" content=\"@HotelMaritan\" \/>\n<meta name=\"twitter:label1\" content=\"Gesch\u00e4tzte Lesezeit\" \/>\n\t<meta name=\"twitter:data1\" content=\"1\u00a0Minute\" \/>\n<script type=\"application\/ld+json\" class=\"yoast-schema-graph\">{\"@context\":\"https:\\\/\\\/schema.org\",\"@graph\":[{\"@type\":\"WebPage\",\"@id\":\"https:\\\/\\\/hotelmaritan.it\\\/de\\\/wo-wir-sind\\\/\",\"url\":\"https:\\\/\\\/hotelmaritan.it\\\/de\\\/wo-wir-sind\\\/\",\"name\":\"Lage - Hotel Maritan im Zentrum in der N\u00e4he des Krankenhauses\",\"isPartOf\":{\"@id\":\"https:\\\/\\\/hotelmaritan.it\\\/de\\\/#website\"},\"primaryImageOfPage\":{\"@id\":\"https:\\\/\\\/hotelmaritan.it\\\/de\\\/wo-wir-sind\\\/#primaryimage\"},\"image\":{\"@id\":\"https:\\\/\\\/hotelmaritan.it\\\/de\\\/wo-wir-sind\\\/#primaryimage\"},\"thumbnailUrl\":\"https:\\\/\\\/hotelmaritan.it\\\/wp-content\\\/uploads\\\/2023\\\/02\\\/personale-hotel-2.jpg\",\"datePublished\":\"2022-10-18T13:06:59+00:00\",\"dateModified\":\"2025-08-06T11:08:02+00:00\",\"description\":\"Das Hotel Maritan Padova genie\u00dft eine beneidenswerte Lage in der N\u00e4he des historischen Zentrums von Padua und in Gehweite des Krankenhauses.\",\"breadcrumb\":{\"@id\":\"https:\\\/\\\/hotelmaritan.it\\\/de\\\/wo-wir-sind\\\/#breadcrumb\"},\"inLanguage\":\"de\",\"potentialAction\":[{\"@type\":\"ReadAction\",\"target\":[\"https:\\\/\\\/hotelmaritan.it\\\/de\\\/wo-wir-sind\\\/\"]}]},{\"@type\":\"ImageObject\",\"inLanguage\":\"de\",\"@id\":\"https:\\\/\\\/hotelmaritan.it\\\/de\\\/wo-wir-sind\\\/#primaryimage\",\"url\":\"https:\\\/\\\/hotelmaritan.it\\\/wp-content\\\/uploads\\\/2023\\\/02\\\/personale-hotel-2.jpg\",\"contentUrl\":\"https:\\\/\\\/hotelmaritan.it\\\/wp-content\\\/uploads\\\/2023\\\/02\\\/personale-hotel-2.jpg\",\"width\":2560,\"height\":1440},{\"@type\":\"BreadcrumbList\",\"@id\":\"https:\\\/\\\/hotelmaritan.it\\\/de\\\/wo-wir-sind\\\/#breadcrumb\",\"itemListElement\":[{\"@type\":\"ListItem\",\"position\":1,\"name\":\"Home\",\"item\":\"https:\\\/\\\/hotelmaritan.it\\\/de\\\/\"},{\"@type\":\"ListItem\",\"position\":2,\"name\":\"Wo wir sind\"}]},{\"@type\":\"WebSite\",\"@id\":\"https:\\\/\\\/hotelmaritan.it\\\/de\\\/#website\",\"url\":\"https:\\\/\\\/hotelmaritan.it\\\/de\\\/\",\"name\":\"Hotel Maritan Padova\",\"description\":\"A Padova come essere a casa\",\"publisher\":{\"@id\":\"https:\\\/\\\/hotelmaritan.it\\\/de\\\/#organization\"},\"potentialAction\":[{\"@type\":\"SearchAction\",\"target\":{\"@type\":\"EntryPoint\",\"urlTemplate\":\"https:\\\/\\\/hotelmaritan.it\\\/de\\\/?s={search_term_string}\"},\"query-input\":{\"@type\":\"PropertyValueSpecification\",\"valueRequired\":true,\"valueName\":\"search_term_string\"}}],\"inLanguage\":\"de\"},{\"@type\":\"Organization\",\"@id\":\"https:\\\/\\\/hotelmaritan.it\\\/de\\\/#organization\",\"name\":\"Hotel Maritan Padua\",\"url\":\"https:\\\/\\\/hotelmaritan.it\\\/de\\\/\",\"logo\":{\"@type\":\"ImageObject\",\"inLanguage\":\"de\",\"@id\":\"https:\\\/\\\/hotelmaritan.it\\\/de\\\/#\\\/schema\\\/logo\\\/image\\\/\",\"url\":\"https:\\\/\\\/hotelmaritan.it\\\/wp-content\\\/uploads\\\/2022\\\/12\\\/logo-maritan.svg\",\"contentUrl\":\"https:\\\/\\\/hotelmaritan.it\\\/wp-content\\\/uploads\\\/2022\\\/12\\\/logo-maritan.svg\",\"width\":112,\"height\":67,\"caption\":\"Hotel Maritan Padua\"},\"image\":{\"@id\":\"https:\\\/\\\/hotelmaritan.it\\\/de\\\/#\\\/schema\\\/logo\\\/image\\\/\"},\"sameAs\":[\"https:\\\/\\\/www.facebook.com\\\/hotelmaritan\\\/\",\"https:\\\/\\\/x.com\\\/HotelMaritan\",\"https:\\\/\\\/www.instagram.com\\\/hotelmaritan\\\/?hl=it\",\"https:\\\/\\\/www.linkedin.com\\\/in\\\/hotel-maritan-padova-56ab2a63\\\/\"]}]}<\/script>\n<!-- \/ Yoast SEO plugin. -->","yoast_head_json":{"title":"Lage - Hotel Maritan im Zentrum in der N\u00e4he des Krankenhauses","description":"Das Hotel Maritan Padova genie\u00dft eine beneidenswerte Lage in der N\u00e4he des historischen Zentrums von Padua und in Gehweite des Krankenhauses.","robots":{"index":"index","follow":"follow","max-snippet":"max-snippet:-1","max-image-preview":"max-image-preview:large","max-video-preview":"max-video-preview:-1"},"canonical":"https:\/\/hotelmaritan.it\/de\/wo-wir-sind\/","og_locale":"de_DE","og_type":"article","og_title":"Lage - Hotel Maritan im Zentrum in der N\u00e4he des Krankenhauses","og_description":"Das Hotel Maritan Padova genie\u00dft eine beneidenswerte Lage in der N\u00e4he des historischen Zentrums von Padua und in Gehweite des Krankenhauses.","og_url":"https:\/\/hotelmaritan.it\/de\/wo-wir-sind\/","og_site_name":"Hotel Maritan Padova","article_publisher":"https:\/\/www.facebook.com\/hotelmaritan\/","article_modified_time":"2025-08-06T11:08:02+00:00","og_image":[{"width":2560,"height":1440,"url":"https:\/\/hotelmaritan.it\/wp-content\/uploads\/2023\/02\/personale-hotel-2.jpg","type":"image\/jpeg"}],"twitter_card":"summary_large_image","twitter_site":"@HotelMaritan","twitter_misc":{"Gesch\u00e4tzte Lesezeit":"1\u00a0Minute"},"schema":{"@context":"https:\/\/schema.org","@graph":[{"@type":"WebPage","@id":"https:\/\/hotelmaritan.it\/de\/wo-wir-sind\/","url":"https:\/\/hotelmaritan.it\/de\/wo-wir-sind\/","name":"Lage - Hotel Maritan im Zentrum in der N\u00e4he des Krankenhauses","isPartOf":{"@id":"https:\/\/hotelmaritan.it\/de\/#website"},"primaryImageOfPage":{"@id":"https:\/\/hotelmaritan.it\/de\/wo-wir-sind\/#primaryimage"},"image":{"@id":"https:\/\/hotelmaritan.it\/de\/wo-wir-sind\/#primaryimage"},"thumbnailUrl":"https:\/\/hotelmaritan.it\/wp-content\/uploads\/2023\/02\/personale-hotel-2.jpg","datePublished":"2022-10-18T13:06:59+00:00","dateModified":"2025-08-06T11:08:02+00:00","description":"Das Hotel Maritan Padova genie\u00dft eine beneidenswerte Lage in der N\u00e4he des historischen Zentrums von Padua und in Gehweite des Krankenhauses.","breadcrumb":{"@id":"https:\/\/hotelmaritan.it\/de\/wo-wir-sind\/#breadcrumb"},"inLanguage":"de","potentialAction":[{"@type":"ReadAction","target":["https:\/\/hotelmaritan.it\/de\/wo-wir-sind\/"]}]},{"@type":"ImageObject","inLanguage":"de","@id":"https:\/\/hotelmaritan.it\/de\/wo-wir-sind\/#primaryimage","url":"https:\/\/hotelmaritan.it\/wp-content\/uploads\/2023\/02\/personale-hotel-2.jpg","contentUrl":"https:\/\/hotelmaritan.it\/wp-content\/uploads\/2023\/02\/personale-hotel-2.jpg","width":2560,"height":1440},{"@type":"BreadcrumbList","@id":"https:\/\/hotelmaritan.it\/de\/wo-wir-sind\/#breadcrumb","itemListElement":[{"@type":"ListItem","position":1,"name":"Home","item":"https:\/\/hotelmaritan.it\/de\/"},{"@type":"ListItem","position":2,"name":"Wo wir sind"}]},{"@type":"WebSite","@id":"https:\/\/hotelmaritan.it\/de\/#website","url":"https:\/\/hotelmaritan.it\/de\/","name":"Hotel Maritan Padova","description":"A Padova come essere a casa","publisher":{"@id":"https:\/\/hotelmaritan.it\/de\/#organization"},"potentialAction":[{"@type":"SearchAction","target":{"@type":"EntryPoint","urlTemplate":"https:\/\/hotelmaritan.it\/de\/?s={search_term_string}"},"query-input":{"@type":"PropertyValueSpecification","valueRequired":true,"valueName":"search_term_string"}}],"inLanguage":"de"},{"@type":"Organization","@id":"https:\/\/hotelmaritan.it\/de\/#organization","name":"Hotel Maritan Padua","url":"https:\/\/hotelmaritan.it\/de\/","logo":{"@type":"ImageObject","inLanguage":"de","@id":"https:\/\/hotelmaritan.it\/de\/#\/schema\/logo\/image\/","url":"https:\/\/hotelmaritan.it\/wp-content\/uploads\/2022\/12\/logo-maritan.svg","contentUrl":"https:\/\/hotelmaritan.it\/wp-content\/uploads\/2022\/12\/logo-maritan.svg","width":112,"height":67,"caption":"Hotel Maritan Padua"},"image":{"@id":"https:\/\/hotelmaritan.it\/de\/#\/schema\/logo\/image\/"},"sameAs":["https:\/\/www.facebook.com\/hotelmaritan\/","https:\/\/x.com\/HotelMaritan","https:\/\/www.instagram.com\/hotelmaritan\/?hl=it","https:\/\/www.linkedin.com\/in\/hotel-maritan-padova-56ab2a63\/"]}]}},"_links":{"self":[{"href":"https:\/\/hotelmaritan.it\/de\/wp-json\/wp\/v2\/pages\/1694","targetHints":{"allow":["GET"]}}],"collection":[{"href":"https:\/\/hotelmaritan.it\/de\/wp-json\/wp\/v2\/pages"}],"about":[{"href":"https:\/\/hotelmaritan.it\/de\/wp-json\/wp\/v2\/types\/page"}],"author":[{"embeddable":true,"href":"https:\/\/hotelmaritan.it\/de\/wp-json\/wp\/v2\/users\/1"}],"replies":[{"embeddable":true,"href":"https:\/\/hotelmaritan.it\/de\/wp-json\/wp\/v2\/comments?post=1694"}],"version-history":[{"count":3,"href":"https:\/\/hotelmaritan.it\/de\/wp-json\/wp\/v2\/pages\/1694\/revisions"}],"predecessor-version":[{"id":3487,"href":"https:\/\/hotelmaritan.it\/de\/wp-json\/wp\/v2\/pages\/1694\/revisions\/3487"}],"wp:featuredmedia":[{"embeddable":true,"href":"https:\/\/hotelmaritan.it\/de\/wp-json\/wp\/v2\/media\/1082"}],"wp:attachment":[{"href":"https:\/\/hotelmaritan.it\/de\/wp-json\/wp\/v2\/media?parent=1694"}],"curies":[{"name":"wp","href":"https:\/\/api.w.org\/{rel}","templated":true}]}}