{"id":1671,"date":"2023-01-18T14:48:10","date_gmt":"2023-01-18T14:48:10","guid":{"rendered":"https:\/\/hotelmaritan.it\/area-olistica-e-palestra\/"},"modified":"2023-03-15T11:16:08","modified_gmt":"2023-03-15T11:16:08","slug":"ganzheitlicher-bereich-und-turnhall","status":"publish","type":"page","link":"https:\/\/hotelmaritan.it\/de\/ganzheitlicher-bereich-und-turnhall\/","title":{"rendered":"Ganzheitlicher Bereich und Turnhall"},"content":{"rendered":"\n<p>Das Hotel Maritan ist jetzt ein idealer Treffpunkt f\u00fcr Arbeit und Wellness, mit der Er\u00f6ffnung eines modernen und komfortablen ganzheitlichen Bereichs.<br>Der ganzheitliche Bereich ist t\u00e4glich von 11.00 bis 22.30 Uhr ge\u00f6ffnet und besteht aus einem echten Durchgang durch verschiedene R\u00e4ume, in denen Farben, Ger\u00fcche und Kl\u00e4nge speziell f\u00fcr das Wohlbefinden entwickelt wurden:<\/p>\n\n\n\n<p><strong>Chromotherapie-Dusche<\/strong><br>Ein Wasserstrahl mit einstellbarer Temperatur verbindet die f\u00fcnf Sinne mit sieben Farben, Aromen und Kl\u00e4ngen. Die Chromotherapie hilft, das Gleichgewicht zwischen K\u00f6rper und Geist wiederherzustellen.<\/p>\n\n\n\n<p><strong>T\u00fcrkisches Bad<\/strong><br>Eine Umgebung mit sehr hoher relativer Luftfeuchtigkeit und Temperaturen zwischen 40 und 60\u00b0 C, umgeben von einer Beleuchtung, die der Chromotherapie folgt, bietet ein vollkommenes psychophysisches Wohlbefinden.<\/p>\n\n\n\n<p><strong>Kaltnebeldusche<\/strong><br>Ein Regen aus fein zerst\u00e4ubtem Wasser, eine Behandlung mit belebender und straffender Wirkung.<\/p>\n\n\n\n<p><strong>Kaskaden-Dusche<\/strong><br>Eine Kaskadendusche, bei der die Intensit\u00e4t und W\u00e4rme des Wassers eingestellt werden kann, was zu einer wohltuenden Massage f\u00fchrt.<\/p>\n\n\n\n<p><strong>Tropische Dusche<\/strong><br>Abwechselnde Sequenzen von Wasserstrahlen, die das Gef\u00fchl vermitteln, sich in einem tropischen Wald zu befinden.<\/p>\n\n\n\n<p><strong>Hydromassage<\/strong><br>Eine spezielle Wanne, die den K\u00f6rper mit Wasserstrahlen massiert, um K\u00f6rper und Geist ein Gef\u00fchl der v\u00f6lligen Entspannung zu geben.<\/p>\n\n\n\n<p><strong>Fitness-Ecke<\/strong><br>Ein ausgestatteter Bereich f\u00fcr alle, die in Form bleiben wollen.<\/p>\n\n\n\n<p>Personen unter 16 Jahren ist der Zutritt untersagt.<\/p>\n\n\n\n<p>F\u00fcr den Zugang zum ganzheitlichen Bereich sind Bademantel, Hausschuhe und Badekappe obligatorisch. F\u00fcr G\u00e4ste, die keine Badem\u00e4ntel und Badehauben haben, k\u00f6nnen diese gegen eine einmalige Geb\u00fchr von 5,00 Euro ausgeliehen werden.<\/p>\n\n\n\n<p>Unser Personal steht Ihnen jederzeit zur Verf\u00fcgung.<\/p>\n\n\n\n<figure class=\"wp-block-gallery has-nested-images columns-default is-cropped wp-block-gallery-1 is-layout-flex wp-block-gallery-is-layout-flex\">\n<figure class=\"wp-block-image size-large\"><img loading=\"lazy\" decoding=\"async\" width=\"1024\" height=\"576\" data-id=\"467\" src=\"https:\/\/hotelmaritan.it\/wp-content\/uploads\/2023\/02\/area-relax-2-1024x576.jpg\" alt=\"\" class=\"wp-image-467\" srcset=\"https:\/\/hotelmaritan.it\/wp-content\/uploads\/2023\/02\/area-relax-2-1024x576.jpg 1024w, https:\/\/hotelmaritan.it\/wp-content\/uploads\/2023\/02\/area-relax-2-300x169.jpg 300w, https:\/\/hotelmaritan.it\/wp-content\/uploads\/2023\/02\/area-relax-2-768x432.jpg 768w, https:\/\/hotelmaritan.it\/wp-content\/uploads\/2023\/02\/area-relax-2-1536x864.jpg 1536w, https:\/\/hotelmaritan.it\/wp-content\/uploads\/2023\/02\/area-relax-2-2048x1152.jpg 2048w\" sizes=\"auto, (max-width: 1024px) 100vw, 1024px\" \/><\/figure>\n\n\n\n<figure class=\"wp-block-image size-large\"><img loading=\"lazy\" decoding=\"async\" width=\"1024\" height=\"576\" data-id=\"473\" src=\"https:\/\/hotelmaritan.it\/wp-content\/uploads\/2023\/02\/area-relax-1024x576.jpg\" alt=\"\" class=\"wp-image-473\" srcset=\"https:\/\/hotelmaritan.it\/wp-content\/uploads\/2023\/02\/area-relax-1024x576.jpg 1024w, https:\/\/hotelmaritan.it\/wp-content\/uploads\/2023\/02\/area-relax-300x169.jpg 300w, https:\/\/hotelmaritan.it\/wp-content\/uploads\/2023\/02\/area-relax-768x432.jpg 768w, https:\/\/hotelmaritan.it\/wp-content\/uploads\/2023\/02\/area-relax-1536x864.jpg 1536w, https:\/\/hotelmaritan.it\/wp-content\/uploads\/2023\/02\/area-relax-2048x1152.jpg 2048w\" sizes=\"auto, (max-width: 1024px) 100vw, 1024px\" \/><\/figure>\n\n\n\n<figure class=\"wp-block-image size-large\"><img loading=\"lazy\" decoding=\"async\" width=\"1024\" height=\"576\" data-id=\"471\" src=\"https:\/\/hotelmaritan.it\/wp-content\/uploads\/2023\/02\/ingresso-spa-1024x576.jpg\" alt=\"\" class=\"wp-image-471\" srcset=\"https:\/\/hotelmaritan.it\/wp-content\/uploads\/2023\/02\/ingresso-spa-1024x576.jpg 1024w, https:\/\/hotelmaritan.it\/wp-content\/uploads\/2023\/02\/ingresso-spa-300x169.jpg 300w, https:\/\/hotelmaritan.it\/wp-content\/uploads\/2023\/02\/ingresso-spa-768x432.jpg 768w, https:\/\/hotelmaritan.it\/wp-content\/uploads\/2023\/02\/ingresso-spa-1536x864.jpg 1536w, https:\/\/hotelmaritan.it\/wp-content\/uploads\/2023\/02\/ingresso-spa-2048x1152.jpg 2048w\" sizes=\"auto, (max-width: 1024px) 100vw, 1024px\" \/><\/figure>\n\n\n\n<figure class=\"wp-block-image size-large\"><img loading=\"lazy\" decoding=\"async\" width=\"1024\" height=\"576\" data-id=\"459\" src=\"https:\/\/hotelmaritan.it\/wp-content\/uploads\/2023\/02\/palestra-1024x576.jpg\" alt=\"\" class=\"wp-image-459\" srcset=\"https:\/\/hotelmaritan.it\/wp-content\/uploads\/2023\/02\/palestra-1024x576.jpg 1024w, https:\/\/hotelmaritan.it\/wp-content\/uploads\/2023\/02\/palestra-300x169.jpg 300w, https:\/\/hotelmaritan.it\/wp-content\/uploads\/2023\/02\/palestra-768x432.jpg 768w, https:\/\/hotelmaritan.it\/wp-content\/uploads\/2023\/02\/palestra-1536x864.jpg 1536w, https:\/\/hotelmaritan.it\/wp-content\/uploads\/2023\/02\/palestra-2048x1152.jpg 2048w\" sizes=\"auto, (max-width: 1024px) 100vw, 1024px\" \/><\/figure>\n\n\n\n<figure class=\"wp-block-image size-large\"><img loading=\"lazy\" decoding=\"async\" width=\"1024\" height=\"576\" data-id=\"484\" src=\"https:\/\/hotelmaritan.it\/wp-content\/uploads\/2023\/02\/piscina-spa-1-1024x576.jpg\" alt=\"\" class=\"wp-image-484\" srcset=\"https:\/\/hotelmaritan.it\/wp-content\/uploads\/2023\/02\/piscina-spa-1-1024x576.jpg 1024w, https:\/\/hotelmaritan.it\/wp-content\/uploads\/2023\/02\/piscina-spa-1-300x169.jpg 300w, https:\/\/hotelmaritan.it\/wp-content\/uploads\/2023\/02\/piscina-spa-1-768x432.jpg 768w, https:\/\/hotelmaritan.it\/wp-content\/uploads\/2023\/02\/piscina-spa-1-1536x864.jpg 1536w, https:\/\/hotelmaritan.it\/wp-content\/uploads\/2023\/02\/piscina-spa-1-2048x1152.jpg 2048w\" sizes=\"auto, (max-width: 1024px) 100vw, 1024px\" \/><\/figure>\n\n\n\n<figure class=\"wp-block-image size-large\"><img loading=\"lazy\" decoding=\"async\" width=\"1024\" height=\"576\" data-id=\"483\" src=\"https:\/\/hotelmaritan.it\/wp-content\/uploads\/2023\/02\/piscina-1024x576.jpg\" alt=\"\" class=\"wp-image-483\" srcset=\"https:\/\/hotelmaritan.it\/wp-content\/uploads\/2023\/02\/piscina-1024x576.jpg 1024w, https:\/\/hotelmaritan.it\/wp-content\/uploads\/2023\/02\/piscina-300x169.jpg 300w, https:\/\/hotelmaritan.it\/wp-content\/uploads\/2023\/02\/piscina-768x432.jpg 768w, https:\/\/hotelmaritan.it\/wp-content\/uploads\/2023\/02\/piscina-1536x864.jpg 1536w, https:\/\/hotelmaritan.it\/wp-content\/uploads\/2023\/02\/piscina-2048x1152.jpg 2048w\" sizes=\"auto, (max-width: 1024px) 100vw, 1024px\" \/><\/figure>\n\n\n\n<figure class=\"wp-block-image size-large\"><img loading=\"lazy\" decoding=\"async\" width=\"1024\" height=\"576\" data-id=\"476\" src=\"https:\/\/hotelmaritan.it\/wp-content\/uploads\/2023\/02\/relax-1024x576.jpg\" alt=\"\" class=\"wp-image-476\" srcset=\"https:\/\/hotelmaritan.it\/wp-content\/uploads\/2023\/02\/relax-1024x576.jpg 1024w, https:\/\/hotelmaritan.it\/wp-content\/uploads\/2023\/02\/relax-300x169.jpg 300w, https:\/\/hotelmaritan.it\/wp-content\/uploads\/2023\/02\/relax-768x432.jpg 768w, https:\/\/hotelmaritan.it\/wp-content\/uploads\/2023\/02\/relax-1536x864.jpg 1536w, https:\/\/hotelmaritan.it\/wp-content\/uploads\/2023\/02\/relax-2048x1152.jpg 2048w\" sizes=\"auto, (max-width: 1024px) 100vw, 1024px\" \/><\/figure>\n\n\n\n<figure class=\"wp-block-image size-large\"><img loading=\"lazy\" decoding=\"async\" width=\"1024\" height=\"576\" data-id=\"463\" src=\"https:\/\/hotelmaritan.it\/wp-content\/uploads\/2023\/02\/sauna-1024x576.jpg\" alt=\"\" class=\"wp-image-463\" srcset=\"https:\/\/hotelmaritan.it\/wp-content\/uploads\/2023\/02\/sauna-1024x576.jpg 1024w, https:\/\/hotelmaritan.it\/wp-content\/uploads\/2023\/02\/sauna-300x169.jpg 300w, https:\/\/hotelmaritan.it\/wp-content\/uploads\/2023\/02\/sauna-768x432.jpg 768w, https:\/\/hotelmaritan.it\/wp-content\/uploads\/2023\/02\/sauna-1536x864.jpg 1536w, https:\/\/hotelmaritan.it\/wp-content\/uploads\/2023\/02\/sauna-2048x1152.jpg 2048w\" sizes=\"auto, (max-width: 1024px) 100vw, 1024px\" \/><\/figure>\n\n\n\n<figure class=\"wp-block-image size-large\"><img loading=\"lazy\" decoding=\"async\" width=\"1024\" height=\"576\" data-id=\"491\" src=\"https:\/\/hotelmaritan.it\/wp-content\/uploads\/2023\/02\/spa-1024x576.jpg\" alt=\"\" class=\"wp-image-491\" srcset=\"https:\/\/hotelmaritan.it\/wp-content\/uploads\/2023\/02\/spa-1024x576.jpg 1024w, https:\/\/hotelmaritan.it\/wp-content\/uploads\/2023\/02\/spa-300x169.jpg 300w, https:\/\/hotelmaritan.it\/wp-content\/uploads\/2023\/02\/spa-768x432.jpg 768w, https:\/\/hotelmaritan.it\/wp-content\/uploads\/2023\/02\/spa-1536x864.jpg 1536w, https:\/\/hotelmaritan.it\/wp-content\/uploads\/2023\/02\/spa-2048x1152.jpg 2048w\" sizes=\"auto, (max-width: 1024px) 100vw, 1024px\" \/><\/figure>\n<\/figure>\n","protected":false},"excerpt":{"rendered":"<p>Das Hotel Maritan ist jetzt ein idealer Treffpunkt f\u00fcr Arbeit und Wellness, mit der Er\u00f6ffnung eines modernen und komfortablen ganzheitlichen Bereichs.Der ganzheitliche Bereich ist t\u00e4glich von 11.00 bis 22.30 Uhr ge\u00f6ffnet und besteht aus einem echten Durchgang durch verschiedene R\u00e4ume, in denen Farben, Ger\u00fcche und Kl\u00e4nge speziell f\u00fcr das Wohlbefinden entwickelt wurden: Chromotherapie-DuscheEin Wasserstrahl mit [&hellip;]<\/p>\n","protected":false},"author":1,"featured_media":456,"parent":0,"menu_order":0,"comment_status":"closed","ping_status":"closed","template":"","meta":{"_acf_changed":false,"footnotes":""},"class_list":["post-1671","page","type-page","status-publish","has-post-thumbnail","hentry"],"acf":[],"yoast_head":"<!-- This site is optimized with the Yoast SEO plugin v27.3 - https:\/\/yoast.com\/product\/yoast-seo-wordpress\/ -->\n<title>Kein Stress, verbringen Sie Zeit in unserem ganzheitlichen Bereich<\/title>\n<meta name=\"description\" content=\"Das Hotel Maritan ist jetzt ein idealer Treffpunkt f\u00fcr Arbeit und Wellness, mit der Er\u00f6ffnung eines modernen und komfortablen ganzheitlichen Bereichs.\" \/>\n<meta name=\"robots\" content=\"index, follow, max-snippet:-1, max-image-preview:large, max-video-preview:-1\" \/>\n<link rel=\"canonical\" href=\"https:\/\/hotelmaritan.it\/de\/ganzheitlicher-bereich-und-turnhall\/\" \/>\n<meta property=\"og:locale\" content=\"de_DE\" \/>\n<meta property=\"og:type\" content=\"article\" \/>\n<meta property=\"og:title\" content=\"Kein Stress, verbringen Sie Zeit in unserem ganzheitlichen Bereich\" \/>\n<meta property=\"og:description\" content=\"Das Hotel Maritan ist jetzt ein idealer Treffpunkt f\u00fcr Arbeit und Wellness, mit der Er\u00f6ffnung eines modernen und komfortablen ganzheitlichen Bereichs.\" \/>\n<meta property=\"og:url\" content=\"https:\/\/hotelmaritan.it\/de\/ganzheitlicher-bereich-und-turnhall\/\" \/>\n<meta property=\"og:site_name\" content=\"Hotel Maritan Padova\" \/>\n<meta property=\"article:publisher\" content=\"https:\/\/www.facebook.com\/hotelmaritan\/\" \/>\n<meta property=\"article:modified_time\" content=\"2023-03-15T11:16:08+00:00\" \/>\n<meta property=\"og:image\" content=\"https:\/\/hotelmaritan.it\/wp-content\/uploads\/2023\/02\/piscina-spa.jpg\" \/>\n\t<meta property=\"og:image:width\" content=\"2560\" \/>\n\t<meta property=\"og:image:height\" content=\"1440\" \/>\n\t<meta property=\"og:image:type\" content=\"image\/jpeg\" \/>\n<meta name=\"twitter:card\" content=\"summary_large_image\" \/>\n<meta name=\"twitter:site\" content=\"@HotelMaritan\" \/>\n<meta name=\"twitter:label1\" content=\"Gesch\u00e4tzte Lesezeit\" \/>\n\t<meta name=\"twitter:data1\" content=\"4\u00a0Minuten\" \/>\n<script type=\"application\/ld+json\" class=\"yoast-schema-graph\">{\"@context\":\"https:\\\/\\\/schema.org\",\"@graph\":[{\"@type\":\"WebPage\",\"@id\":\"https:\\\/\\\/hotelmaritan.it\\\/de\\\/ganzheitlicher-bereich-und-turnhall\\\/\",\"url\":\"https:\\\/\\\/hotelmaritan.it\\\/de\\\/ganzheitlicher-bereich-und-turnhall\\\/\",\"name\":\"Kein Stress, verbringen Sie Zeit in unserem ganzheitlichen Bereich\",\"isPartOf\":{\"@id\":\"https:\\\/\\\/hotelmaritan.it\\\/de\\\/#website\"},\"primaryImageOfPage\":{\"@id\":\"https:\\\/\\\/hotelmaritan.it\\\/de\\\/ganzheitlicher-bereich-und-turnhall\\\/#primaryimage\"},\"image\":{\"@id\":\"https:\\\/\\\/hotelmaritan.it\\\/de\\\/ganzheitlicher-bereich-und-turnhall\\\/#primaryimage\"},\"thumbnailUrl\":\"https:\\\/\\\/hotelmaritan.it\\\/wp-content\\\/uploads\\\/2023\\\/02\\\/piscina-spa.jpg\",\"datePublished\":\"2023-01-18T14:48:10+00:00\",\"dateModified\":\"2023-03-15T11:16:08+00:00\",\"description\":\"Das Hotel Maritan ist jetzt ein idealer Treffpunkt f\u00fcr Arbeit und Wellness, mit der Er\u00f6ffnung eines modernen und komfortablen ganzheitlichen Bereichs.\",\"breadcrumb\":{\"@id\":\"https:\\\/\\\/hotelmaritan.it\\\/de\\\/ganzheitlicher-bereich-und-turnhall\\\/#breadcrumb\"},\"inLanguage\":\"de\",\"potentialAction\":[{\"@type\":\"ReadAction\",\"target\":[\"https:\\\/\\\/hotelmaritan.it\\\/de\\\/ganzheitlicher-bereich-und-turnhall\\\/\"]}]},{\"@type\":\"ImageObject\",\"inLanguage\":\"de\",\"@id\":\"https:\\\/\\\/hotelmaritan.it\\\/de\\\/ganzheitlicher-bereich-und-turnhall\\\/#primaryimage\",\"url\":\"https:\\\/\\\/hotelmaritan.it\\\/wp-content\\\/uploads\\\/2023\\\/02\\\/piscina-spa.jpg\",\"contentUrl\":\"https:\\\/\\\/hotelmaritan.it\\\/wp-content\\\/uploads\\\/2023\\\/02\\\/piscina-spa.jpg\",\"width\":2560,\"height\":1440},{\"@type\":\"BreadcrumbList\",\"@id\":\"https:\\\/\\\/hotelmaritan.it\\\/de\\\/ganzheitlicher-bereich-und-turnhall\\\/#breadcrumb\",\"itemListElement\":[{\"@type\":\"ListItem\",\"position\":1,\"name\":\"Home\",\"item\":\"https:\\\/\\\/hotelmaritan.it\\\/de\\\/\"},{\"@type\":\"ListItem\",\"position\":2,\"name\":\"Ganzheitlicher Bereich und Turnhall\"}]},{\"@type\":\"WebSite\",\"@id\":\"https:\\\/\\\/hotelmaritan.it\\\/de\\\/#website\",\"url\":\"https:\\\/\\\/hotelmaritan.it\\\/de\\\/\",\"name\":\"Hotel Maritan Padova\",\"description\":\"A Padova come essere a casa\",\"publisher\":{\"@id\":\"https:\\\/\\\/hotelmaritan.it\\\/de\\\/#organization\"},\"potentialAction\":[{\"@type\":\"SearchAction\",\"target\":{\"@type\":\"EntryPoint\",\"urlTemplate\":\"https:\\\/\\\/hotelmaritan.it\\\/de\\\/?s={search_term_string}\"},\"query-input\":{\"@type\":\"PropertyValueSpecification\",\"valueRequired\":true,\"valueName\":\"search_term_string\"}}],\"inLanguage\":\"de\"},{\"@type\":\"Organization\",\"@id\":\"https:\\\/\\\/hotelmaritan.it\\\/de\\\/#organization\",\"name\":\"Hotel Maritan Padua\",\"url\":\"https:\\\/\\\/hotelmaritan.it\\\/de\\\/\",\"logo\":{\"@type\":\"ImageObject\",\"inLanguage\":\"de\",\"@id\":\"https:\\\/\\\/hotelmaritan.it\\\/de\\\/#\\\/schema\\\/logo\\\/image\\\/\",\"url\":\"https:\\\/\\\/hotelmaritan.it\\\/wp-content\\\/uploads\\\/2022\\\/12\\\/logo-maritan.svg\",\"contentUrl\":\"https:\\\/\\\/hotelmaritan.it\\\/wp-content\\\/uploads\\\/2022\\\/12\\\/logo-maritan.svg\",\"width\":112,\"height\":67,\"caption\":\"Hotel Maritan Padua\"},\"image\":{\"@id\":\"https:\\\/\\\/hotelmaritan.it\\\/de\\\/#\\\/schema\\\/logo\\\/image\\\/\"},\"sameAs\":[\"https:\\\/\\\/www.facebook.com\\\/hotelmaritan\\\/\",\"https:\\\/\\\/x.com\\\/HotelMaritan\",\"https:\\\/\\\/www.instagram.com\\\/hotelmaritan\\\/?hl=it\",\"https:\\\/\\\/www.linkedin.com\\\/in\\\/hotel-maritan-padova-56ab2a63\\\/\"]}]}<\/script>\n<!-- \/ Yoast SEO plugin. -->","yoast_head_json":{"title":"Kein Stress, verbringen Sie Zeit in unserem ganzheitlichen Bereich","description":"Das Hotel Maritan ist jetzt ein idealer Treffpunkt f\u00fcr Arbeit und Wellness, mit der Er\u00f6ffnung eines modernen und komfortablen ganzheitlichen Bereichs.","robots":{"index":"index","follow":"follow","max-snippet":"max-snippet:-1","max-image-preview":"max-image-preview:large","max-video-preview":"max-video-preview:-1"},"canonical":"https:\/\/hotelmaritan.it\/de\/ganzheitlicher-bereich-und-turnhall\/","og_locale":"de_DE","og_type":"article","og_title":"Kein Stress, verbringen Sie Zeit in unserem ganzheitlichen Bereich","og_description":"Das Hotel Maritan ist jetzt ein idealer Treffpunkt f\u00fcr Arbeit und Wellness, mit der Er\u00f6ffnung eines modernen und komfortablen ganzheitlichen Bereichs.","og_url":"https:\/\/hotelmaritan.it\/de\/ganzheitlicher-bereich-und-turnhall\/","og_site_name":"Hotel Maritan Padova","article_publisher":"https:\/\/www.facebook.com\/hotelmaritan\/","article_modified_time":"2023-03-15T11:16:08+00:00","og_image":[{"width":2560,"height":1440,"url":"https:\/\/hotelmaritan.it\/wp-content\/uploads\/2023\/02\/piscina-spa.jpg","type":"image\/jpeg"}],"twitter_card":"summary_large_image","twitter_site":"@HotelMaritan","twitter_misc":{"Gesch\u00e4tzte Lesezeit":"4\u00a0Minuten"},"schema":{"@context":"https:\/\/schema.org","@graph":[{"@type":"WebPage","@id":"https:\/\/hotelmaritan.it\/de\/ganzheitlicher-bereich-und-turnhall\/","url":"https:\/\/hotelmaritan.it\/de\/ganzheitlicher-bereich-und-turnhall\/","name":"Kein Stress, verbringen Sie Zeit in unserem ganzheitlichen Bereich","isPartOf":{"@id":"https:\/\/hotelmaritan.it\/de\/#website"},"primaryImageOfPage":{"@id":"https:\/\/hotelmaritan.it\/de\/ganzheitlicher-bereich-und-turnhall\/#primaryimage"},"image":{"@id":"https:\/\/hotelmaritan.it\/de\/ganzheitlicher-bereich-und-turnhall\/#primaryimage"},"thumbnailUrl":"https:\/\/hotelmaritan.it\/wp-content\/uploads\/2023\/02\/piscina-spa.jpg","datePublished":"2023-01-18T14:48:10+00:00","dateModified":"2023-03-15T11:16:08+00:00","description":"Das Hotel Maritan ist jetzt ein idealer Treffpunkt f\u00fcr Arbeit und Wellness, mit der Er\u00f6ffnung eines modernen und komfortablen ganzheitlichen Bereichs.","breadcrumb":{"@id":"https:\/\/hotelmaritan.it\/de\/ganzheitlicher-bereich-und-turnhall\/#breadcrumb"},"inLanguage":"de","potentialAction":[{"@type":"ReadAction","target":["https:\/\/hotelmaritan.it\/de\/ganzheitlicher-bereich-und-turnhall\/"]}]},{"@type":"ImageObject","inLanguage":"de","@id":"https:\/\/hotelmaritan.it\/de\/ganzheitlicher-bereich-und-turnhall\/#primaryimage","url":"https:\/\/hotelmaritan.it\/wp-content\/uploads\/2023\/02\/piscina-spa.jpg","contentUrl":"https:\/\/hotelmaritan.it\/wp-content\/uploads\/2023\/02\/piscina-spa.jpg","width":2560,"height":1440},{"@type":"BreadcrumbList","@id":"https:\/\/hotelmaritan.it\/de\/ganzheitlicher-bereich-und-turnhall\/#breadcrumb","itemListElement":[{"@type":"ListItem","position":1,"name":"Home","item":"https:\/\/hotelmaritan.it\/de\/"},{"@type":"ListItem","position":2,"name":"Ganzheitlicher Bereich und Turnhall"}]},{"@type":"WebSite","@id":"https:\/\/hotelmaritan.it\/de\/#website","url":"https:\/\/hotelmaritan.it\/de\/","name":"Hotel Maritan Padova","description":"A Padova come essere a casa","publisher":{"@id":"https:\/\/hotelmaritan.it\/de\/#organization"},"potentialAction":[{"@type":"SearchAction","target":{"@type":"EntryPoint","urlTemplate":"https:\/\/hotelmaritan.it\/de\/?s={search_term_string}"},"query-input":{"@type":"PropertyValueSpecification","valueRequired":true,"valueName":"search_term_string"}}],"inLanguage":"de"},{"@type":"Organization","@id":"https:\/\/hotelmaritan.it\/de\/#organization","name":"Hotel Maritan Padua","url":"https:\/\/hotelmaritan.it\/de\/","logo":{"@type":"ImageObject","inLanguage":"de","@id":"https:\/\/hotelmaritan.it\/de\/#\/schema\/logo\/image\/","url":"https:\/\/hotelmaritan.it\/wp-content\/uploads\/2022\/12\/logo-maritan.svg","contentUrl":"https:\/\/hotelmaritan.it\/wp-content\/uploads\/2022\/12\/logo-maritan.svg","width":112,"height":67,"caption":"Hotel Maritan Padua"},"image":{"@id":"https:\/\/hotelmaritan.it\/de\/#\/schema\/logo\/image\/"},"sameAs":["https:\/\/www.facebook.com\/hotelmaritan\/","https:\/\/x.com\/HotelMaritan","https:\/\/www.instagram.com\/hotelmaritan\/?hl=it","https:\/\/www.linkedin.com\/in\/hotel-maritan-padova-56ab2a63\/"]}]}},"_links":{"self":[{"href":"https:\/\/hotelmaritan.it\/de\/wp-json\/wp\/v2\/pages\/1671","targetHints":{"allow":["GET"]}}],"collection":[{"href":"https:\/\/hotelmaritan.it\/de\/wp-json\/wp\/v2\/pages"}],"about":[{"href":"https:\/\/hotelmaritan.it\/de\/wp-json\/wp\/v2\/types\/page"}],"author":[{"embeddable":true,"href":"https:\/\/hotelmaritan.it\/de\/wp-json\/wp\/v2\/users\/1"}],"replies":[{"embeddable":true,"href":"https:\/\/hotelmaritan.it\/de\/wp-json\/wp\/v2\/comments?post=1671"}],"version-history":[{"count":4,"href":"https:\/\/hotelmaritan.it\/de\/wp-json\/wp\/v2\/pages\/1671\/revisions"}],"predecessor-version":[{"id":2004,"href":"https:\/\/hotelmaritan.it\/de\/wp-json\/wp\/v2\/pages\/1671\/revisions\/2004"}],"wp:featuredmedia":[{"embeddable":true,"href":"https:\/\/hotelmaritan.it\/de\/wp-json\/wp\/v2\/media\/456"}],"wp:attachment":[{"href":"https:\/\/hotelmaritan.it\/de\/wp-json\/wp\/v2\/media?parent=1671"}],"curies":[{"name":"wp","href":"https:\/\/api.w.org\/{rel}","templated":true}]}}