{"id":1665,"date":"2023-02-28T09:37:06","date_gmt":"2023-02-28T09:37:06","guid":{"rendered":"https:\/\/hotelmaritan.it\/bio-hotel\/"},"modified":"2023-03-09T09:35:08","modified_gmt":"2023-03-09T09:35:08","slug":"bio-hotel","status":"publish","type":"page","link":"https:\/\/hotelmaritan.it\/de\/bio-hotel\/","title":{"rendered":"Green Hotel"},"content":{"rendered":"\n<p>Wir haben gr\u00fcne Technologien eingef\u00fchrt, um die Auswirkungen des Hotels auf die Umwelt zu verringern und ein angenehmes G\u00e4steerlebnis zu gew\u00e4hrleisten.<br>Wir haben auf dem Parkplatz Ladestationen f\u00fcr die Elektrofahrzeuge unserer G\u00e4ste installiert, nutzen Solarthermie und Photovoltaikanlagen zur Stromversorgung des Hotels, haben elektronische Zimmerschl\u00fcssel eingef\u00fchrt, ein Blockheizkraftwerk zur effizienten Strom- und W\u00e4rmeerzeugung installiert und die Temperatur in den Zimmern mit Hilfe von Hausautomation geregelt.<br>Diese Technologien reduzieren den Energieverbrauch und die CO2-Emissionen des Hotels und bieten unseren G\u00e4sten einen umweltfreundlichen Aufenthalt.<\/p>\n\n\n\n<div class=\"wp-block-columns is-layout-flex wp-container-core-columns-is-layout-9d6595d7 wp-block-columns-is-layout-flex\">\n<div class=\"wp-block-column is-layout-flow wp-block-column-is-layout-flow\">\n<figure class=\"wp-block-image size-large\"><img loading=\"lazy\" decoding=\"async\" width=\"683\" height=\"1024\" src=\"https:\/\/hotelmaritan.it\/wp-content\/uploads\/2023\/02\/galleria_31-683x1024.jpg\" alt=\"\" class=\"wp-image-1439\" srcset=\"https:\/\/hotelmaritan.it\/wp-content\/uploads\/2023\/02\/galleria_31-683x1024.jpg 683w, https:\/\/hotelmaritan.it\/wp-content\/uploads\/2023\/02\/galleria_31-200x300.jpg 200w, https:\/\/hotelmaritan.it\/wp-content\/uploads\/2023\/02\/galleria_31-768x1152.jpg 768w, https:\/\/hotelmaritan.it\/wp-content\/uploads\/2023\/02\/galleria_31-1024x1536.jpg 1024w, https:\/\/hotelmaritan.it\/wp-content\/uploads\/2023\/02\/galleria_31-1365x2048.jpg 1365w, https:\/\/hotelmaritan.it\/wp-content\/uploads\/2023\/02\/galleria_31-scaled.jpg 1707w\" sizes=\"auto, (max-width: 683px) 100vw, 683px\" \/><\/figure>\n<\/div>\n\n\n\n<div class=\"wp-block-column is-layout-flow wp-block-column-is-layout-flow\">\n<figure class=\"wp-block-image size-large\"><img loading=\"lazy\" decoding=\"async\" width=\"683\" height=\"1024\" src=\"https:\/\/hotelmaritan.it\/wp-content\/uploads\/2023\/02\/galleria_2-683x1024.jpg\" alt=\"\" class=\"wp-image-1323\" srcset=\"https:\/\/hotelmaritan.it\/wp-content\/uploads\/2023\/02\/galleria_2-683x1024.jpg 683w, https:\/\/hotelmaritan.it\/wp-content\/uploads\/2023\/02\/galleria_2-200x300.jpg 200w, https:\/\/hotelmaritan.it\/wp-content\/uploads\/2023\/02\/galleria_2-768x1152.jpg 768w, https:\/\/hotelmaritan.it\/wp-content\/uploads\/2023\/02\/galleria_2-1024x1536.jpg 1024w, https:\/\/hotelmaritan.it\/wp-content\/uploads\/2023\/02\/galleria_2-1365x2048.jpg 1365w, https:\/\/hotelmaritan.it\/wp-content\/uploads\/2023\/02\/galleria_2.jpg 1634w\" sizes=\"auto, (max-width: 683px) 100vw, 683px\" \/><\/figure>\n<\/div>\n\n\n\n<div class=\"wp-block-column is-layout-flow wp-block-column-is-layout-flow\">\n<figure class=\"wp-block-image size-large\"><img loading=\"lazy\" decoding=\"async\" width=\"683\" height=\"1024\" src=\"https:\/\/hotelmaritan.it\/wp-content\/uploads\/2023\/03\/DSC09323-683x1024.jpg\" alt=\"\" class=\"wp-image-1661\" srcset=\"https:\/\/hotelmaritan.it\/wp-content\/uploads\/2023\/03\/DSC09323-683x1024.jpg 683w, https:\/\/hotelmaritan.it\/wp-content\/uploads\/2023\/03\/DSC09323-200x300.jpg 200w, https:\/\/hotelmaritan.it\/wp-content\/uploads\/2023\/03\/DSC09323-768x1152.jpg 768w, https:\/\/hotelmaritan.it\/wp-content\/uploads\/2023\/03\/DSC09323-1024x1536.jpg 1024w, https:\/\/hotelmaritan.it\/wp-content\/uploads\/2023\/03\/DSC09323-1365x2048.jpg 1365w, https:\/\/hotelmaritan.it\/wp-content\/uploads\/2023\/03\/DSC09323-scaled.jpg 1707w\" sizes=\"auto, (max-width: 683px) 100vw, 683px\" \/><\/figure>\n<\/div>\n\n\n\n<div class=\"wp-block-column is-layout-flow wp-block-column-is-layout-flow\">\n<figure class=\"wp-block-image size-large\"><img loading=\"lazy\" decoding=\"async\" width=\"683\" height=\"1024\" src=\"https:\/\/hotelmaritan.it\/wp-content\/uploads\/2023\/03\/domotica-ingresso-683x1024.jpg\" alt=\"\" class=\"wp-image-1854\" srcset=\"https:\/\/hotelmaritan.it\/wp-content\/uploads\/2023\/03\/domotica-ingresso-683x1024.jpg 683w, https:\/\/hotelmaritan.it\/wp-content\/uploads\/2023\/03\/domotica-ingresso-200x300.jpg 200w, https:\/\/hotelmaritan.it\/wp-content\/uploads\/2023\/03\/domotica-ingresso-768x1152.jpg 768w, https:\/\/hotelmaritan.it\/wp-content\/uploads\/2023\/03\/domotica-ingresso-1024x1536.jpg 1024w, https:\/\/hotelmaritan.it\/wp-content\/uploads\/2023\/03\/domotica-ingresso-1365x2048.jpg 1365w, https:\/\/hotelmaritan.it\/wp-content\/uploads\/2023\/03\/domotica-ingresso.jpg 1707w\" sizes=\"auto, (max-width: 683px) 100vw, 683px\" \/><\/figure>\n<\/div>\n<\/div>\n\n\n\n<div class=\"wp-block-columns is-layout-flex wp-container-core-columns-is-layout-9d6595d7 wp-block-columns-is-layout-flex\">\n<div class=\"wp-block-column is-layout-flow wp-block-column-is-layout-flow\">\n<figure class=\"wp-block-image size-large\"><img loading=\"lazy\" decoding=\"async\" width=\"1024\" height=\"908\" src=\"https:\/\/hotelmaritan.it\/wp-content\/uploads\/2023\/03\/hotel-maritna-pannelli-1024x908.jpg\" alt=\"\" class=\"wp-image-1859\" srcset=\"https:\/\/hotelmaritan.it\/wp-content\/uploads\/2023\/03\/hotel-maritna-pannelli-1024x908.jpg 1024w, https:\/\/hotelmaritan.it\/wp-content\/uploads\/2023\/03\/hotel-maritna-pannelli-300x266.jpg 300w, https:\/\/hotelmaritan.it\/wp-content\/uploads\/2023\/03\/hotel-maritna-pannelli-768x681.jpg 768w, https:\/\/hotelmaritan.it\/wp-content\/uploads\/2023\/03\/hotel-maritna-pannelli-1536x1362.jpg 1536w, https:\/\/hotelmaritan.it\/wp-content\/uploads\/2023\/03\/hotel-maritna-pannelli.jpg 1725w\" sizes=\"auto, (max-width: 1024px) 100vw, 1024px\" \/><\/figure>\n<\/div>\n<\/div>\n","protected":false},"excerpt":{"rendered":"<p>Wir haben gr\u00fcne Technologien eingef\u00fchrt, um die Auswirkungen des Hotels auf die Umwelt zu verringern und ein angenehmes G\u00e4steerlebnis zu gew\u00e4hrleisten.Wir haben auf dem Parkplatz Ladestationen f\u00fcr die Elektrofahrzeuge unserer G\u00e4ste installiert, nutzen Solarthermie und Photovoltaikanlagen zur Stromversorgung des Hotels, haben elektronische Zimmerschl\u00fcssel eingef\u00fchrt, ein Blockheizkraftwerk zur effizienten Strom- und W\u00e4rmeerzeugung installiert und die Temperatur [&hellip;]<\/p>\n","protected":false},"author":1,"featured_media":0,"parent":0,"menu_order":0,"comment_status":"closed","ping_status":"closed","template":"","meta":{"_acf_changed":false,"footnotes":""},"class_list":["post-1665","page","type-page","status-publish","hentry"],"acf":[],"yoast_head":"<!-- This site is optimized with the Yoast SEO plugin v27.3 - https:\/\/yoast.com\/product\/yoast-seo-wordpress\/ -->\n<title>Green Hotel - Hotel Maritan Padova<\/title>\n<meta name=\"robots\" content=\"index, follow, max-snippet:-1, max-image-preview:large, max-video-preview:-1\" \/>\n<link rel=\"canonical\" href=\"https:\/\/hotelmaritan.it\/de\/bio-hotel\/\" \/>\n<meta property=\"og:locale\" content=\"de_DE\" \/>\n<meta property=\"og:type\" content=\"article\" \/>\n<meta property=\"og:title\" content=\"Green Hotel - Hotel Maritan Padova\" \/>\n<meta property=\"og:description\" content=\"Wir haben gr\u00fcne Technologien eingef\u00fchrt, um die Auswirkungen des Hotels auf die Umwelt zu verringern und ein angenehmes G\u00e4steerlebnis zu gew\u00e4hrleisten.Wir haben auf dem Parkplatz Ladestationen f\u00fcr die Elektrofahrzeuge unserer G\u00e4ste installiert, nutzen Solarthermie und Photovoltaikanlagen zur Stromversorgung des Hotels, haben elektronische Zimmerschl\u00fcssel eingef\u00fchrt, ein Blockheizkraftwerk zur effizienten Strom- und W\u00e4rmeerzeugung installiert und die Temperatur [&hellip;]\" \/>\n<meta property=\"og:url\" content=\"https:\/\/hotelmaritan.it\/de\/bio-hotel\/\" \/>\n<meta property=\"og:site_name\" content=\"Hotel Maritan Padova\" \/>\n<meta property=\"article:publisher\" content=\"https:\/\/www.facebook.com\/hotelmaritan\/\" \/>\n<meta property=\"article:modified_time\" content=\"2023-03-09T09:35:08+00:00\" \/>\n<meta property=\"og:image\" content=\"https:\/\/hotelmaritan.it\/wp-content\/uploads\/2023\/02\/galleria_31-683x1024.jpg\" \/>\n<meta name=\"twitter:card\" content=\"summary_large_image\" \/>\n<meta name=\"twitter:site\" content=\"@HotelMaritan\" \/>\n<meta name=\"twitter:label1\" content=\"Gesch\u00e4tzte Lesezeit\" \/>\n\t<meta name=\"twitter:data1\" content=\"2\u00a0Minuten\" \/>\n<script type=\"application\/ld+json\" class=\"yoast-schema-graph\">{\"@context\":\"https:\\\/\\\/schema.org\",\"@graph\":[{\"@type\":\"WebPage\",\"@id\":\"https:\\\/\\\/hotelmaritan.it\\\/de\\\/bio-hotel\\\/\",\"url\":\"https:\\\/\\\/hotelmaritan.it\\\/de\\\/bio-hotel\\\/\",\"name\":\"Green Hotel - Hotel Maritan Padova\",\"isPartOf\":{\"@id\":\"https:\\\/\\\/hotelmaritan.it\\\/de\\\/#website\"},\"primaryImageOfPage\":{\"@id\":\"https:\\\/\\\/hotelmaritan.it\\\/de\\\/bio-hotel\\\/#primaryimage\"},\"image\":{\"@id\":\"https:\\\/\\\/hotelmaritan.it\\\/de\\\/bio-hotel\\\/#primaryimage\"},\"thumbnailUrl\":\"https:\\\/\\\/hotelmaritan.it\\\/wp-content\\\/uploads\\\/2023\\\/02\\\/galleria_31-683x1024.jpg\",\"datePublished\":\"2023-02-28T09:37:06+00:00\",\"dateModified\":\"2023-03-09T09:35:08+00:00\",\"breadcrumb\":{\"@id\":\"https:\\\/\\\/hotelmaritan.it\\\/de\\\/bio-hotel\\\/#breadcrumb\"},\"inLanguage\":\"de\",\"potentialAction\":[{\"@type\":\"ReadAction\",\"target\":[\"https:\\\/\\\/hotelmaritan.it\\\/de\\\/bio-hotel\\\/\"]}]},{\"@type\":\"ImageObject\",\"inLanguage\":\"de\",\"@id\":\"https:\\\/\\\/hotelmaritan.it\\\/de\\\/bio-hotel\\\/#primaryimage\",\"url\":\"https:\\\/\\\/hotelmaritan.it\\\/wp-content\\\/uploads\\\/2023\\\/02\\\/galleria_31-683x1024.jpg\",\"contentUrl\":\"https:\\\/\\\/hotelmaritan.it\\\/wp-content\\\/uploads\\\/2023\\\/02\\\/galleria_31-683x1024.jpg\"},{\"@type\":\"BreadcrumbList\",\"@id\":\"https:\\\/\\\/hotelmaritan.it\\\/de\\\/bio-hotel\\\/#breadcrumb\",\"itemListElement\":[{\"@type\":\"ListItem\",\"position\":1,\"name\":\"Home\",\"item\":\"https:\\\/\\\/hotelmaritan.it\\\/de\\\/\"},{\"@type\":\"ListItem\",\"position\":2,\"name\":\"Green Hotel\"}]},{\"@type\":\"WebSite\",\"@id\":\"https:\\\/\\\/hotelmaritan.it\\\/de\\\/#website\",\"url\":\"https:\\\/\\\/hotelmaritan.it\\\/de\\\/\",\"name\":\"Hotel Maritan Padova\",\"description\":\"A Padova come essere a casa\",\"publisher\":{\"@id\":\"https:\\\/\\\/hotelmaritan.it\\\/de\\\/#organization\"},\"potentialAction\":[{\"@type\":\"SearchAction\",\"target\":{\"@type\":\"EntryPoint\",\"urlTemplate\":\"https:\\\/\\\/hotelmaritan.it\\\/de\\\/?s={search_term_string}\"},\"query-input\":{\"@type\":\"PropertyValueSpecification\",\"valueRequired\":true,\"valueName\":\"search_term_string\"}}],\"inLanguage\":\"de\"},{\"@type\":\"Organization\",\"@id\":\"https:\\\/\\\/hotelmaritan.it\\\/de\\\/#organization\",\"name\":\"Hotel Maritan Padua\",\"url\":\"https:\\\/\\\/hotelmaritan.it\\\/de\\\/\",\"logo\":{\"@type\":\"ImageObject\",\"inLanguage\":\"de\",\"@id\":\"https:\\\/\\\/hotelmaritan.it\\\/de\\\/#\\\/schema\\\/logo\\\/image\\\/\",\"url\":\"https:\\\/\\\/hotelmaritan.it\\\/wp-content\\\/uploads\\\/2022\\\/12\\\/logo-maritan.svg\",\"contentUrl\":\"https:\\\/\\\/hotelmaritan.it\\\/wp-content\\\/uploads\\\/2022\\\/12\\\/logo-maritan.svg\",\"width\":112,\"height\":67,\"caption\":\"Hotel Maritan Padua\"},\"image\":{\"@id\":\"https:\\\/\\\/hotelmaritan.it\\\/de\\\/#\\\/schema\\\/logo\\\/image\\\/\"},\"sameAs\":[\"https:\\\/\\\/www.facebook.com\\\/hotelmaritan\\\/\",\"https:\\\/\\\/x.com\\\/HotelMaritan\",\"https:\\\/\\\/www.instagram.com\\\/hotelmaritan\\\/?hl=it\",\"https:\\\/\\\/www.linkedin.com\\\/in\\\/hotel-maritan-padova-56ab2a63\\\/\"]}]}<\/script>\n<!-- \/ Yoast SEO plugin. -->","yoast_head_json":{"title":"Green Hotel - Hotel Maritan Padova","robots":{"index":"index","follow":"follow","max-snippet":"max-snippet:-1","max-image-preview":"max-image-preview:large","max-video-preview":"max-video-preview:-1"},"canonical":"https:\/\/hotelmaritan.it\/de\/bio-hotel\/","og_locale":"de_DE","og_type":"article","og_title":"Green Hotel - Hotel Maritan Padova","og_description":"Wir haben gr\u00fcne Technologien eingef\u00fchrt, um die Auswirkungen des Hotels auf die Umwelt zu verringern und ein angenehmes G\u00e4steerlebnis zu gew\u00e4hrleisten.Wir haben auf dem Parkplatz Ladestationen f\u00fcr die Elektrofahrzeuge unserer G\u00e4ste installiert, nutzen Solarthermie und Photovoltaikanlagen zur Stromversorgung des Hotels, haben elektronische Zimmerschl\u00fcssel eingef\u00fchrt, ein Blockheizkraftwerk zur effizienten Strom- und W\u00e4rmeerzeugung installiert und die Temperatur [&hellip;]","og_url":"https:\/\/hotelmaritan.it\/de\/bio-hotel\/","og_site_name":"Hotel Maritan Padova","article_publisher":"https:\/\/www.facebook.com\/hotelmaritan\/","article_modified_time":"2023-03-09T09:35:08+00:00","og_image":[{"url":"https:\/\/hotelmaritan.it\/wp-content\/uploads\/2023\/02\/galleria_31-683x1024.jpg","type":"","width":"","height":""}],"twitter_card":"summary_large_image","twitter_site":"@HotelMaritan","twitter_misc":{"Gesch\u00e4tzte Lesezeit":"2\u00a0Minuten"},"schema":{"@context":"https:\/\/schema.org","@graph":[{"@type":"WebPage","@id":"https:\/\/hotelmaritan.it\/de\/bio-hotel\/","url":"https:\/\/hotelmaritan.it\/de\/bio-hotel\/","name":"Green Hotel - Hotel Maritan Padova","isPartOf":{"@id":"https:\/\/hotelmaritan.it\/de\/#website"},"primaryImageOfPage":{"@id":"https:\/\/hotelmaritan.it\/de\/bio-hotel\/#primaryimage"},"image":{"@id":"https:\/\/hotelmaritan.it\/de\/bio-hotel\/#primaryimage"},"thumbnailUrl":"https:\/\/hotelmaritan.it\/wp-content\/uploads\/2023\/02\/galleria_31-683x1024.jpg","datePublished":"2023-02-28T09:37:06+00:00","dateModified":"2023-03-09T09:35:08+00:00","breadcrumb":{"@id":"https:\/\/hotelmaritan.it\/de\/bio-hotel\/#breadcrumb"},"inLanguage":"de","potentialAction":[{"@type":"ReadAction","target":["https:\/\/hotelmaritan.it\/de\/bio-hotel\/"]}]},{"@type":"ImageObject","inLanguage":"de","@id":"https:\/\/hotelmaritan.it\/de\/bio-hotel\/#primaryimage","url":"https:\/\/hotelmaritan.it\/wp-content\/uploads\/2023\/02\/galleria_31-683x1024.jpg","contentUrl":"https:\/\/hotelmaritan.it\/wp-content\/uploads\/2023\/02\/galleria_31-683x1024.jpg"},{"@type":"BreadcrumbList","@id":"https:\/\/hotelmaritan.it\/de\/bio-hotel\/#breadcrumb","itemListElement":[{"@type":"ListItem","position":1,"name":"Home","item":"https:\/\/hotelmaritan.it\/de\/"},{"@type":"ListItem","position":2,"name":"Green Hotel"}]},{"@type":"WebSite","@id":"https:\/\/hotelmaritan.it\/de\/#website","url":"https:\/\/hotelmaritan.it\/de\/","name":"Hotel Maritan Padova","description":"A Padova come essere a casa","publisher":{"@id":"https:\/\/hotelmaritan.it\/de\/#organization"},"potentialAction":[{"@type":"SearchAction","target":{"@type":"EntryPoint","urlTemplate":"https:\/\/hotelmaritan.it\/de\/?s={search_term_string}"},"query-input":{"@type":"PropertyValueSpecification","valueRequired":true,"valueName":"search_term_string"}}],"inLanguage":"de"},{"@type":"Organization","@id":"https:\/\/hotelmaritan.it\/de\/#organization","name":"Hotel Maritan Padua","url":"https:\/\/hotelmaritan.it\/de\/","logo":{"@type":"ImageObject","inLanguage":"de","@id":"https:\/\/hotelmaritan.it\/de\/#\/schema\/logo\/image\/","url":"https:\/\/hotelmaritan.it\/wp-content\/uploads\/2022\/12\/logo-maritan.svg","contentUrl":"https:\/\/hotelmaritan.it\/wp-content\/uploads\/2022\/12\/logo-maritan.svg","width":112,"height":67,"caption":"Hotel Maritan Padua"},"image":{"@id":"https:\/\/hotelmaritan.it\/de\/#\/schema\/logo\/image\/"},"sameAs":["https:\/\/www.facebook.com\/hotelmaritan\/","https:\/\/x.com\/HotelMaritan","https:\/\/www.instagram.com\/hotelmaritan\/?hl=it","https:\/\/www.linkedin.com\/in\/hotel-maritan-padova-56ab2a63\/"]}]}},"_links":{"self":[{"href":"https:\/\/hotelmaritan.it\/de\/wp-json\/wp\/v2\/pages\/1665","targetHints":{"allow":["GET"]}}],"collection":[{"href":"https:\/\/hotelmaritan.it\/de\/wp-json\/wp\/v2\/pages"}],"about":[{"href":"https:\/\/hotelmaritan.it\/de\/wp-json\/wp\/v2\/types\/page"}],"author":[{"embeddable":true,"href":"https:\/\/hotelmaritan.it\/de\/wp-json\/wp\/v2\/users\/1"}],"replies":[{"embeddable":true,"href":"https:\/\/hotelmaritan.it\/de\/wp-json\/wp\/v2\/comments?post=1665"}],"version-history":[{"count":2,"href":"https:\/\/hotelmaritan.it\/de\/wp-json\/wp\/v2\/pages\/1665\/revisions"}],"predecessor-version":[{"id":1941,"href":"https:\/\/hotelmaritan.it\/de\/wp-json\/wp\/v2\/pages\/1665\/revisions\/1941"}],"wp:attachment":[{"href":"https:\/\/hotelmaritan.it\/de\/wp-json\/wp\/v2\/media?parent=1665"}],"curies":[{"name":"wp","href":"https:\/\/api.w.org\/{rel}","templated":true}]}}